{"id":76557,"date":"2022-07-27T14:45:40","date_gmt":"2022-07-27T13:45:40","guid":{"rendered":"https:\/\/cigarquality.com\/?post_type=product&#038;p=76557"},"modified":"2026-01-05T09:43:29","modified_gmt":"2026-01-05T08:43:29","slug":"flor-de-copan-perla-25","status":"publish","type":"product","link":"https:\/\/cigarquality.com\/en\/boutique\/cigares-honduriens\/flor-de-copan\/flor-de-copan-perla-25\/","title":{"rendered":"Flor De Copan Perla (25)"},"content":{"rendered":"<p><span data-sheets-value=\"{&quot;1&quot;:2,&quot;2&quot;:&quot;Le Flor de Copan Perla est un cigare tr\u00e8s sp\u00e9cial. Avec son \u00e9l\u00e9gante bague et son \u00e9tui en bois de c\u00e8dre, il attire tous les regards. Il a \u00e9t\u00e9 roul\u00e9 de fa\u00e7on serr\u00e9e et r\u00e9guli\u00e8re et est donc tr\u00e8s agr\u00e9able \u00e0 tenir. nnLe cigare Flor De Copan Perla mesure 102mm de longueur pour 15,8mm de diam\u00e8tre (bague 40). Il vous faudra 25 minutes pour d\u00e9guster ce cigare.nnApr\u00e8s l'allumage, des ar\u00f4mes de bois cr\u00e9meux se manifestent. Des saveurs sucr\u00e9es et de noix viennent s'ajouter au fil du temps, ainsi que des notes de cuir, de terre et de caf\u00e9. Ce cigare reste merveilleusement doux pendant la quasi-totalit\u00e9 du processus de fumage, mais impressionne toujours par sa densit\u00e9 aromatique et son cors\u00e9. &quot;}\" data-sheets-userformat=\"{&quot;2&quot;:15357,&quot;3&quot;:{&quot;1&quot;:0},&quot;5&quot;:{&quot;1&quot;:[{&quot;1&quot;:2,&quot;2&quot;:0,&quot;5&quot;:{&quot;1&quot;:2,&quot;2&quot;:0}},{&quot;1&quot;:0,&quot;2&quot;:0,&quot;3&quot;:3},{&quot;1&quot;:1,&quot;2&quot;:0,&quot;4&quot;:1}]},&quot;6&quot;:{&quot;1&quot;:[{&quot;1&quot;:2,&quot;2&quot;:0,&quot;5&quot;:{&quot;1&quot;:2,&quot;2&quot;:0}},{&quot;1&quot;:0,&quot;2&quot;:0,&quot;3&quot;:3},{&quot;1&quot;:1,&quot;2&quot;:0,&quot;4&quot;:1}]},&quot;7&quot;:{&quot;1&quot;:[{&quot;1&quot;:2,&quot;2&quot;:0,&quot;5&quot;:{&quot;1&quot;:2,&quot;2&quot;:0}},{&quot;1&quot;:0,&quot;2&quot;:0,&quot;3&quot;:3},{&quot;1&quot;:1,&quot;2&quot;:0,&quot;4&quot;:1}]},&quot;8&quot;:{&quot;1&quot;:[{&quot;1&quot;:2,&quot;2&quot;:0,&quot;5&quot;:{&quot;1&quot;:2,&quot;2&quot;:0}},{&quot;1&quot;:0,&quot;2&quot;:0,&quot;3&quot;:3},{&quot;1&quot;:1,&quot;2&quot;:0,&quot;4&quot;:1}]},&quot;9&quot;:0,&quot;10&quot;:1,&quot;11&quot;:4,&quot;12&quot;:0,&quot;14&quot;:{&quot;1&quot;:2,&quot;2&quot;:0},&quot;15&quot;:&quot;Calibri&quot;,&quot;16&quot;:10}\">Le Flor de Copan Perla est un cigare tr\u00e8s sp\u00e9cial. Avec son \u00e9l\u00e9gante bague et son \u00e9tui en bois de c\u00e8dre, il attire tous les regards. Il a \u00e9t\u00e9 roul\u00e9 de fa\u00e7on serr\u00e9e et r\u00e9guli\u00e8re et est donc tr\u00e8s agr\u00e9able \u00e0 tenir. <\/span><\/p>\n<p>Le cigare Flor De Copan Perla mesure 102mm de longueur pour 15,8mm de diam\u00e8tre (bague 40). Il vous faudra 25 minutes pour d\u00e9guster ce cigare.<\/p>\n<p>Apr\u00e8s l&rsquo;allumage, des ar\u00f4mes de bois cr\u00e9meux se manifestent. Des saveurs sucr\u00e9es et de noix viennent s&rsquo;ajouter au fil du temps, ainsi que des notes de cuir, de terre et de caf\u00e9. Ce cigare reste merveilleusement doux pendant la quasi-totalit\u00e9 du processus de fumage, mais impressionne toujours par sa densit\u00e9 aromatique et son cors\u00e9.<\/p>\n","protected":false},"excerpt":{"rendered":"<p>Box of 25 cigars.<\/p>","protected":false},"featured_media":76554,"template":"","meta":{"_acf_changed":false},"product_brand":[],"product_cat":[19809,24947,40223],"product_tag":[],"class_list":{"0":"post-76557","1":"product","2":"type-product","3":"status-publish","4":"has-post-thumbnail","6":"product_cat-cigares","7":"product_cat-cigares-honduriens","8":"product_cat-flor-de-copan","9":"product_shipping_class-cigares","11":"first","12":"instock","13":"taxable","14":"shipping-taxable","15":"purchasable","16":"product-type-simple"},"acf":[],"_links":{"self":[{"href":"https:\/\/cigarquality.com\/en\/wp-json\/wp\/v2\/product\/76557","targetHints":{"allow":["GET"]}}],"collection":[{"href":"https:\/\/cigarquality.com\/en\/wp-json\/wp\/v2\/product"}],"about":[{"href":"https:\/\/cigarquality.com\/en\/wp-json\/wp\/v2\/types\/product"}],"wp:featuredmedia":[{"embeddable":true,"href":"https:\/\/cigarquality.com\/en\/wp-json\/wp\/v2\/media\/76554"}],"wp:attachment":[{"href":"https:\/\/cigarquality.com\/en\/wp-json\/wp\/v2\/media?parent=76557"}],"wp:term":[{"taxonomy":"product_brand","embeddable":true,"href":"https:\/\/cigarquality.com\/en\/wp-json\/wp\/v2\/product_brand?post=76557"},{"taxonomy":"product_cat","embeddable":true,"href":"https:\/\/cigarquality.com\/en\/wp-json\/wp\/v2\/product_cat?post=76557"},{"taxonomy":"product_tag","embeddable":true,"href":"https:\/\/cigarquality.com\/en\/wp-json\/wp\/v2\/product_tag?post=76557"}],"curies":[{"name":"wp","href":"https:\/\/api.w.org\/{rel}","templated":true}]}}