{"id":76524,"date":"2022-07-27T13:26:08","date_gmt":"2022-07-27T11:26:08","guid":{"rendered":"https:\/\/cigarquality.com\/?post_type=product&#038;p=76524"},"modified":"2025-12-12T14:45:21","modified_gmt":"2025-12-12T13:45:21","slug":"macanudo-connecticut-ascot-10","status":"publish","type":"product","link":"https:\/\/cigarquality.com\/en\/boutique\/cigares-dominicains\/macanudo\/macanudo-connecticut-ascot-10\/","title":{"rendered":"Macanudo Connecticut Ascot (10)"},"content":{"rendered":"<p><span data-sheets-value=\"{&quot;1&quot;:2,&quot;2&quot;:&quot;Le Macanudo Connecticut Ascot est un cigarillo parfaitement \u00e9quilibr\u00e9 et doux. Il est simple et g\u00e2te le fumeur avec de fins ar\u00f4mes de chocolat et de caf\u00e9. La fum\u00e9e douce et cr\u00e9meuse s'harmonise avec cela. Un tr\u00e8s bon cigarillo pour le d\u00e9butant comme pour le fumeur exp\u00e9riment\u00e9.nnCe Macanudo Connecticut Ascot au module Short Panatela mesure 105 mm de longueur pour 13 mm de diam\u00e8tre (bague 32) et n\u00e9cessitera environ 25 minutes pour \u00eatre d\u00e9guster convenablement.nnLes origines de Macanudo remontent au 19e si\u00e8cle lorsque de nombreux Cubains ont \u00e9migr\u00e9 en Jama\u00efque. Vers 1940, Macanudo est utilis\u00e9 pour la premi\u00e8re fois comme appellation de format et la marque prend son v\u00e9ritable essor en 1968 apr\u00e8s sa vente \u00e0 General Cigar. Dans les ann\u00e9es 1990, la production a \u00e9t\u00e9 d\u00e9localis\u00e9e de la Jama\u00efque vers la R\u00e9publique dominicaine.nnMacanudo a \u00e9t\u00e9 la marque la plus vendue aux \u00c9tats-Unis au cours des 20 derni\u00e8res ann\u00e9es.&quot;}\" data-sheets-userformat=\"{&quot;2&quot;:15357,&quot;3&quot;:{&quot;1&quot;:0},&quot;5&quot;:{&quot;1&quot;:[{&quot;1&quot;:2,&quot;2&quot;:0,&quot;5&quot;:{&quot;1&quot;:2,&quot;2&quot;:0}},{&quot;1&quot;:0,&quot;2&quot;:0,&quot;3&quot;:3},{&quot;1&quot;:1,&quot;2&quot;:0,&quot;4&quot;:1}]},&quot;6&quot;:{&quot;1&quot;:[{&quot;1&quot;:2,&quot;2&quot;:0,&quot;5&quot;:{&quot;1&quot;:2,&quot;2&quot;:0}},{&quot;1&quot;:0,&quot;2&quot;:0,&quot;3&quot;:3},{&quot;1&quot;:1,&quot;2&quot;:0,&quot;4&quot;:1}]},&quot;7&quot;:{&quot;1&quot;:[{&quot;1&quot;:2,&quot;2&quot;:0,&quot;5&quot;:{&quot;1&quot;:2,&quot;2&quot;:0}},{&quot;1&quot;:0,&quot;2&quot;:0,&quot;3&quot;:3},{&quot;1&quot;:1,&quot;2&quot;:0,&quot;4&quot;:1}]},&quot;8&quot;:{&quot;1&quot;:[{&quot;1&quot;:2,&quot;2&quot;:0,&quot;5&quot;:{&quot;1&quot;:2,&quot;2&quot;:0}},{&quot;1&quot;:0,&quot;2&quot;:0,&quot;3&quot;:3},{&quot;1&quot;:1,&quot;2&quot;:0,&quot;4&quot;:1}]},&quot;9&quot;:0,&quot;10&quot;:1,&quot;11&quot;:4,&quot;12&quot;:0,&quot;14&quot;:{&quot;1&quot;:2,&quot;2&quot;:0},&quot;15&quot;:&quot;Calibri&quot;,&quot;16&quot;:10}\">Le Macanudo Connecticut Ascot est un cigarillo parfaitement \u00e9quilibr\u00e9 et doux. Il est simple et g\u00e2te le fumeur avec de fins ar\u00f4mes de chocolat et de caf\u00e9. La fum\u00e9e douce et cr\u00e9meuse s&rsquo;harmonise avec cela. Un tr\u00e8s bon cigarillo pour le d\u00e9butant comme pour le fumeur exp\u00e9riment\u00e9.<\/span><\/p>\n<p>Ce Macanudo Connecticut Ascot au module Short Panatela mesure 105 mm de longueur pour 13 mm de diam\u00e8tre (bague 32) et n\u00e9cessitera environ 25 minutes pour \u00eatre d\u00e9guster convenablement.<\/p>\n<p>Les origines de Macanudo remontent au 19e si\u00e8cle lorsque de nombreux Cubains ont \u00e9migr\u00e9 en Jama\u00efque. Vers 1940, Macanudo est utilis\u00e9 pour la premi\u00e8re fois comme appellation de format et la marque prend son v\u00e9ritable essor en 1968 apr\u00e8s sa vente \u00e0 General Cigar. Dans les ann\u00e9es 1990, la production a \u00e9t\u00e9 d\u00e9localis\u00e9e de la Jama\u00efque vers la R\u00e9publique dominicaine.<\/p>\n<p>Macanudo a \u00e9t\u00e9 la marque la plus vendue aux \u00c9tats-Unis au cours des 20 derni\u00e8res ann\u00e9es.<\/p>\n","protected":false},"excerpt":{"rendered":"<p>Box of 10 cigars.<\/p>","protected":false},"featured_media":76522,"template":"","meta":{"_acf_changed":false},"product_brand":[],"product_cat":[19809,19812,39791],"product_tag":[],"class_list":{"0":"post-76524","1":"product","2":"type-product","3":"status-publish","4":"has-post-thumbnail","6":"product_cat-cigares","7":"product_cat-cigares-dominicains","8":"product_cat-macanudo","9":"product_shipping_class-cigares","11":"first","12":"instock","13":"taxable","14":"shipping-taxable","15":"purchasable","16":"product-type-simple"},"acf":[],"_links":{"self":[{"href":"https:\/\/cigarquality.com\/en\/wp-json\/wp\/v2\/product\/76524","targetHints":{"allow":["GET"]}}],"collection":[{"href":"https:\/\/cigarquality.com\/en\/wp-json\/wp\/v2\/product"}],"about":[{"href":"https:\/\/cigarquality.com\/en\/wp-json\/wp\/v2\/types\/product"}],"wp:featuredmedia":[{"embeddable":true,"href":"https:\/\/cigarquality.com\/en\/wp-json\/wp\/v2\/media\/76522"}],"wp:attachment":[{"href":"https:\/\/cigarquality.com\/en\/wp-json\/wp\/v2\/media?parent=76524"}],"wp:term":[{"taxonomy":"product_brand","embeddable":true,"href":"https:\/\/cigarquality.com\/en\/wp-json\/wp\/v2\/product_brand?post=76524"},{"taxonomy":"product_cat","embeddable":true,"href":"https:\/\/cigarquality.com\/en\/wp-json\/wp\/v2\/product_cat?post=76524"},{"taxonomy":"product_tag","embeddable":true,"href":"https:\/\/cigarquality.com\/en\/wp-json\/wp\/v2\/product_tag?post=76524"}],"curies":[{"name":"wp","href":"https:\/\/api.w.org\/{rel}","templated":true}]}}