{"id":76455,"date":"2022-07-27T10:50:17","date_gmt":"2022-07-27T09:50:17","guid":{"rendered":"https:\/\/cigarquality.com\/?post_type=product&#038;p=76455"},"modified":"2025-09-11T13:50:38","modified_gmt":"2025-09-11T11:50:38","slug":"daniel-marshall-red-label-gigante-10","status":"publish","type":"product","link":"https:\/\/cigarquality.com\/en\/boutique\/cigares-nicaraguayens\/daniel-marshall\/daniel-marshall-red-label-gigante-10\/","title":{"rendered":"Daniel Marshall Red Label Gigante (10)"},"content":{"rendered":"<p><span data-sheets-value=\"{&quot;1&quot;:2,&quot;2&quot;:&quot;Le cigare Daniel Marshall Red Label Gigante mesure 152mm de longueur pour 24mm de diam\u00e8tre (bague 60). Il vous faudra 45 \u00e0 75 minutes pour d\u00e9guster ce cigare.nnSynonyme d'excellent savoir-faire et d'excellence depuis 1982, Daniel Marshall s'est maintenant associ\u00e9 aux l\u00e9gendes du cigare Manuel Quesada et Nestor Plasencia pour cr\u00e9er le cigare Daniel Marshall Red Label. nnLe cigare Daniel Marshall Red Label combine le tabac de 5 ans de la meilleure qualit\u00e9 provenant de deux des meilleures r\u00e9gions de culture du Nicaragua, Esteli et la vall\u00e9e de Jalapa. Le tout envelopp\u00e9 dans un emballage Colorado de qualit\u00e9 sup\u00e9rieure, faisant du Daniel Marshall Red un cigare moyennement cors\u00e9 \u00e0 cors\u00e9. Il est fabriqu\u00e9 \u00e0 partir de tabacs 100% nicaraguayens et utilise du tabac de la vall\u00e9e de Jalapa qui a \u00e9t\u00e9 vieilli pendant 5 ans pour la cape. nnUne fois les cigares mis en bo\u00eete, ils sont vieillis pendant 12 mois suppl\u00e9mentaires pour s'assurer que chaque cigare est aussi doux et savoureux que le dernier.nnCe cigare est disponible en bo\u00eete de 10 cigares.&quot;}\" data-sheets-userformat=\"{&quot;2&quot;:15357,&quot;3&quot;:{&quot;1&quot;:0},&quot;5&quot;:{&quot;1&quot;:[{&quot;1&quot;:2,&quot;2&quot;:0,&quot;5&quot;:{&quot;1&quot;:2,&quot;2&quot;:0}},{&quot;1&quot;:0,&quot;2&quot;:0,&quot;3&quot;:3},{&quot;1&quot;:1,&quot;2&quot;:0,&quot;4&quot;:1}]},&quot;6&quot;:{&quot;1&quot;:[{&quot;1&quot;:2,&quot;2&quot;:0,&quot;5&quot;:{&quot;1&quot;:2,&quot;2&quot;:0}},{&quot;1&quot;:0,&quot;2&quot;:0,&quot;3&quot;:3},{&quot;1&quot;:1,&quot;2&quot;:0,&quot;4&quot;:1}]},&quot;7&quot;:{&quot;1&quot;:[{&quot;1&quot;:2,&quot;2&quot;:0,&quot;5&quot;:{&quot;1&quot;:2,&quot;2&quot;:0}},{&quot;1&quot;:0,&quot;2&quot;:0,&quot;3&quot;:3},{&quot;1&quot;:1,&quot;2&quot;:0,&quot;4&quot;:1}]},&quot;8&quot;:{&quot;1&quot;:[{&quot;1&quot;:2,&quot;2&quot;:0,&quot;5&quot;:{&quot;1&quot;:2,&quot;2&quot;:0}},{&quot;1&quot;:0,&quot;2&quot;:0,&quot;3&quot;:3},{&quot;1&quot;:1,&quot;2&quot;:0,&quot;4&quot;:1}]},&quot;9&quot;:0,&quot;10&quot;:1,&quot;11&quot;:4,&quot;12&quot;:0,&quot;14&quot;:{&quot;1&quot;:2,&quot;2&quot;:0},&quot;15&quot;:&quot;Calibri&quot;,&quot;16&quot;:10}\">Le cigare Daniel Marshall Red Label Gigante mesure 152mm de longueur pour 24mm de diam\u00e8tre (bague 60). Il vous faudra 45 \u00e0 75 minutes pour d\u00e9guster ce cigare.<\/span><\/p>\n<p>Synonyme d&rsquo;excellent savoir-faire et d&rsquo;excellence depuis 1982, Daniel Marshall s&rsquo;est maintenant associ\u00e9 aux l\u00e9gendes du cigare Manuel Quesada et Nestor Plasencia pour cr\u00e9er le cigare Daniel Marshall Red Label.<\/p>\n<p>Le cigare Daniel Marshall Red Label combine le tabac de 5 ans de la meilleure qualit\u00e9 provenant de deux des meilleures r\u00e9gions de culture du Nicaragua, Esteli et la vall\u00e9e de Jalapa. Le tout envelopp\u00e9 dans un emballage Colorado de qualit\u00e9 sup\u00e9rieure, faisant du Daniel Marshall Red un cigare moyennement cors\u00e9 \u00e0 cors\u00e9. Il est fabriqu\u00e9 \u00e0 partir de tabacs 100% nicaraguayens et utilise du tabac de la vall\u00e9e de Jalapa qui a \u00e9t\u00e9 vieilli pendant 5 ans pour la cape.<\/p>\n<p>Une fois les cigares mis en bo\u00eete, ils sont vieillis pendant 12 mois suppl\u00e9mentaires pour s&rsquo;assurer que chaque cigare est aussi doux et savoureux que le dernier.<\/p>\n<p>Ce cigare est disponible en bo\u00eete de 10 cigares.<\/p>\n","protected":false},"excerpt":{"rendered":"<p>Box of 10 cigars.<\/p>","protected":false},"featured_media":76452,"template":"","meta":{"_acf_changed":false},"product_brand":[],"product_cat":[19809,24833,40270],"product_tag":[],"class_list":{"0":"post-76455","1":"product","2":"type-product","3":"status-publish","4":"has-post-thumbnail","6":"product_cat-cigares","7":"product_cat-cigares-nicaraguayens","8":"product_cat-daniel-marshall","9":"product_shipping_class-cigares","11":"first","12":"instock","13":"sale","14":"taxable","15":"shipping-taxable","16":"purchasable","17":"product-type-simple"},"acf":[],"_links":{"self":[{"href":"https:\/\/cigarquality.com\/en\/wp-json\/wp\/v2\/product\/76455","targetHints":{"allow":["GET"]}}],"collection":[{"href":"https:\/\/cigarquality.com\/en\/wp-json\/wp\/v2\/product"}],"about":[{"href":"https:\/\/cigarquality.com\/en\/wp-json\/wp\/v2\/types\/product"}],"wp:featuredmedia":[{"embeddable":true,"href":"https:\/\/cigarquality.com\/en\/wp-json\/wp\/v2\/media\/76452"}],"wp:attachment":[{"href":"https:\/\/cigarquality.com\/en\/wp-json\/wp\/v2\/media?parent=76455"}],"wp:term":[{"taxonomy":"product_brand","embeddable":true,"href":"https:\/\/cigarquality.com\/en\/wp-json\/wp\/v2\/product_brand?post=76455"},{"taxonomy":"product_cat","embeddable":true,"href":"https:\/\/cigarquality.com\/en\/wp-json\/wp\/v2\/product_cat?post=76455"},{"taxonomy":"product_tag","embeddable":true,"href":"https:\/\/cigarquality.com\/en\/wp-json\/wp\/v2\/product_tag?post=76455"}],"curies":[{"name":"wp","href":"https:\/\/api.w.org\/{rel}","templated":true}]}}