{"id":76360,"date":"2022-07-26T17:03:48","date_gmt":"2022-07-26T16:03:48","guid":{"rendered":"https:\/\/cigarquality.com\/?post_type=product&#038;p=76360"},"modified":"2025-07-25T13:58:11","modified_gmt":"2025-07-25T11:58:11","slug":"bundle-selection-by-cusano-figurado-16","status":"publish","type":"product","link":"https:\/\/cigarquality.com\/en\/boutique\/cigares-dominicains\/cusano\/cusano-bundle-selection\/bundle-selection-by-cusano-figurado-16\/","title":{"rendered":"Bundle Selection By Cusano Figurado (16)"},"content":{"rendered":"<p><span data-sheets-value=\"{&quot;1&quot;:2,&quot;2&quot;:&quot;Le cigare Cusano Figurado est produit en R\u00e9publique Dominicaine dans une manufacture filiale du groupe Davidoff. Le cigare Cusano Figurado , comme son nom l\u2019indique est un module Figurado qui mesure 120 mm de longueur pour un diam\u00e8tre de 19,1 mm. nnLe temps de fum\u00e9e de ce cigare est d\u2019environ 50 minutes. Le cigare Cusano Figurado est compos\u00e9 de tabacs provenant d\u2019Equateur pour la cape, d\u2019 une sous-cape de R\u00e9publique Dominicaine et d\u2019une tripe compos\u00e9e de tabacs de R\u00e9publique Dominicaine et du Honduras. A la d\u00e9gustation ce cigare offre des saveurs bois\u00e9es avec des notes de caf\u00e9, de noix et de poivre. Il a une intensit\u00e9 de 2\/5. nnLe cigare Cusano Figurado est propos\u00e9 en bundle de 16 cigares . Depuis la cr\u00e9ation de Cusano en 1995, ce nom est synonyme de qualit\u00e9 sophistiqu\u00e9e \u00e0 un prix tr\u00e8s int\u00e9ressant. Les cigares Bundle s\u00e9lection by Cusano sont produits sous les contr\u00f4les de qualit\u00e9 les plus stricts offrant au connaisseur une qualit\u00e9 sup\u00e9rieure avec un large \u00e9ventail d\u2019 exp\u00e9riences gustatives. nnDepuis la cr\u00e9ation de Cusano en 1995, ce nom est synonyme de qualit\u00e9 sophistiqu\u00e9e \u00e0 un prix tr\u00e8s int\u00e9ressant. Les cigares Bundle s\u00e9lection by Cusano sont produits sous les contr\u00f4les de qualit\u00e9 les plus stricts offrant au connaisseur une qualit\u00e9 sup\u00e9rieure avec un large \u00e9ventail d\u2019 exp\u00e9riences gustatives.&quot;}\" data-sheets-userformat=\"{&quot;2&quot;:13121,&quot;3&quot;:{&quot;1&quot;:0},&quot;9&quot;:0,&quot;11&quot;:4,&quot;12&quot;:0,&quot;15&quot;:&quot;Calibri&quot;,&quot;16&quot;:10}\">The Cusano Figurado cigar is produced in the Dominican Republic by a subsidiary of the Davidoff Group. The Cusano Figurado cigar, as its name suggests, is a Figurado module measuring 120 mm in length and 19.1 mm in diameter. <\/span><\/p>\n<p>The smoking time of this cigar is approximately 50 minutes. The Cusano Figurado cigar is made with tobaccos from Ecuador for the wrapper, a Dominican Republic wrapper and a filler composed of tobaccos from the Dominican Republic and Honduras. On tasting, this cigar offers woody flavors with notes of coffee, nuts and pepper. It has an intensity of 2\/5.<\/p>\n<p>The Cusano Figurado cigar is offered in a bundle of 16 cigars. Since the creation of Cusano in 1995, this name has been synonymous with sophisticated quality at a very attractive price. Bundle selection by Cusano cigars are produced under the strictest quality controls, offering the connoisseur superior quality with a wide range of taste experiences.<\/p>\n<p>Since Cusano was founded in 1995, the name has been synonymous with sophisticated quality at a very attractive price. Bundle selection by Cusano cigars are produced under the strictest quality controls, offering the connoisseur superior quality with a wide range of taste experiences.<\/p>","protected":false},"excerpt":{"rendered":"<p>Box of 16 cigars.<\/p>","protected":false},"featured_media":77095,"template":"","meta":{"_acf_changed":false},"product_brand":[],"product_cat":[40290,19809,19812,40287],"product_tag":[],"class_list":{"0":"post-76360","1":"product","2":"type-product","3":"status-publish","4":"has-post-thumbnail","6":"product_cat-cusano-bundle-selection","7":"product_cat-cigares","8":"product_cat-cigares-dominicains","9":"product_cat-cusano","10":"product_shipping_class-cigares","12":"first","13":"outofstock","14":"sale","15":"taxable","16":"shipping-taxable","17":"purchasable","18":"product-type-simple"},"acf":[],"_links":{"self":[{"href":"https:\/\/cigarquality.com\/en\/wp-json\/wp\/v2\/product\/76360","targetHints":{"allow":["GET"]}}],"collection":[{"href":"https:\/\/cigarquality.com\/en\/wp-json\/wp\/v2\/product"}],"about":[{"href":"https:\/\/cigarquality.com\/en\/wp-json\/wp\/v2\/types\/product"}],"wp:featuredmedia":[{"embeddable":true,"href":"https:\/\/cigarquality.com\/en\/wp-json\/wp\/v2\/media\/77095"}],"wp:attachment":[{"href":"https:\/\/cigarquality.com\/en\/wp-json\/wp\/v2\/media?parent=76360"}],"wp:term":[{"taxonomy":"product_brand","embeddable":true,"href":"https:\/\/cigarquality.com\/en\/wp-json\/wp\/v2\/product_brand?post=76360"},{"taxonomy":"product_cat","embeddable":true,"href":"https:\/\/cigarquality.com\/en\/wp-json\/wp\/v2\/product_cat?post=76360"},{"taxonomy":"product_tag","embeddable":true,"href":"https:\/\/cigarquality.com\/en\/wp-json\/wp\/v2\/product_tag?post=76360"}],"curies":[{"name":"wp","href":"https:\/\/api.w.org\/{rel}","templated":true}]}}