{"id":62739,"date":"2022-05-03T13:17:52","date_gmt":"2022-05-03T11:17:52","guid":{"rendered":"https:\/\/cigarquality.com\/?post_type=product&#038;p=62739"},"modified":"2025-07-25T13:36:51","modified_gmt":"2025-07-25T11:36:51","slug":"seven-seals-the-age-of-scorpio","status":"publish","type":"product","link":"https:\/\/cigarquality.com\/en\/boutique\/alcools\/whisky\/seven-seals\/seven-seals-the-age-of-scorpio\/","title":{"rendered":"Whisky Single Malt Seven Seals the Age of Scorpio"},"content":{"rendered":"<p>Tout comme le zodiaque en astrologie il y a des diff\u00e9rentes variations du caract\u00e8re chez l\u2019humain, chaque signe du zodiaque se voit attribuer certaines caract\u00e9ristiques, forces et faiblesses. Il en va de m\u00eame pour notre Seven Seals The Age of Scorpio de notre lign\u00e9e du Zodiaque. Notre premier whisky single malt de cette lign\u00e9e est dans le signe du zodiaque \u00ab Scorpion \u00bb. Il est volontaire, d\u00e9termin\u00e9, travailleur, critique envers les autres whiskies et Pluton lui donne aussi sa nature myst\u00e9rieuse.<\/p>\n<p>That's why it's subtle from start to finish! Its taste is very balanced and complex, with notes of vanilla and a touch of roasted nuts and wood. In the end, a fruity note remains, perfectly integrated into a multi-layered complexity.<\/p>\n<p><strong>The Zociac line is regularly produced in batches of 365 bottles.<\/strong><\/p>\n<p><strong>Nose :<\/strong> Vanilla and roasted nuts, a touch of wood.<br \/>\n<strong>Palais :<\/strong> Very balanced and complex, vanilla, a touch of roasted nuts and wood.<br \/>\n<strong>Final :<\/strong> Fruity notes, long finish.<\/p>","protected":false},"excerpt":{"rendered":"<p>50 cl bottle.<\/p>","protected":false},"featured_media":62737,"template":"","meta":{"_acf_changed":false},"product_brand":[],"product_cat":[21852,40010,21855],"product_tag":[],"class_list":{"0":"post-62739","1":"product","2":"type-product","3":"status-publish","4":"has-post-thumbnail","6":"product_cat-alcools","7":"product_cat-seven-seals","8":"product_cat-whisky","9":"product_shipping_class-alcool","11":"first","12":"instock","13":"taxable","14":"shipping-taxable","15":"purchasable","16":"product-type-simple"},"acf":[],"_links":{"self":[{"href":"https:\/\/cigarquality.com\/en\/wp-json\/wp\/v2\/product\/62739","targetHints":{"allow":["GET"]}}],"collection":[{"href":"https:\/\/cigarquality.com\/en\/wp-json\/wp\/v2\/product"}],"about":[{"href":"https:\/\/cigarquality.com\/en\/wp-json\/wp\/v2\/types\/product"}],"wp:featuredmedia":[{"embeddable":true,"href":"https:\/\/cigarquality.com\/en\/wp-json\/wp\/v2\/media\/62737"}],"wp:attachment":[{"href":"https:\/\/cigarquality.com\/en\/wp-json\/wp\/v2\/media?parent=62739"}],"wp:term":[{"taxonomy":"product_brand","embeddable":true,"href":"https:\/\/cigarquality.com\/en\/wp-json\/wp\/v2\/product_brand?post=62739"},{"taxonomy":"product_cat","embeddable":true,"href":"https:\/\/cigarquality.com\/en\/wp-json\/wp\/v2\/product_cat?post=62739"},{"taxonomy":"product_tag","embeddable":true,"href":"https:\/\/cigarquality.com\/en\/wp-json\/wp\/v2\/product_tag?post=62739"}],"curies":[{"name":"wp","href":"https:\/\/api.w.org\/{rel}","templated":true}]}}