{"id":62652,"date":"2022-05-03T12:13:04","date_gmt":"2022-05-03T11:13:04","guid":{"rendered":"https:\/\/cigarquality.com\/?post_type=product&#038;p=62652"},"modified":"2025-07-25T13:39:06","modified_gmt":"2025-07-25T11:39:06","slug":"rhum-cuvee-homere-clement-44-70cl","status":"publish","type":"product","link":"https:\/\/cigarquality.com\/en\/boutique\/alcools\/rum\/clement\/rhum-cuvee-homere-clement-44-70cl\/","title":{"rendered":"Rhum Cuv\u00e9e Hom\u00e8re Cl\u00e9ment 44% 70cl"},"content":{"rendered":"<p>Rhum Cuv\u00e9e Hom\u00e8re Cl\u00e9ment 44% is a true benchmark among agricultural rums, with Cl\u00e9ment using its finest and oldest barrels for its Cuv\u00e9e Hom\u00e8re. The power and complexity of a \"pure cane juice\" could not find a better ambassador than this bottling, a tribute to one of Martinique's most emblematic figures. Fans of vitolas with a strong character will appreciate this most conclusive of pairings.<\/p>","protected":false},"excerpt":{"rendered":"<p>70 cl bottle.<\/p>","protected":false},"featured_media":62650,"template":"","meta":{"_acf_changed":false},"product_brand":[],"product_cat":[21852,23726,21908],"product_tag":[],"class_list":{"0":"post-62652","1":"product","2":"type-product","3":"status-publish","4":"has-post-thumbnail","6":"product_cat-alcools","7":"product_cat-clement","8":"product_cat-rum","9":"product_shipping_class-alcool","11":"first","12":"outofstock","13":"taxable","14":"shipping-taxable","15":"purchasable","16":"product-type-simple"},"acf":[],"_links":{"self":[{"href":"https:\/\/cigarquality.com\/en\/wp-json\/wp\/v2\/product\/62652","targetHints":{"allow":["GET"]}}],"collection":[{"href":"https:\/\/cigarquality.com\/en\/wp-json\/wp\/v2\/product"}],"about":[{"href":"https:\/\/cigarquality.com\/en\/wp-json\/wp\/v2\/types\/product"}],"wp:featuredmedia":[{"embeddable":true,"href":"https:\/\/cigarquality.com\/en\/wp-json\/wp\/v2\/media\/62650"}],"wp:attachment":[{"href":"https:\/\/cigarquality.com\/en\/wp-json\/wp\/v2\/media?parent=62652"}],"wp:term":[{"taxonomy":"product_brand","embeddable":true,"href":"https:\/\/cigarquality.com\/en\/wp-json\/wp\/v2\/product_brand?post=62652"},{"taxonomy":"product_cat","embeddable":true,"href":"https:\/\/cigarquality.com\/en\/wp-json\/wp\/v2\/product_cat?post=62652"},{"taxonomy":"product_tag","embeddable":true,"href":"https:\/\/cigarquality.com\/en\/wp-json\/wp\/v2\/product_tag?post=62652"}],"curies":[{"name":"wp","href":"https:\/\/api.w.org\/{rel}","templated":true}]}}