{"id":62614,"date":"2022-05-03T13:11:40","date_gmt":"2022-05-03T11:11:40","guid":{"rendered":"https:\/\/cigarquality.com\/?post_type=product&#038;p=62614"},"modified":"2026-03-11T14:20:30","modified_gmt":"2026-03-11T13:20:30","slug":"ramon-allones-perfectos-edicion-regional-suiza-2014-humidor-50","status":"publish","type":"product","link":"https:\/\/cigarquality.com\/en\/boutique\/collection-privee\/ramon-allones-perfectos-edicion-regional-suiza-2014-humidor-50\/","title":{"rendered":"Humidor Ram\u00f3n Allones Perfectos Edici\u00f3n Regional Suiza 2014 (50)"},"content":{"rendered":"<p>Ram\u00f3n Allones Perfectos Edici\u00f3n Regional Suiza 2014 humidor contains <strong>50 cigars Ram\u00f3n Allones - Perfectos - Edici\u00f3n Regional Suiza 2014. <\/strong>The workmanship is of the highest quality - absolutely perfect Cuban craftsmanship. It was produced in Cuba from Humidores Habana, using 70-year-old wood. The design of the humidor is like an old-style Ram\u00f3n Allones band. For perfect humidification, the humidor is equipped with an Adorini Cigar Heaven 2. <strong>Limited edition of 100, here 90\/100.<\/strong> <a class=\"button secondary is-secondary is-medium\" href=\"mailto:customerservices@cigarpassion.com\" target=\"_blank\" rel=\"noopener\"><br \/><\/a><\/p>","protected":false},"excerpt":{"rendered":"<p>Humidor containing 50 cigars.<\/p>","protected":false},"featured_media":62609,"template":"","meta":{"_acf_changed":false},"product_brand":[],"product_cat":[19788,19877,19873,19793,21524],"product_tag":[],"class_list":{"0":"post-62614","1":"product","2":"type-product","3":"status-publish","4":"has-post-thumbnail","6":"product_cat-collection-privee","7":"product_cat-edicion-limitada","8":"product_cat-edicion-regional","9":"product_cat-hard-to-find","10":"product_cat-humidors","11":"product_shipping_class-humidor-avec-cigares","13":"first","14":"outofstock","15":"sold-individually","16":"taxable","17":"shipping-taxable","18":"purchasable","19":"product-type-simple"},"acf":[],"_links":{"self":[{"href":"https:\/\/cigarquality.com\/en\/wp-json\/wp\/v2\/product\/62614","targetHints":{"allow":["GET"]}}],"collection":[{"href":"https:\/\/cigarquality.com\/en\/wp-json\/wp\/v2\/product"}],"about":[{"href":"https:\/\/cigarquality.com\/en\/wp-json\/wp\/v2\/types\/product"}],"wp:featuredmedia":[{"embeddable":true,"href":"https:\/\/cigarquality.com\/en\/wp-json\/wp\/v2\/media\/62609"}],"wp:attachment":[{"href":"https:\/\/cigarquality.com\/en\/wp-json\/wp\/v2\/media?parent=62614"}],"wp:term":[{"taxonomy":"product_brand","embeddable":true,"href":"https:\/\/cigarquality.com\/en\/wp-json\/wp\/v2\/product_brand?post=62614"},{"taxonomy":"product_cat","embeddable":true,"href":"https:\/\/cigarquality.com\/en\/wp-json\/wp\/v2\/product_cat?post=62614"},{"taxonomy":"product_tag","embeddable":true,"href":"https:\/\/cigarquality.com\/en\/wp-json\/wp\/v2\/product_tag?post=62614"}],"curies":[{"name":"wp","href":"https:\/\/api.w.org\/{rel}","templated":true}]}}