{"id":62398,"date":"2022-05-03T11:19:17","date_gmt":"2022-05-03T10:19:17","guid":{"rendered":"https:\/\/cigarquality.com\/?post_type=product&#038;p=62398"},"modified":"2026-04-01T09:03:55","modified_gmt":"2026-04-01T07:03:55","slug":"la-aurora-fernando-leon-gran-toro-20","status":"publish","type":"product","link":"https:\/\/cigarquality.com\/en\/boutique\/cigares-dominicains\/la-aurora\/la-aurora-fernando-leon\/la-aurora-fernando-leon-gran-toro-20\/","title":{"rendered":"La Aurora Fernando L\u00e9on Gran Toro (20)"},"content":{"rendered":"<p>The La Aurora Fernando L\u00e9on Gran Toro cigar is a special blend created exclusively for Fernando L\u00e9on, his family and close friends. With an oily wrapper from the Dominican Republic, this long vitola offers tantalizing notes of spice and cedar wood, as well as aromas of sweet honey.<\/p>","protected":false},"excerpt":{"rendered":"<p>Box of 20 cigars.<\/p>","protected":false},"featured_media":62395,"template":"","meta":{"_acf_changed":false},"product_brand":[],"product_cat":[19809,19812,39945,39951],"product_tag":[],"class_list":{"0":"post-62398","1":"product","2":"type-product","3":"status-publish","4":"has-post-thumbnail","6":"product_cat-cigares","7":"product_cat-cigares-dominicains","8":"product_cat-la-aurora","9":"product_cat-la-aurora-fernando-leon","10":"product_shipping_class-cigares","12":"first","13":"instock","14":"sale","15":"taxable","16":"shipping-taxable","17":"purchasable","18":"product-type-simple"},"acf":[],"_links":{"self":[{"href":"https:\/\/cigarquality.com\/en\/wp-json\/wp\/v2\/product\/62398","targetHints":{"allow":["GET"]}}],"collection":[{"href":"https:\/\/cigarquality.com\/en\/wp-json\/wp\/v2\/product"}],"about":[{"href":"https:\/\/cigarquality.com\/en\/wp-json\/wp\/v2\/types\/product"}],"wp:featuredmedia":[{"embeddable":true,"href":"https:\/\/cigarquality.com\/en\/wp-json\/wp\/v2\/media\/62395"}],"wp:attachment":[{"href":"https:\/\/cigarquality.com\/en\/wp-json\/wp\/v2\/media?parent=62398"}],"wp:term":[{"taxonomy":"product_brand","embeddable":true,"href":"https:\/\/cigarquality.com\/en\/wp-json\/wp\/v2\/product_brand?post=62398"},{"taxonomy":"product_cat","embeddable":true,"href":"https:\/\/cigarquality.com\/en\/wp-json\/wp\/v2\/product_cat?post=62398"},{"taxonomy":"product_tag","embeddable":true,"href":"https:\/\/cigarquality.com\/en\/wp-json\/wp\/v2\/product_tag?post=62398"}],"curies":[{"name":"wp","href":"https:\/\/api.w.org\/{rel}","templated":true}]}}