{"id":61405,"date":"2022-05-03T09:05:45","date_gmt":"2022-05-03T07:05:45","guid":{"rendered":"https:\/\/cigarquality.com\/?post_type=product&#038;p=61405"},"modified":"2025-05-01T09:30:16","modified_gmt":"2025-05-01T07:30:16","slug":"faucon-serie-limitee-de-100-pieces-en-redgum-110-cigares","status":"publish","type":"product","link":"https:\/\/cigarquality.com\/en\/boutique\/humidors\/elie-bleu\/elie-bleu-animaux\/faucon-serie-limitee-de-100-pieces-en-redgum-110-cigares\/","title":{"rendered":"Humidor Elie Bleu Faucon S\u00e9rie Limit\u00e9e de 100 pi\u00e8ces en Redgum &#8211; 110 cigares"},"content":{"rendered":"<p>Humidor FAUCON S\u00c9RIE LIMIT\u00c9E ET NUM\u00c9ROT\u00c9E SUR 100.<\/p>\n<p>Le faucon est un oiseau rapace diurne caract\u00e9ris\u00e9 par une vue per\u00e7ante, un bec et des griffes en forme de faux et qui peut se dresser pour la chasse.<br \/>\nLe faucon tient une place des plus importante dans la mythologie et les religions.<br \/>\nLa fauconnerie est l&rsquo;art de capturer un gibier dans son milieu naturel \u00e0 l&rsquo;aide d&rsquo;un oiseau de proie dress\u00e9. Cet art tr\u00e8s ancien est pratiqu\u00e9 dans plus d&rsquo;une quarantaine de pays et a \u00e9t\u00e9 inscrit au patrimoine culturel immat\u00e9riel de l&rsquo;humanit\u00e9 de l&rsquo;UNESCO le 16 novembre 2010, puis avec de nouveaux pays en 2012.<br \/>\nDjal\u0101l ad-D\u012bn Mu\u1e25ammad Balkhi ou Roumi, grand po\u00e8te mystique persan du 13\u00e8me si\u00e8cle a souvent fait r\u00e9f\u00e9rence au faucon dans ses po\u00e8mes dont cette phrase que l&rsquo;on retrouve sur le coffret \u00ab\u00a0Aie le courage du faucon, chasse glorieusement\u00a0\u00bb.<\/p>\n<ul>\n<li>Coffret 110 cigares en marqueterie de sycomore et redgum.<\/li>\n<li>2 Humidifiers.<\/li>\n<li>1 Hygrometer with needle.<\/li>\n<\/ul>\n<p>48.5 x 27.0 x 10.5 cm<\/p>","protected":false},"excerpt":{"rendered":"<p>Humidor for up to 110 cigars.<\/p>","protected":false},"featured_media":61403,"template":"","meta":{"_acf_changed":false},"product_brand":[],"product_cat":[39825,21524,21527,21529,27487],"product_tag":[],"class_list":{"0":"post-61405","1":"product","2":"type-product","3":"status-publish","4":"has-post-thumbnail","6":"product_cat-elie-bleu-animaux","7":"product_cat-humidors","8":"product_cat-elie-bleu","9":"product_cat-editions-limitees-elie-bleu","10":"product_cat-110-cigares","11":"product_shipping_class-class1","13":"first","14":"outofstock","15":"taxable","16":"shipping-taxable","17":"purchasable","18":"product-type-simple"},"acf":[],"_links":{"self":[{"href":"https:\/\/cigarquality.com\/en\/wp-json\/wp\/v2\/product\/61405","targetHints":{"allow":["GET"]}}],"collection":[{"href":"https:\/\/cigarquality.com\/en\/wp-json\/wp\/v2\/product"}],"about":[{"href":"https:\/\/cigarquality.com\/en\/wp-json\/wp\/v2\/types\/product"}],"wp:featuredmedia":[{"embeddable":true,"href":"https:\/\/cigarquality.com\/en\/wp-json\/wp\/v2\/media\/61403"}],"wp:attachment":[{"href":"https:\/\/cigarquality.com\/en\/wp-json\/wp\/v2\/media?parent=61405"}],"wp:term":[{"taxonomy":"product_brand","embeddable":true,"href":"https:\/\/cigarquality.com\/en\/wp-json\/wp\/v2\/product_brand?post=61405"},{"taxonomy":"product_cat","embeddable":true,"href":"https:\/\/cigarquality.com\/en\/wp-json\/wp\/v2\/product_cat?post=61405"},{"taxonomy":"product_tag","embeddable":true,"href":"https:\/\/cigarquality.com\/en\/wp-json\/wp\/v2\/product_tag?post=61405"}],"curies":[{"name":"wp","href":"https:\/\/api.w.org\/{rel}","templated":true}]}}