{"id":60942,"date":"2022-05-02T14:58:28","date_gmt":"2022-05-02T13:58:28","guid":{"rendered":"https:\/\/cigarquality.com\/?post_type=product&#038;p=60942"},"modified":"2025-10-20T18:26:48","modified_gmt":"2025-10-20T16:26:48","slug":"cognac-grosperrin-grande-champagne-no-24-42-8-70cl","status":"publish","type":"product","link":"https:\/\/cigarquality.com\/en\/boutique\/alcools\/cognac\/grosperrin\/cognac-grosperrin-grande-champagne-no-24-42-8-70cl\/","title":{"rendered":"Cognac Grosperrin Grande Champagne No. 24 42.8% 70cl"},"content":{"rendered":"<div class=\"texte\">\n<p>It was the widow of a former broker, now deceased, who sold Jean these very old Grande Champagnes. Her husband, who was still in business some thirty years ago, had a reputation for being tenacious. In this way, he had acquired stocks of Cognacs which he bought in his village and the surrounding area, then resold to merchants.<\/p>\n<p>His passion was for old Cognacs, which he accumulated, barrel after barrel, like treasures. He didn't even allow his wife, a schoolteacher, or his children, young and grown, to enter this sanctuary, to which he jealously guarded the key. It was only in the final stage of his life, destroyed by illness, when his son had to take charge of the situation, that those closest to him discovered what he had accumulated over so many years.<\/p>\n<p>Dans un chai qui \u00e9tait autrefois une grange ou il avait fait mettre d\u2018\u00e9paisses portes m\u00e9talliques se trouvaient environ une quinzaine de tonneaux et quelques f\u00fbts. Dans ces tonneaux recouverts chacun d\u2018une b\u00e2che plastique noir pour limiter la co\u00fbteuse \u00ab part des anges \u00bb se trouvaient des lots de tr\u00e8s vieux Cognacs de Grande Champagne. Chaque tonneau portait des inscriptions avec l\u2018origine du produit, la quantit\u00e9 achet\u00e9e, le degr\u00e9, le volume et l\u2018ann\u00e9e de la r\u00e9colte. Mais d\u2018archives, aucune\u00a0! C\u2018est \u00e0 partir de ce moment que son \u00e9pouse a pu profiter du commerce des eaux-de-vie.<\/p>\n<\/div>","protected":false},"excerpt":{"rendered":"<p>70 cl bottle.<\/p>","protected":false},"featured_media":60941,"template":"","meta":{"_acf_changed":false},"product_brand":[],"product_cat":[21852,40043,40071],"product_tag":[],"class_list":{"0":"post-60942","1":"product","2":"type-product","3":"status-publish","4":"has-post-thumbnail","6":"product_cat-alcools","7":"product_cat-cognac","8":"product_cat-grosperrin","9":"product_shipping_class-alcool","11":"first","12":"instock","13":"taxable","14":"shipping-taxable","15":"purchasable","16":"product-type-simple"},"acf":[],"_links":{"self":[{"href":"https:\/\/cigarquality.com\/en\/wp-json\/wp\/v2\/product\/60942","targetHints":{"allow":["GET"]}}],"collection":[{"href":"https:\/\/cigarquality.com\/en\/wp-json\/wp\/v2\/product"}],"about":[{"href":"https:\/\/cigarquality.com\/en\/wp-json\/wp\/v2\/types\/product"}],"wp:featuredmedia":[{"embeddable":true,"href":"https:\/\/cigarquality.com\/en\/wp-json\/wp\/v2\/media\/60941"}],"wp:attachment":[{"href":"https:\/\/cigarquality.com\/en\/wp-json\/wp\/v2\/media?parent=60942"}],"wp:term":[{"taxonomy":"product_brand","embeddable":true,"href":"https:\/\/cigarquality.com\/en\/wp-json\/wp\/v2\/product_brand?post=60942"},{"taxonomy":"product_cat","embeddable":true,"href":"https:\/\/cigarquality.com\/en\/wp-json\/wp\/v2\/product_cat?post=60942"},{"taxonomy":"product_tag","embeddable":true,"href":"https:\/\/cigarquality.com\/en\/wp-json\/wp\/v2\/product_tag?post=60942"}],"curies":[{"name":"wp","href":"https:\/\/api.w.org\/{rel}","templated":true}]}}