{"id":60846,"date":"2022-05-02T14:45:22","date_gmt":"2022-05-02T13:45:22","guid":{"rendered":"https:\/\/cigarquality.com\/?post_type=product&#038;p=60846"},"modified":"2026-03-31T16:07:00","modified_gmt":"2026-03-31T14:07:00","slug":"chartreuse-jaune-70-cl","status":"publish","type":"product","link":"https:\/\/cigarquality.com\/en\/boutique\/alcools\/liqueurs\/peres-chartreux\/chartreuse\/chartreuse-jaune-70-cl\/","title":{"rendered":"Chartreuse Yellow 70 cl"},"content":{"rendered":"<p><strong>Created in 1840, La Chartreuse Jaune is inspired by the recipe for \u00c9lixir V\u00e9g\u00e9tal.<\/strong> It was so popular that P\u00e8re Garnier, the public prosecutor in charge of liqueurs at the time, decided to officially name it Chartreuse Jaune and registered the \"Chartreuse\" trademark in 1852. This 43\u00b0 liqueur is still produced today by the Carthusian Fathers.<\/p>","protected":false},"excerpt":{"rendered":"<p>70 cl bottle.<\/p>","protected":false},"featured_media":60845,"template":"","meta":{"_acf_changed":false},"product_brand":[],"product_cat":[21852,35375,35374,45187],"product_tag":[],"class_list":{"0":"post-60846","1":"product","2":"type-product","3":"status-publish","4":"has-post-thumbnail","6":"product_cat-alcools","7":"product_cat-chartreuse","8":"product_cat-liqueurs","9":"product_cat-peres-chartreux","10":"product_shipping_class-alcool","12":"first","13":"outofstock","14":"taxable","15":"shipping-taxable","16":"purchasable","17":"product-type-simple"},"acf":[],"_links":{"self":[{"href":"https:\/\/cigarquality.com\/en\/wp-json\/wp\/v2\/product\/60846","targetHints":{"allow":["GET"]}}],"collection":[{"href":"https:\/\/cigarquality.com\/en\/wp-json\/wp\/v2\/product"}],"about":[{"href":"https:\/\/cigarquality.com\/en\/wp-json\/wp\/v2\/types\/product"}],"wp:featuredmedia":[{"embeddable":true,"href":"https:\/\/cigarquality.com\/en\/wp-json\/wp\/v2\/media\/60845"}],"wp:attachment":[{"href":"https:\/\/cigarquality.com\/en\/wp-json\/wp\/v2\/media?parent=60846"}],"wp:term":[{"taxonomy":"product_brand","embeddable":true,"href":"https:\/\/cigarquality.com\/en\/wp-json\/wp\/v2\/product_brand?post=60846"},{"taxonomy":"product_cat","embeddable":true,"href":"https:\/\/cigarquality.com\/en\/wp-json\/wp\/v2\/product_cat?post=60846"},{"taxonomy":"product_tag","embeddable":true,"href":"https:\/\/cigarquality.com\/en\/wp-json\/wp\/v2\/product_tag?post=60846"}],"curies":[{"name":"wp","href":"https:\/\/api.w.org\/{rel}","templated":true}]}}