{"id":60834,"date":"2022-05-02T15:43:57","date_gmt":"2022-05-02T13:43:57","guid":{"rendered":"https:\/\/cigarquality.com\/?post_type=product&#038;p=60834"},"modified":"2026-02-23T14:08:08","modified_gmt":"2026-02-23T13:08:08","slug":"che-etoile-75-cigares","status":"publish","type":"product","link":"https:\/\/cigarquality.com\/en\/boutique\/humidors\/elie-bleu\/che\/che-etoile-75-cigares\/","title":{"rendered":"Humidor Elie Bleu Ch\u00e9 \u00c9toile - 75 cigars"},"content":{"rendered":"<p>CH\u00c9 \u00c9toile - 75 Cigars. <span style=\"font-size: 14.4px\">Che\" Star humidor from Elie Bleu, celebrating Cuban cigar culture and the history of Havana with this CHE collection.<\/span><\/p>\n<p><strong>Numbered edition.<\/strong><\/p>\n<ul>\n<li>Stained flamed sycamore<\/li>\n<li>Portrait in marquetry<\/li>\n<li>75 Cigars<\/li>\n<li>1 Humidifier<\/li>\n<li>1 Hygrometer needle<\/li>\n<li>Width: 25.20 cm | 9.92 inch<\/li>\n<li>Depth: 25.20 cm | 9.92 inch<\/li>\n<li>Height: 13.40 cm | 5.28 inch<\/li>\n<\/ul>","protected":false},"excerpt":{"rendered":"<p>Humidor for up to 75 cigars.<\/p>","protected":false},"featured_media":296203,"template":"","meta":{"_acf_changed":false},"product_brand":[],"product_cat":[21804,21527,27996,21524],"product_tag":[],"class_list":{"0":"post-60834","1":"product","2":"type-product","3":"status-publish","4":"has-post-thumbnail","6":"product_cat-75-cigares","7":"product_cat-elie-bleu","8":"product_cat-che","9":"product_cat-humidors","10":"product_shipping_class-humidor-sans-cigares","12":"first","13":"instock","14":"taxable","15":"shipping-taxable","16":"purchasable","17":"product-type-simple"},"acf":[],"_links":{"self":[{"href":"https:\/\/cigarquality.com\/en\/wp-json\/wp\/v2\/product\/60834","targetHints":{"allow":["GET"]}}],"collection":[{"href":"https:\/\/cigarquality.com\/en\/wp-json\/wp\/v2\/product"}],"about":[{"href":"https:\/\/cigarquality.com\/en\/wp-json\/wp\/v2\/types\/product"}],"wp:featuredmedia":[{"embeddable":true,"href":"https:\/\/cigarquality.com\/en\/wp-json\/wp\/v2\/media\/296203"}],"wp:attachment":[{"href":"https:\/\/cigarquality.com\/en\/wp-json\/wp\/v2\/media?parent=60834"}],"wp:term":[{"taxonomy":"product_brand","embeddable":true,"href":"https:\/\/cigarquality.com\/en\/wp-json\/wp\/v2\/product_brand?post=60834"},{"taxonomy":"product_cat","embeddable":true,"href":"https:\/\/cigarquality.com\/en\/wp-json\/wp\/v2\/product_cat?post=60834"},{"taxonomy":"product_tag","embeddable":true,"href":"https:\/\/cigarquality.com\/en\/wp-json\/wp\/v2\/product_tag?post=60834"}],"curies":[{"name":"wp","href":"https:\/\/api.w.org\/{rel}","templated":true}]}}