{"id":60375,"date":"2022-05-02T12:04:39","date_gmt":"2022-05-02T10:04:39","guid":{"rendered":"https:\/\/cigarquality.com\/?post_type=product&#038;p=60375"},"modified":"2026-03-31T15:38:00","modified_gmt":"2026-03-31T13:38:00","slug":"arturo-fuente-opus-x-reserva-dchateau-tin-3","status":"publish","type":"product","link":"https:\/\/cigarquality.com\/en\/boutique\/cigares-dominicains\/arturo-fuente\/fuente-fuente-opus-x\/fuente-fuente-opus-x-classic\/arturo-fuente-opus-x-reserva-dchateau-tin-3\/","title":{"rendered":"Arturo Fuente FFOX Reserva D'Ch\u00e2teau Tin (3)"},"content":{"rendered":"<p>L&rsquo;Arturo Fuente\u00a0Opus X Reserva D&rsquo;Ch\u00e2teau Tin\u00a0est disponible dans une bo\u00eete de trois cigares ultra-limit\u00e9e.\u00a0Les aficionados enrichiront leur r\u00e9pertoire de cigares avec ce puro dominicain somptueux, fabriqu\u00e9 \u00e0 la main avec les meilleurs tabacs premium.\u00a0Le sol riche en min\u00e9raux du c\u00e9l\u00e8bre Ch\u00e2teau de la Fuente est charg\u00e9 de saturer les feuilles de tabac d&rsquo;un corps d\u00e9cadent, de corps moyen \u00e0 plein et d&rsquo;un profil de saveur sophistiqu\u00e9.\u00a0Cette offre spectaculaire de cigares ne sera pas disponible tr\u00e8s longtemps, car les quantit\u00e9s de ce cigare rare sont extr\u00eamement limit\u00e9es.<\/p>","protected":false},"excerpt":{"rendered":"<p>Box of 3 cigars.<\/p>","protected":false},"featured_media":60374,"template":"","meta":{"_acf_changed":false},"product_brand":[],"product_cat":[16857,19809,19812,24616,45768],"product_tag":[],"class_list":{"0":"post-60375","1":"product","2":"type-product","3":"status-publish","4":"has-post-thumbnail","6":"product_cat-arturo-fuente","7":"product_cat-cigares","8":"product_cat-cigares-dominicains","9":"product_cat-fuente-fuente-opus-x","10":"product_cat-fuente-fuente-opus-x-classic","11":"product_shipping_class-cigares","13":"first","14":"instock","15":"taxable","16":"shipping-taxable","17":"purchasable","18":"product-type-simple"},"acf":[],"_links":{"self":[{"href":"https:\/\/cigarquality.com\/en\/wp-json\/wp\/v2\/product\/60375","targetHints":{"allow":["GET"]}}],"collection":[{"href":"https:\/\/cigarquality.com\/en\/wp-json\/wp\/v2\/product"}],"about":[{"href":"https:\/\/cigarquality.com\/en\/wp-json\/wp\/v2\/types\/product"}],"wp:featuredmedia":[{"embeddable":true,"href":"https:\/\/cigarquality.com\/en\/wp-json\/wp\/v2\/media\/60374"}],"wp:attachment":[{"href":"https:\/\/cigarquality.com\/en\/wp-json\/wp\/v2\/media?parent=60375"}],"wp:term":[{"taxonomy":"product_brand","embeddable":true,"href":"https:\/\/cigarquality.com\/en\/wp-json\/wp\/v2\/product_brand?post=60375"},{"taxonomy":"product_cat","embeddable":true,"href":"https:\/\/cigarquality.com\/en\/wp-json\/wp\/v2\/product_cat?post=60375"},{"taxonomy":"product_tag","embeddable":true,"href":"https:\/\/cigarquality.com\/en\/wp-json\/wp\/v2\/product_tag?post=60375"}],"curies":[{"name":"wp","href":"https:\/\/api.w.org\/{rel}","templated":true}]}}