{"id":60324,"date":"2022-05-02T10:57:31","date_gmt":"2022-05-02T09:57:31","guid":{"rendered":"https:\/\/cigarquality.com\/?post_type=product&#038;p=60324"},"modified":"2025-08-18T13:09:01","modified_gmt":"2025-08-18T11:09:01","slug":"ashton-classic-cordial-25","status":"publish","type":"product","link":"https:\/\/cigarquality.com\/en\/boutique\/cigares-dominicains\/ashton\/ashton-classic\/ashton-classic-cordial-25\/","title":{"rendered":"Ashton Classic Cordial (25)"},"content":{"rendered":"<p>Its length is defined at 12.5 cm and it has a diameter of 11.9 mm. The vitola is a 30-gauge. <strong>Ashton Classic Cordial burns for 25 minutes.<\/strong> The brand manufactures this long filler cigar in the Dominican Republic. It is entirely hand-crafted with a filler and binder made from tobacco from the Dominican Republic. This tobacco has been aged for 3 to 4 years. As for the golden wrapper, it is made from tobacco leaves grown in greenhouses on plantations along the Connecticut River (Massachusetts - USA).<\/p>\n<p>L\u2019Ashton Classic Cordial est un cigare moyen si l\u2019on consid\u00e8re sa puissance. En bouche, il lib\u00e8re une fum\u00e9e velout\u00e9e et cr\u00e9meuse qui \u00e9tale sur le palais une douce note bois\u00e9e m\u00eal\u00e9e \u00e0 une saveur de noix. Le tirage est agr\u00e9able et la combustibilit\u00e9 progresse de mani\u00e8re uniforme. Pour r\u00e9sumer, cette vitole a tout du cigare dominicain haut de gamme. Elle pla\u00eet aussi bien aux apprentis fumeurs qu\u2019aux grands exp\u00e9riment\u00e9s. On s\u2019offre un\u00a0Ashton\u00a0Classic Cordial lorsqu\u2019on a une forte envie de se d\u00e9lecter d\u2019un cigare de choix dans un temps limit\u00e9.<\/p>","protected":false},"excerpt":{"rendered":"<p>Box of 25 cigars.<\/p>","protected":false},"featured_media":60322,"template":"","meta":{"_acf_changed":false},"product_brand":[],"product_cat":[23113,23115,19809,19812],"product_tag":[],"class_list":{"0":"post-60324","1":"product","2":"type-product","3":"status-publish","4":"has-post-thumbnail","6":"product_cat-ashton","7":"product_cat-ashton-classic","8":"product_cat-cigares","9":"product_cat-cigares-dominicains","10":"product_shipping_class-cigares","12":"first","13":"instock","14":"sale","15":"taxable","16":"shipping-taxable","17":"purchasable","18":"product-type-simple"},"acf":[],"_links":{"self":[{"href":"https:\/\/cigarquality.com\/en\/wp-json\/wp\/v2\/product\/60324","targetHints":{"allow":["GET"]}}],"collection":[{"href":"https:\/\/cigarquality.com\/en\/wp-json\/wp\/v2\/product"}],"about":[{"href":"https:\/\/cigarquality.com\/en\/wp-json\/wp\/v2\/types\/product"}],"wp:featuredmedia":[{"embeddable":true,"href":"https:\/\/cigarquality.com\/en\/wp-json\/wp\/v2\/media\/60322"}],"wp:attachment":[{"href":"https:\/\/cigarquality.com\/en\/wp-json\/wp\/v2\/media?parent=60324"}],"wp:term":[{"taxonomy":"product_brand","embeddable":true,"href":"https:\/\/cigarquality.com\/en\/wp-json\/wp\/v2\/product_brand?post=60324"},{"taxonomy":"product_cat","embeddable":true,"href":"https:\/\/cigarquality.com\/en\/wp-json\/wp\/v2\/product_cat?post=60324"},{"taxonomy":"product_tag","embeddable":true,"href":"https:\/\/cigarquality.com\/en\/wp-json\/wp\/v2\/product_tag?post=60324"}],"curies":[{"name":"wp","href":"https:\/\/api.w.org\/{rel}","templated":true}]}}