{"id":59106,"date":"2022-04-08T12:50:18","date_gmt":"2022-04-08T11:50:18","guid":{"rendered":"https:\/\/cigarquality.com\/boutique\/non%20class\u00e9\/cumpay-maduro-volcan-20\/"},"modified":"2025-09-11T12:06:03","modified_gmt":"2025-09-11T10:06:03","slug":"cumpay-maduro-volcan-20","status":"publish","type":"product","link":"https:\/\/cigarquality.com\/en\/boutique\/cigares-nicaraguayens\/cumpay\/cumpay-maduro\/cumpay-maduro-volcan-20\/","title":{"rendered":"Cumpay Maduro Volcano (20)"},"content":{"rendered":"<p><strong>Cumpay Maduro Volcano cigar<\/strong>\u00a0is a Maduro from Nicaragua who promises intense smoke.\u00a0<strong>The Cumpay Maduro Volcano <\/strong>est envelopp\u00e9 d\u2019une \u00e9l\u00e9gante feuille de cape fonc\u00e9e. La terre volcanique conf\u00e8re au tabac un ar\u00f4me unique. Le m\u00e9lange de la tripe, de la sous-cape et de la feuille de cape, provient exclusivement de feuilles d\u2019Ometepe, de Jalapa et d\u2019Estel\u00ed, qui ont \u00e9t\u00e9 soigneusement ferment\u00e9es. Cela garantit un go\u00fbt unique, \u00e9quilibr\u00e9 et \u00e9tonnamment doux. Un soup\u00e7on de caf\u00e9 torr\u00e9fi\u00e9, de noisette et de douceur de caramel sont \u00e0 attendre de ce cigare. Le cigare est \u00e9quilibr\u00e9 et de force moyenne.<\/p>","protected":false},"excerpt":{"rendered":"<p>Box of 20 cigars.<\/p>","protected":false},"featured_media":59103,"template":"","meta":{"_acf_changed":false},"product_brand":[],"product_cat":[19809,24833,31991,35503],"product_tag":[],"class_list":{"0":"post-59106","1":"product","2":"type-product","3":"status-publish","4":"has-post-thumbnail","6":"product_cat-cigares","7":"product_cat-cigares-nicaraguayens","8":"product_cat-cumpay","9":"product_cat-cumpay-maduro","10":"product_shipping_class-cigares","12":"first","13":"instock","14":"sale","15":"taxable","16":"shipping-taxable","17":"purchasable","18":"product-type-simple"},"acf":[],"_links":{"self":[{"href":"https:\/\/cigarquality.com\/en\/wp-json\/wp\/v2\/product\/59106","targetHints":{"allow":["GET"]}}],"collection":[{"href":"https:\/\/cigarquality.com\/en\/wp-json\/wp\/v2\/product"}],"about":[{"href":"https:\/\/cigarquality.com\/en\/wp-json\/wp\/v2\/types\/product"}],"wp:featuredmedia":[{"embeddable":true,"href":"https:\/\/cigarquality.com\/en\/wp-json\/wp\/v2\/media\/59103"}],"wp:attachment":[{"href":"https:\/\/cigarquality.com\/en\/wp-json\/wp\/v2\/media?parent=59106"}],"wp:term":[{"taxonomy":"product_brand","embeddable":true,"href":"https:\/\/cigarquality.com\/en\/wp-json\/wp\/v2\/product_brand?post=59106"},{"taxonomy":"product_cat","embeddable":true,"href":"https:\/\/cigarquality.com\/en\/wp-json\/wp\/v2\/product_cat?post=59106"},{"taxonomy":"product_tag","embeddable":true,"href":"https:\/\/cigarquality.com\/en\/wp-json\/wp\/v2\/product_tag?post=59106"}],"curies":[{"name":"wp","href":"https:\/\/api.w.org\/{rel}","templated":true}]}}