{"id":58828,"date":"2022-03-30T10:57:48","date_gmt":"2022-03-30T08:57:48","guid":{"rendered":"https:\/\/cigarquality.com\/?post_type=product&#038;p=58828"},"modified":"2026-03-30T11:46:30","modified_gmt":"2026-03-30T09:46:30","slug":"cohiba-esplendidos-5x3","status":"publish","type":"product","link":"https:\/\/cigarquality.com\/en\/boutique\/cigares-cubains\/cohiba\/cohiba-linea-clasica\/cohiba-esplendidos-5x3\/","title":{"rendered":"Cohiba Esplendidos (5\u00d73)"},"content":{"rendered":"<p>Visit <strong>Cohiba Esplendidos <\/strong>is one of the most sought-after and prestigious modules of this brand, which today remains certainly the most exclusive of Cuban cigars...and not Cuban.<\/p>\n<p>D&rsquo;une taille qui impose d&#8217;embl\u00e9e le respect, ce Julieta n\u00b02, d&rsquo;une longueur de 178 mm et de 18,65 mm de diam\u00e8tre, demandera un peu plus d&rsquo;une heure pour r\u00e9v\u00e9ler toute sa palette aromatique, riche, dense et complexe. Jouant entre les notes bois\u00e9es et \u00e9pic\u00e9es, la d\u00e9gustation \u00e9volue sur le cacao sans jamais perdre son caract\u00e8re souple et onctueux. Sans nul doute, un tr\u00e8s grand Havane comme on aimerait en fumer plus souvent si la production n&rsquo;\u00e9tait malheureusement pas si limit\u00e9e.<\/p>\n<p>The Cohiba brand was born in a former diplomatic villa, El Laguito, at the request of Fidel Castro when he noticed one of his bodyguards smoking a particularly aromatic and expressive cigar. After finding out who made these vitolas, he hired 5 people to produce what would become THE Cuban cigar, reserved for government dignitaries and foreigners alike.<\/p>\n<p>Until 1982, Cohiba cigars were available only in Cuba and distributed only at official events. Fidel Castro then decided to make Cohiba a luxury cigar brand distributed to the general public. The first modules made up the Cl\u00e0sica range, then the Linea 1492, referring to Christopher Columbus and incorporating the \"Siglo\", was launched by Habanos SA in 1992.<\/p>\n<p>Edicion Limitada\" completes the range with, as the name suggests, limited editions eagerly awaited by aficionados.<\/p>\n<p>&nbsp;<\/p>","protected":false},"excerpt":{"rendered":"<p>5 boxes of 3 cigars.<\/p>","protected":false},"featured_media":58827,"template":"","meta":{"_acf_changed":false},"product_brand":[],"product_cat":[19809,19845,19885,45378],"product_tag":[],"class_list":{"0":"post-58828","1":"product","2":"type-product","3":"status-publish","4":"has-post-thumbnail","6":"product_cat-cigares","7":"product_cat-cigares-cubains","8":"product_cat-cohiba","9":"product_cat-cohiba-linea-clasica","10":"product_shipping_class-cigares","12":"first","13":"outofstock","14":"sold-individually","15":"taxable","16":"shipping-taxable","17":"purchasable","18":"product-type-simple"},"acf":[],"_links":{"self":[{"href":"https:\/\/cigarquality.com\/en\/wp-json\/wp\/v2\/product\/58828","targetHints":{"allow":["GET"]}}],"collection":[{"href":"https:\/\/cigarquality.com\/en\/wp-json\/wp\/v2\/product"}],"about":[{"href":"https:\/\/cigarquality.com\/en\/wp-json\/wp\/v2\/types\/product"}],"wp:featuredmedia":[{"embeddable":true,"href":"https:\/\/cigarquality.com\/en\/wp-json\/wp\/v2\/media\/58827"}],"wp:attachment":[{"href":"https:\/\/cigarquality.com\/en\/wp-json\/wp\/v2\/media?parent=58828"}],"wp:term":[{"taxonomy":"product_brand","embeddable":true,"href":"https:\/\/cigarquality.com\/en\/wp-json\/wp\/v2\/product_brand?post=58828"},{"taxonomy":"product_cat","embeddable":true,"href":"https:\/\/cigarquality.com\/en\/wp-json\/wp\/v2\/product_cat?post=58828"},{"taxonomy":"product_tag","embeddable":true,"href":"https:\/\/cigarquality.com\/en\/wp-json\/wp\/v2\/product_tag?post=58828"}],"curies":[{"name":"wp","href":"https:\/\/api.w.org\/{rel}","templated":true}]}}