{"id":57370,"date":"2022-01-25T15:21:09","date_gmt":"2022-01-25T14:21:09","guid":{"rendered":"https:\/\/cigarquality.com\/?post_type=product&#038;p=57370"},"modified":"2026-01-05T16:36:41","modified_gmt":"2026-01-05T15:36:41","slug":"juan-lopez-150-aniversario-seleccion-especial-lcdh-25","status":"publish","type":"product","link":"https:\/\/cigarquality.com\/en\/boutique\/cigares-cubains\/juan-lopez\/juan-lopez-150-aniversario-seleccion-especial-lcdh-25\/","title":{"rendered":"Juan L\u00f3pez 150 Aniversario Selecci\u00f3n Especial LCDH (25)"},"content":{"rendered":"<p><strong>The Juan L\u00f3pez 150 Aniversario Selecci\u00f3n Especial<\/strong> is delicately wrapped in a beautiful, shiny, oily cape.<\/p>\n<p>Its aromas evoke sweet, woody notes of green tea with floral accents. Entering the second third, notes of spice, cocoa and roasted coffee emerge. In the third third, more complexity, adding subtle notes of balanced bitterness, highlighting a great balance between aromas and flavors.<\/p>\n<p>Even when hot, the<strong>e Juan L\u00f3pez 150 Aniversario Selecci\u00f3n Especial<\/strong> has an impeccable draw, a perfect puff, neither too big nor too small.<\/p>\n<p>This new vitola commemorates the 150th anniversary of the<sup>e<\/sup>&nbsp;anniversary of the Juan L\u00f3pez brand and the 30th<sup>e<\/sup> anniversary of the La Casa del Habano franchise network, marked by the excellence of its services and the prestige of its products.&nbsp;<\/p>\n<p><strong>Smoking time : <\/strong>Over an hour of pure pleasure in medium to full-bodied strength.<\/p>\n<p>This magnificent Habano goes very well with Cuban rums of at least 15 years or 18-year-old Scotch whiskies.<\/p>\n<p>Juan L\u00f3pez is a brand created in the 1870s. Juan L\u00f3pez Selecci\u00f3n Especial was manufactured&nbsp;<em>\"Totalmente a Mano con Tripa Larga Enti\u00e8rement \u00e0 la main avec une tripe longue<\/em>&nbsp;- with cape, tripe and undercape leaves from the Vuelta Abajo* area, in the Pinar del R\u00edo* region,&nbsp;<span class=\"xn-location\">Cuba<\/span>made by expert Cuban cigar rollers.<\/p>","protected":false},"excerpt":{"rendered":"<p>Box of 25 cigars.<\/p>","protected":false},"featured_media":57371,"template":"","meta":{"_acf_changed":false},"product_brand":[],"product_cat":[19809,19845,19869,21511],"product_tag":[],"class_list":{"0":"post-57370","1":"product","2":"type-product","3":"status-publish","4":"has-post-thumbnail","6":"product_cat-cigares","7":"product_cat-cigares-cubains","8":"product_cat-edicion-la-casa-del-habano","9":"product_cat-juan-lopez","10":"product_shipping_class-cigares","12":"first","13":"outofstock","14":"taxable","15":"shipping-taxable","16":"purchasable","17":"product-type-simple"},"acf":[],"_links":{"self":[{"href":"https:\/\/cigarquality.com\/en\/wp-json\/wp\/v2\/product\/57370","targetHints":{"allow":["GET"]}}],"collection":[{"href":"https:\/\/cigarquality.com\/en\/wp-json\/wp\/v2\/product"}],"about":[{"href":"https:\/\/cigarquality.com\/en\/wp-json\/wp\/v2\/types\/product"}],"wp:featuredmedia":[{"embeddable":true,"href":"https:\/\/cigarquality.com\/en\/wp-json\/wp\/v2\/media\/57371"}],"wp:attachment":[{"href":"https:\/\/cigarquality.com\/en\/wp-json\/wp\/v2\/media?parent=57370"}],"wp:term":[{"taxonomy":"product_brand","embeddable":true,"href":"https:\/\/cigarquality.com\/en\/wp-json\/wp\/v2\/product_brand?post=57370"},{"taxonomy":"product_cat","embeddable":true,"href":"https:\/\/cigarquality.com\/en\/wp-json\/wp\/v2\/product_cat?post=57370"},{"taxonomy":"product_tag","embeddable":true,"href":"https:\/\/cigarquality.com\/en\/wp-json\/wp\/v2\/product_tag?post=57370"}],"curies":[{"name":"wp","href":"https:\/\/api.w.org\/{rel}","templated":true}]}}