{"id":56926,"date":"2021-12-21T15:22:00","date_gmt":"2021-12-21T14:22:00","guid":{"rendered":"https:\/\/cigarquality.com\/?post_type=product&#038;p=56926"},"modified":"2025-07-25T13:36:50","modified_gmt":"2025-07-25T11:36:50","slug":"ei-viejo-continente-edicion-aniversario-5-anos-salomon-10","status":"publish","type":"product","link":"https:\/\/cigarquality.com\/en\/boutique\/cigares-nicaraguayens\/el-viejo-continente\/ei-viejo-continente-edicion-aniversario-5-anos-salomon-10\/","title":{"rendered":"EI Viejo Continente Edici\u00f3n Aniversario 5 A\u00f1os Salom\u00f3n (10)"},"content":{"rendered":"<p>Cigars&nbsp;<strong>EI Viejo Continente Edici\u00f3n Aniversario 5 A\u00f1os Salom\u00f3n<\/strong>commemorate the brand's 5th anniversary. A quality cigar in a very limited edition, not to be missed.<\/p>\n<p>This perfecto features a chocolate Ecuadorian Habano maduro wrapper, artfully placed on a sub-cape from Jalapa, Nicaragua. The tripe is composed of a blend of leaves from Esteli, Jalapa and Ometepe, three of Nicaragua's main tobacco-producing regions.<\/p>\n<p>Once lit, this cigar starts out medium-bodied, then becomes very strong, both in intensity and flavor, to offer a memorable experience.<\/p>","protected":false},"excerpt":{"rendered":"<p>Box of 10 cigars.<\/p>","protected":false},"featured_media":56927,"template":"","meta":{"_acf_changed":false},"product_brand":[],"product_cat":[19809,24833,34934],"product_tag":[2095],"class_list":{"0":"post-56926","1":"product","2":"type-product","3":"status-publish","4":"has-post-thumbnail","6":"product_cat-cigares","7":"product_cat-cigares-nicaraguayens","8":"product_cat-el-viejo-continente","9":"product_tag-epices","10":"product_shipping_class-cigares","12":"first","13":"instock","14":"taxable","15":"shipping-taxable","16":"purchasable","17":"product-type-simple"},"acf":[],"_links":{"self":[{"href":"https:\/\/cigarquality.com\/en\/wp-json\/wp\/v2\/product\/56926","targetHints":{"allow":["GET"]}}],"collection":[{"href":"https:\/\/cigarquality.com\/en\/wp-json\/wp\/v2\/product"}],"about":[{"href":"https:\/\/cigarquality.com\/en\/wp-json\/wp\/v2\/types\/product"}],"wp:featuredmedia":[{"embeddable":true,"href":"https:\/\/cigarquality.com\/en\/wp-json\/wp\/v2\/media\/56927"}],"wp:attachment":[{"href":"https:\/\/cigarquality.com\/en\/wp-json\/wp\/v2\/media?parent=56926"}],"wp:term":[{"taxonomy":"product_brand","embeddable":true,"href":"https:\/\/cigarquality.com\/en\/wp-json\/wp\/v2\/product_brand?post=56926"},{"taxonomy":"product_cat","embeddable":true,"href":"https:\/\/cigarquality.com\/en\/wp-json\/wp\/v2\/product_cat?post=56926"},{"taxonomy":"product_tag","embeddable":true,"href":"https:\/\/cigarquality.com\/en\/wp-json\/wp\/v2\/product_tag?post=56926"}],"curies":[{"name":"wp","href":"https:\/\/api.w.org\/{rel}","templated":true}]}}