{"id":55027,"date":"2021-09-06T10:22:14","date_gmt":"2021-09-06T09:22:14","guid":{"rendered":"https:\/\/cigarquality.com\/?post_type=product&#038;p=55027"},"modified":"2026-03-30T13:33:49","modified_gmt":"2026-03-30T11:33:49","slug":"vegueros-mananitas-4x4","status":"publish","type":"product","link":"https:\/\/cigarquality.com\/en\/boutique\/cigares-cubains\/vegueros\/vegueros-mananitas-4x4\/","title":{"rendered":"Vegueros Ma\u00f1anitas (4\u00d74)"},"content":{"rendered":"<p><strong>Cuban puros Vegueros Ma\u00f1anitas<\/strong>&nbsp;are the smallest models in the brand's catalog. The vitola is 100 mm long and has a diameter of 16.7 mm. It is fitted with a calibre 46. Ma\u00f1anitas cigars feature a Pyr\u00e1mide module (the head is beveled) with a stoutness reminiscent of a small Robusto. Smokers devour this Figurado in 25 minutes! <strong>These Habanos are handmade in the Francisco Donat\u00eden factory<\/strong>&nbsp;&agrave; Cuba. Il s&rsquo;agit de cigares &agrave; tripe longue avec un niveau de construction et de finition particuli&egrave;rement &eacute;lev&eacute;. Cette rigueur dans le processus de fabrication se refl&egrave;te dans les caract&eacute;ristiques techniques du cigare. Sa r&eacute;sistance au tirage est irr&eacute;prochable et sa combustibilit&eacute; est impeccable. La cape rev&ecirc;t un majestueux colorado claro (brun dor&eacute;). Les Vegueros Ma&ntilde;anitas sont faits &agrave; partir de tabacs d&rsquo;exception, &agrave; savoir, ceux qui sont cultiv&eacute;s dans la r&eacute;gion de la Vuelta Abajo. Ce sont des cigares de force moyenne, pouvant &eacute;ventuellement atteindre le niveau fort. Ils sont en revanche fortement aromatis&eacute;s. Leur palette d&rsquo;ar&ocirc;mes est l&eacute;g&egrave;rement &eacute;pic&eacute;e (on y d&eacute;c&egrave;le une petite touche poivr&eacute;e). Les notes v&eacute;g&eacute;tales (herbes et fruits entre autres) et la saveur terreuse sont dominantes dans cette gamme aromatique. Les Habanos Vegueros Ma&ntilde;anitas sont pr&eacute;sent&eacute;s dans deux types d&rsquo;emballage : une bo&icirc;te m&eacute;tallique en &eacute;tain contenant un cabinet de 16 cigares et un paquet en carton dans lequel 4 pi&egrave;ces sont gliss&eacute;es.&nbsp;<strong>The cigar will appeal to novice smokers!<\/strong><\/p>","protected":false},"excerpt":{"rendered":"<p>4 cases of 4 cigars.<\/p>","protected":false},"featured_media":55028,"template":"","meta":{"_acf_changed":false},"product_brand":[],"product_cat":[19809,19845,25818],"product_tag":[],"class_list":{"0":"post-55027","1":"product","2":"type-product","3":"status-publish","4":"has-post-thumbnail","6":"product_cat-cigares","7":"product_cat-cigares-cubains","8":"product_cat-vegueros","9":"product_shipping_class-cigares","11":"first","12":"outofstock","13":"taxable","14":"shipping-taxable","15":"purchasable","16":"product-type-simple"},"acf":[],"_links":{"self":[{"href":"https:\/\/cigarquality.com\/en\/wp-json\/wp\/v2\/product\/55027","targetHints":{"allow":["GET"]}}],"collection":[{"href":"https:\/\/cigarquality.com\/en\/wp-json\/wp\/v2\/product"}],"about":[{"href":"https:\/\/cigarquality.com\/en\/wp-json\/wp\/v2\/types\/product"}],"wp:featuredmedia":[{"embeddable":true,"href":"https:\/\/cigarquality.com\/en\/wp-json\/wp\/v2\/media\/55028"}],"wp:attachment":[{"href":"https:\/\/cigarquality.com\/en\/wp-json\/wp\/v2\/media?parent=55027"}],"wp:term":[{"taxonomy":"product_brand","embeddable":true,"href":"https:\/\/cigarquality.com\/en\/wp-json\/wp\/v2\/product_brand?post=55027"},{"taxonomy":"product_cat","embeddable":true,"href":"https:\/\/cigarquality.com\/en\/wp-json\/wp\/v2\/product_cat?post=55027"},{"taxonomy":"product_tag","embeddable":true,"href":"https:\/\/cigarquality.com\/en\/wp-json\/wp\/v2\/product_tag?post=55027"}],"curies":[{"name":"wp","href":"https:\/\/api.w.org\/{rel}","templated":true}]}}