{"id":54473,"date":"2021-08-09T08:37:36","date_gmt":"2021-08-09T07:37:36","guid":{"rendered":"https:\/\/cigarquality.com\/?post_type=product&#038;p=54473"},"modified":"2026-01-05T14:57:11","modified_gmt":"2026-01-05T13:57:11","slug":"h-upmann-magnum-50-tubos-5x3","status":"publish","type":"product","link":"https:\/\/cigarquality.com\/en\/boutique\/cigares-cubains\/h-upmann\/hupmann-magnum\/h-upmann-magnum-50-tubos-5x3\/","title":{"rendered":"H. Upmann Magnum 50 Tubos (5\u00d73)"},"content":{"rendered":"<p>Pour ceux qui ont connu le Magnum 50 en s\u00e9rie limit\u00e9e de 2005, voici le retour de cette fabuleuse vitole. Le H. Upmann Magnum 50 Tubos est, sans aucun doute, une des plus belles r\u00e9alisations. Sa taille de Grand Robusto, lui donne une \u00e9l\u00e9gance et une prestance extraordinaires. D\u00e8s l\u2019embrasement, la fum\u00e9e voluptueuse offre au palais une tonicit\u00e9 \u00e9tonnante. On d\u00e9couvre rapidement des notes de fruits rouge et d\u2019\u00e9pices. Le final enivrant confirme un cigare complet dans les valeurs riches et traditionnelles des grands cigares cubains.<\/p>","protected":false},"excerpt":{"rendered":"<p>Box of 3 cigars in tube.<\/p>","protected":false},"featured_media":54474,"template":"","meta":{"_acf_changed":false},"product_brand":[],"product_cat":[19809,19845,20967,45384],"product_tag":[],"class_list":{"0":"post-54473","1":"product","2":"type-product","3":"status-publish","4":"has-post-thumbnail","6":"product_cat-cigares","7":"product_cat-cigares-cubains","8":"product_cat-h-upmann","9":"product_cat-hupmann-magnum","10":"product_shipping_class-cigares","12":"first","13":"outofstock","14":"taxable","15":"shipping-taxable","16":"purchasable","17":"product-type-simple"},"acf":[],"_links":{"self":[{"href":"https:\/\/cigarquality.com\/en\/wp-json\/wp\/v2\/product\/54473","targetHints":{"allow":["GET"]}}],"collection":[{"href":"https:\/\/cigarquality.com\/en\/wp-json\/wp\/v2\/product"}],"about":[{"href":"https:\/\/cigarquality.com\/en\/wp-json\/wp\/v2\/types\/product"}],"wp:featuredmedia":[{"embeddable":true,"href":"https:\/\/cigarquality.com\/en\/wp-json\/wp\/v2\/media\/54474"}],"wp:attachment":[{"href":"https:\/\/cigarquality.com\/en\/wp-json\/wp\/v2\/media?parent=54473"}],"wp:term":[{"taxonomy":"product_brand","embeddable":true,"href":"https:\/\/cigarquality.com\/en\/wp-json\/wp\/v2\/product_brand?post=54473"},{"taxonomy":"product_cat","embeddable":true,"href":"https:\/\/cigarquality.com\/en\/wp-json\/wp\/v2\/product_cat?post=54473"},{"taxonomy":"product_tag","embeddable":true,"href":"https:\/\/cigarquality.com\/en\/wp-json\/wp\/v2\/product_tag?post=54473"}],"curies":[{"name":"wp","href":"https:\/\/api.w.org\/{rel}","templated":true}]}}