{"id":51799,"date":"2021-02-24T12:15:06","date_gmt":"2021-02-24T11:15:06","guid":{"rendered":"https:\/\/cigarquality.com\/?post_type=product&#038;p=51799"},"modified":"2026-01-05T16:32:41","modified_gmt":"2026-01-05T15:32:41","slug":"hoyo-de-monterrey-le-hoyo-de-rio-seco-a-t-5-x-3","status":"publish","type":"product","link":"https:\/\/cigarquality.com\/en\/boutique\/cigares-cubains\/hoyo-de-monterrey\/hoyo-de-monterrey-le-hoyo\/hoyo-de-monterrey-le-hoyo-de-rio-seco-a-t-5-x-3\/","title":{"rendered":"Hoyo de Monterrey Hoyo de R\u00edo Seco Tubos (5\u00d73)"},"content":{"rendered":"<p><strong>Hoyo de Monterrey The Hoyo de R\u00edo Seco Tubos,<\/strong> the new vitola from the Hoyo de Monterrey brand joins the Le Hoyo series to extend the range of large-diameter cigars. Like the brand's other cigars, the Hoyo de Rio Seco is made <strong>\"Totalmente a Mano con Tripa Larga - totally by hand with a long tripe\".<\/strong> - by talented Cuban torcedores (cigar rollers). <strong>The new Hoyo de Monterrey de R\u00edo Seco is sure to delight lovers of delicate, aromatic and light cigars.&nbsp;<\/strong> &nbsp;<\/p>","protected":false},"excerpt":{"rendered":"<p>5 boxes of 3 cigars in tube.<\/p>","protected":false},"featured_media":51798,"template":"","meta":{"_acf_changed":false},"product_brand":[],"product_cat":[19809,19845,35059,20969,45388],"product_tag":[],"class_list":{"0":"post-51799","1":"product","2":"type-product","3":"status-publish","4":"has-post-thumbnail","6":"product_cat-cigares","7":"product_cat-cigares-cubains","8":"product_cat-etuis-de-3-a-5-cigares","9":"product_cat-hoyo-de-monterrey","10":"product_cat-hoyo-de-monterrey-le-hoyo","11":"product_shipping_class-cigares","13":"first","14":"outofstock","15":"taxable","16":"shipping-taxable","17":"purchasable","18":"product-type-simple"},"acf":[],"_links":{"self":[{"href":"https:\/\/cigarquality.com\/en\/wp-json\/wp\/v2\/product\/51799","targetHints":{"allow":["GET"]}}],"collection":[{"href":"https:\/\/cigarquality.com\/en\/wp-json\/wp\/v2\/product"}],"about":[{"href":"https:\/\/cigarquality.com\/en\/wp-json\/wp\/v2\/types\/product"}],"wp:featuredmedia":[{"embeddable":true,"href":"https:\/\/cigarquality.com\/en\/wp-json\/wp\/v2\/media\/51798"}],"wp:attachment":[{"href":"https:\/\/cigarquality.com\/en\/wp-json\/wp\/v2\/media?parent=51799"}],"wp:term":[{"taxonomy":"product_brand","embeddable":true,"href":"https:\/\/cigarquality.com\/en\/wp-json\/wp\/v2\/product_brand?post=51799"},{"taxonomy":"product_cat","embeddable":true,"href":"https:\/\/cigarquality.com\/en\/wp-json\/wp\/v2\/product_cat?post=51799"},{"taxonomy":"product_tag","embeddable":true,"href":"https:\/\/cigarquality.com\/en\/wp-json\/wp\/v2\/product_tag?post=51799"}],"curies":[{"name":"wp","href":"https:\/\/api.w.org\/{rel}","templated":true}]}}