{"id":51630,"date":"2021-02-05T14:25:12","date_gmt":"2021-02-05T13:25:12","guid":{"rendered":"https:\/\/cigarquality.com\/?post_type=product&#038;p=51630"},"modified":"2025-11-24T12:10:01","modified_gmt":"2025-11-24T11:10:01","slug":"hoyo-de-monterrey-primaveras-year-of-the-ox-18","status":"publish","type":"product","link":"https:\/\/cigarquality.com\/en\/boutique\/cigares-cubains\/hoyo-de-monterrey\/hoyo-de-monterrey-edicion-limitada\/hoyo-de-monterrey-primaveras-year-of-the-ox-18\/","title":{"rendered":"Hoyo de Monterrey Primaveras Year Of The OX (18)"},"content":{"rendered":"<p><strong>Hoyo de Monterrey Primaveras Year Of The OX<\/strong> is the cigar with which Habanos SA is celebrating the Year of the Ox. The cigar celebrated its debut on January 13 via a virtual event organized by Pacific Cigar Co. the distributor of Habanos SA products in the Asia-Pacific region, and featuring Leopoldo Cintra Gonzalez, Vice President Sales for Habanos SA, and Jose Maria Lopez Inchaurbe , Vice President Development for Habanos SA.<\/p>\n<p><strong>Hoyo de Monterrey Primaveras Year Of The OX<\/strong> measures 6 7\/12\u2033 (167 mm) long and has a 48 (19.05 mm) ring, a parejo vitola known as Hermosos No. 1. It is the same size as the San Cristobal Mercaderes, an exclusive La Casa del Habano release, as well as the Romeo y Julieta Hermosos No. 1 Edici\u00f3n Limitada 2003 and the Montecristo Dant\u00e9s Edici\u00f3n Limitada 2016.<\/p>\n<p>Un total de 8&rsquo;888 bo&icirc;tes de 18 cigares sont lanc&eacute;s, les chiffres faisant un clin d&rsquo;&oelig;il au chiffre 8, qui est un chiffre porteur de chance dans la culture chinoise. Chaque bo&icirc;te pr&eacute;sente une palette de couleurs rouge et or, qui ne sont pas seulement les couleurs de Hoyo de Monterrey, mais &eacute;galement des couleurs significatives dans la culture chinoise, car le rouge symbolise la bonne fortune et la joie, tandis que le jaune ou l&rsquo;or symbolise la richesse. Sans conteste, cette s&eacute;rie limit&eacute;e est d&eacute;j&agrave; un \u00ab\u00a0Must Have\u00a0\u00bb pour tout collectionneur ou amateur avertis.<\/p>","protected":false},"excerpt":{"rendered":"<p>Box of 18 cigars.<\/p>","protected":false},"featured_media":51634,"template":"","meta":{"_acf_changed":false},"product_brand":[],"product_cat":[19809,19845,19788,19881,19793,20969,45386],"product_tag":[],"class_list":{"0":"post-51630","1":"product","2":"type-product","3":"status-publish","4":"has-post-thumbnail","6":"product_cat-cigares","7":"product_cat-cigares-cubains","8":"product_cat-collection-privee","9":"product_cat-editions-limitees-2","10":"product_cat-hard-to-find","11":"product_cat-hoyo-de-monterrey","12":"product_cat-hoyo-de-monterrey-edicion-limitada","13":"product_shipping_class-cigares","15":"first","16":"outofstock","17":"taxable","18":"shipping-taxable","19":"purchasable","20":"product-type-simple"},"acf":[],"_links":{"self":[{"href":"https:\/\/cigarquality.com\/en\/wp-json\/wp\/v2\/product\/51630","targetHints":{"allow":["GET"]}}],"collection":[{"href":"https:\/\/cigarquality.com\/en\/wp-json\/wp\/v2\/product"}],"about":[{"href":"https:\/\/cigarquality.com\/en\/wp-json\/wp\/v2\/types\/product"}],"wp:featuredmedia":[{"embeddable":true,"href":"https:\/\/cigarquality.com\/en\/wp-json\/wp\/v2\/media\/51634"}],"wp:attachment":[{"href":"https:\/\/cigarquality.com\/en\/wp-json\/wp\/v2\/media?parent=51630"}],"wp:term":[{"taxonomy":"product_brand","embeddable":true,"href":"https:\/\/cigarquality.com\/en\/wp-json\/wp\/v2\/product_brand?post=51630"},{"taxonomy":"product_cat","embeddable":true,"href":"https:\/\/cigarquality.com\/en\/wp-json\/wp\/v2\/product_cat?post=51630"},{"taxonomy":"product_tag","embeddable":true,"href":"https:\/\/cigarquality.com\/en\/wp-json\/wp\/v2\/product_tag?post=51630"}],"curies":[{"name":"wp","href":"https:\/\/api.w.org\/{rel}","templated":true}]}}