{"id":50974,"date":"2020-12-17T14:14:07","date_gmt":"2020-12-17T13:14:07","guid":{"rendered":"https:\/\/cigarquality.com\/?post_type=product&#038;p=50974"},"modified":"2025-08-06T10:11:42","modified_gmt":"2025-08-06T08:11:42","slug":"montecristo-gran-piramides-book-coleccion-habanos-20","status":"publish","type":"product","link":"https:\/\/cigarquality.com\/en\/boutique\/cigares-cubains\/montecristo\/montecristo-gran-piramides-book-coleccion-habanos-20\/","title":{"rendered":"Montecristo Gran Pir\u00e1mides Book Colecci\u00f3n Habanos (20)"},"content":{"rendered":"<p>The 2017 edition of Colecci\u00f3n Habanos Montecristo Gran Piramides is finally here!<br \/>Each new volume in the Colecci\u00f3n Habanos&nbsp;<strong>is one of Habanos S.A.'s most eagerly awaited special productions.<\/strong>&nbsp;by aficionados the world over.<\/p>\n<p><strong>Le Book Montecristo Gran Pir\u00e1mides 2017 Colecci\u00f3n Habanos<\/strong> follows on from 2016's Book Romeo y Julieta Fabulosos No.2 (52 x 190 mm). It is the second volume dedicated to the Montecristo brand, the first being Maravillas No.1 (55 x 182 mm) from 2005.<\/p>\n<p>Intended for Casa del Habano boutiques, production is limited to 2,000 units. <strong>Each Montecristo Gran Pir\u00e1mides 2017 Colecci\u00f3n Habanos Book contains 20 Gran Pir\u00e1mides cigars (22.44 mm x 160 mm).<\/strong> This vitola has been specially created for the occasion to pay tribute to one of the brand's most emblematic cigars: <strong>the Montecristo No.2.<\/strong><\/p>\n<p>Gran Pir\u00e1mides is a Habano to be enjoyed at the big moments of your life. Featuring an exquisite blend, it has been made \"Totalmente a Mano con Tripa Larga\" with leaves from Vuelta Abajo, in the Pinar del Rio region, <strong>home to the world's finest tobacco.<\/strong> Of medium strength, this Figurado offers distinguished aromas that will delight the palate of experienced smokers.<\/p>","protected":false},"excerpt":{"rendered":"<p>Box of 20 cigars.<\/p>","protected":false},"featured_media":50982,"template":"","meta":{"_acf_changed":false},"product_brand":[],"product_cat":[19809,19845,19788,19793,16866,20617],"product_tag":[],"class_list":{"0":"post-50974","1":"product","2":"type-product","3":"status-publish","4":"has-post-thumbnail","6":"product_cat-cigares","7":"product_cat-cigares-cubains","8":"product_cat-collection-privee","9":"product_cat-hard-to-find","10":"product_cat-les-meilleurs-cigares","11":"product_cat-montecristo","12":"product_shipping_class-cigares","14":"first","15":"outofstock","16":"taxable","17":"shipping-taxable","18":"purchasable","19":"product-type-simple"},"acf":[],"_links":{"self":[{"href":"https:\/\/cigarquality.com\/en\/wp-json\/wp\/v2\/product\/50974","targetHints":{"allow":["GET"]}}],"collection":[{"href":"https:\/\/cigarquality.com\/en\/wp-json\/wp\/v2\/product"}],"about":[{"href":"https:\/\/cigarquality.com\/en\/wp-json\/wp\/v2\/types\/product"}],"wp:featuredmedia":[{"embeddable":true,"href":"https:\/\/cigarquality.com\/en\/wp-json\/wp\/v2\/media\/50982"}],"wp:attachment":[{"href":"https:\/\/cigarquality.com\/en\/wp-json\/wp\/v2\/media?parent=50974"}],"wp:term":[{"taxonomy":"product_brand","embeddable":true,"href":"https:\/\/cigarquality.com\/en\/wp-json\/wp\/v2\/product_brand?post=50974"},{"taxonomy":"product_cat","embeddable":true,"href":"https:\/\/cigarquality.com\/en\/wp-json\/wp\/v2\/product_cat?post=50974"},{"taxonomy":"product_tag","embeddable":true,"href":"https:\/\/cigarquality.com\/en\/wp-json\/wp\/v2\/product_tag?post=50974"}],"curies":[{"name":"wp","href":"https:\/\/api.w.org\/{rel}","templated":true}]}}