{"id":50661,"date":"2020-12-01T11:44:29","date_gmt":"2020-12-01T10:44:29","guid":{"rendered":"https:\/\/cigarquality.com\/?post_type=product&#038;p=50661"},"modified":"2025-08-06T10:06:09","modified_gmt":"2025-08-06T08:06:09","slug":"bolivar-short-bolivar-edicion-regional-andorra-2017-20","status":"publish","type":"product","link":"https:\/\/cigarquality.com\/en\/boutique\/cigares-cubains\/bolivar\/bolivar-short-bolivar-edicion-regional-andorra-2017-20\/","title":{"rendered":"Bolivar Short Bol\u00edvar Edici\u00f3n Regional Andorra 2017 (20)"},"content":{"rendered":"<p>This is the first time that the Bol\u00edvar brand has been chosen, making Andorra one of the countries with the most Bol\u00edvars! Andorra may be one of Europe's smallest sovereign states, but it stands out for the number of regional editions it has: 7.<\/p>\n<p>Le Bolivar Short Bol&iacute;var Edici&oacute;n Regional Andorra 2017 est un module identique que celui choisi par les pays nordiques (Danemark, Finlande, Islande, Norv&egrave;ge et Su&egrave;de) avec le Rafa&euml;l Gonz&aacute;lez North Star sorti la m&ecirc;me ann&eacute;e. Il s&rsquo;agit d&rsquo;un Petit Robusto de 19.84 mm de diam&egrave;tre (50) x 102 mm de long), une vitole qui a d&eacute;j&agrave; sans doute conquis les aficionados andorrans, car elle a d&eacute;j&agrave; &eacute;t&eacute; utilis&eacute;e en 2009 par Juan L&oacute;pez pour une pr&eacute;c&eacute;dente &eacute;dition r&eacute;gionale : le Short Robusto. Plus g&eacute;n&eacute;ralement, le Petit Robusto a &eacute;t&eacute; utilis&eacute; &agrave; de nombreuses reprises, 16 fois, dans le programme des &eacute;ditions r&eacute;gionales. Il n&rsquo;est cependant pr&eacute;sent qu&rsquo;au catalogue r&eacute;gulier de deux marques : Hoyo de Monterrey et Romeo y Julieta avec les Petit Robusto et Petit Churchills respectivement.<\/p>\n<p>Quant au nom du cigare,&nbsp;Short Bol&iacute;var, un cigare homonyme a d&eacute;j&agrave; &eacute;t&eacute; produit par la marque en&nbsp;2008, pour une&nbsp;&eacute;dition r&eacute;gionale Asia Pacifico. Cependant, les cigares sont en fait&nbsp;tr&egrave;s diff&eacute;rents. En effet la version de&nbsp;2008&nbsp;est un&nbsp;Petit Edmundo&nbsp;(52 x 11 mm) et est pr&eacute;sent&eacute;e en&nbsp;bo&icirc;te de 25 cigares, produites &agrave;&nbsp;7&rsquo;400 exemplaires. Tandis que la version andorrane est&nbsp;limit&eacute;e&nbsp;&agrave; 3&rsquo;000 bo&icirc;tes&nbsp;de&nbsp;20 cigares,&nbsp;individuellement num&eacute;rot&eacute;es&nbsp;et destin&eacute;es au&nbsp;march&eacute; andorran.<\/p>\n<p>Vitola: Small Robusto 19.84 mm (50) x 102 mm.<\/p>\n<p><strong>Limited Edition of 3000 boxes.<\/strong><\/p>","protected":false},"excerpt":{"rendered":"<p>Box of 20 cigars.<\/p>","protected":false},"featured_media":50665,"template":"","meta":{"_acf_changed":false},"product_brand":[],"product_cat":[20965,19809,19845,19873],"product_tag":[],"class_list":{"0":"post-50661","1":"product","2":"type-product","3":"status-publish","4":"has-post-thumbnail","6":"product_cat-bolivar","7":"product_cat-cigares","8":"product_cat-cigares-cubains","9":"product_cat-edicion-regional","10":"product_shipping_class-cigares","12":"first","13":"outofstock","14":"taxable","15":"shipping-taxable","16":"purchasable","17":"product-type-simple"},"acf":[],"_links":{"self":[{"href":"https:\/\/cigarquality.com\/en\/wp-json\/wp\/v2\/product\/50661","targetHints":{"allow":["GET"]}}],"collection":[{"href":"https:\/\/cigarquality.com\/en\/wp-json\/wp\/v2\/product"}],"about":[{"href":"https:\/\/cigarquality.com\/en\/wp-json\/wp\/v2\/types\/product"}],"wp:featuredmedia":[{"embeddable":true,"href":"https:\/\/cigarquality.com\/en\/wp-json\/wp\/v2\/media\/50665"}],"wp:attachment":[{"href":"https:\/\/cigarquality.com\/en\/wp-json\/wp\/v2\/media?parent=50661"}],"wp:term":[{"taxonomy":"product_brand","embeddable":true,"href":"https:\/\/cigarquality.com\/en\/wp-json\/wp\/v2\/product_brand?post=50661"},{"taxonomy":"product_cat","embeddable":true,"href":"https:\/\/cigarquality.com\/en\/wp-json\/wp\/v2\/product_cat?post=50661"},{"taxonomy":"product_tag","embeddable":true,"href":"https:\/\/cigarquality.com\/en\/wp-json\/wp\/v2\/product_tag?post=50661"}],"curies":[{"name":"wp","href":"https:\/\/api.w.org\/{rel}","templated":true}]}}