{"id":49742,"date":"2018-03-29T10:27:37","date_gmt":"2018-03-29T09:27:37","guid":{"rendered":"https:\/\/mkulcarx.preview.infomaniak.website\/produit\/juan-lopez-seleccion-no-2-slb-25-2\/"},"modified":"2026-01-05T16:36:55","modified_gmt":"2026-01-05T15:36:55","slug":"juan-lopez-seleccion-no-2-slb-25","status":"publish","type":"product","link":"https:\/\/cigarquality.com\/en\/boutique\/cigares-cubains\/juan-lopez\/juan-lopez-seleccion-no-2-slb-25\/","title":{"rendered":"Juan L\u00f3pez Selecci\u00f3n No. 2 SLB (25)"},"content":{"rendered":"<p>The Juan L\u00f3pez Selecci\u00f3n No. 2 is a Cuban cigar that combines panache, beautifully executed aromas and a very successful look. A blend of woody touches, dried flowers, then musk, pepper and leather. <strong>A Robusto that does justice to discerning enthusiasts.<\/strong><\/p>\n<p><span id=\"p50\">The Juan Lopez brand, whose real name is La Flor de Juan Lopez, was founded in 1876 by Juan Lopez Diaz. <\/span><span id=\"p1\">and the<span id=\"11\" class=\"s-bl-t\">&nbsp;<\/span>Juan Lopez&nbsp;<span id=\"8\" class=\"s-rg-t\">Seleccion<\/span>&nbsp;N\u00b0 2 was created by the brand in the<span id=\"18\" class=\"s-bl-t\">&nbsp;<\/span>1990s.<\/span><\/p>\n<p><span id=\"p2\">Raw, we<span id=\"23\" class=\"s-bl-t\">&nbsp;<\/span>perceives notes<span id=\"26\" class=\"s-bl-t\">&nbsp;<\/span>and slightly spicy.<\/span><span id=\"p3\">&nbsp;The first<span id=\"31\">&nbsp;<\/span>The woody, herbal flavors of this cigar last until the second third, and surprise us at the end with roasted, earthy notes.<\/span><\/p>\n<p>This Robusto, sold in boxes of 25 cigars, measures 124mm in length and 19.84mm in diameter.<\/p>\n<p>The cigar <span id=\"p1\">Juan Lopez&nbsp;<span id=\"8\" class=\"s-rg-t\">Seleccion<\/span> N\u00b0 2 is a Cuban cigar produced and exported by the Habanos company.&nbsp;<\/span><\/p>\n<p>&nbsp;<\/p>","protected":false},"excerpt":{"rendered":"<p>Box of 25 cigars.<\/p>","protected":false},"featured_media":8120,"template":"","meta":{"_acf_changed":false},"product_brand":[],"product_cat":[19809,19845,21511,16866],"product_tag":[],"class_list":{"0":"post-49742","1":"product","2":"type-product","3":"status-publish","4":"has-post-thumbnail","6":"product_cat-cigares","7":"product_cat-cigares-cubains","8":"product_cat-juan-lopez","9":"product_cat-les-meilleurs-cigares","10":"product_shipping_class-cigares","12":"first","13":"outofstock","14":"taxable","15":"shipping-taxable","16":"purchasable","17":"product-type-simple"},"acf":[],"_links":{"self":[{"href":"https:\/\/cigarquality.com\/en\/wp-json\/wp\/v2\/product\/49742","targetHints":{"allow":["GET"]}}],"collection":[{"href":"https:\/\/cigarquality.com\/en\/wp-json\/wp\/v2\/product"}],"about":[{"href":"https:\/\/cigarquality.com\/en\/wp-json\/wp\/v2\/types\/product"}],"wp:featuredmedia":[{"embeddable":true,"href":"https:\/\/cigarquality.com\/en\/wp-json\/wp\/v2\/media\/8120"}],"wp:attachment":[{"href":"https:\/\/cigarquality.com\/en\/wp-json\/wp\/v2\/media?parent=49742"}],"wp:term":[{"taxonomy":"product_brand","embeddable":true,"href":"https:\/\/cigarquality.com\/en\/wp-json\/wp\/v2\/product_brand?post=49742"},{"taxonomy":"product_cat","embeddable":true,"href":"https:\/\/cigarquality.com\/en\/wp-json\/wp\/v2\/product_cat?post=49742"},{"taxonomy":"product_tag","embeddable":true,"href":"https:\/\/cigarquality.com\/en\/wp-json\/wp\/v2\/product_tag?post=49742"}],"curies":[{"name":"wp","href":"https:\/\/api.w.org\/{rel}","templated":true}]}}