{"id":49714,"date":"2018-03-29T10:27:59","date_gmt":"2018-03-29T09:27:59","guid":{"rendered":"https:\/\/mkulcarx.preview.infomaniak.website\/produit\/partagas-shorts-25-2\/"},"modified":"2026-01-06T13:51:34","modified_gmt":"2026-01-06T12:51:34","slug":"partagas-shorts-25","status":"publish","type":"product","link":"https:\/\/cigarquality.com\/en\/boutique\/cigares-cubains\/partagas\/partagas-linea-clasica\/partagas-shorts-25\/","title":{"rendered":"Partagas Shorts (25)"},"content":{"rendered":"<p><strong>Le Partagas Shorts<\/strong> is now one of the brand's most popular modules, with its ideal dimensions of 110 mm in length and 16.67 mm in diameter. A relatively powerful cigar, it is a \"puro\" (100% Cuban tobacco) that expresses itself on rather spicy notes tinged with exotic woody notes.<\/p>\n<p>This Tr\u00e8s Petit Corona is perfect for a twenty-minute pase. You can buy this cigar in boxes of 25 or cabinets of 50.<\/p>\n<p>Cuba's oldest cigar factory, Partagas was founded in 1845 by Don Jaime Partagas Ravelo when he left Spain for Havana. As the owner of several tobacco farms in the Vuelta Abajo, a region recognized as the world's \u00abgrand cru\u00bb for tobacco, Don Jaime had the best raw material to produce excellent cigars. Success soon followed, and many aristocrats of all nationalities were among his loyal customers, so much so that the factory was almost renamed \u00abManufacture Royale\u00bb.<\/p>\n<p>Sous l&rsquo;\u00e9lan avant-gardiste de son fondateur, Partagas fut la premi\u00e8re manufacture \u00e0 exp\u00e9rimenter les diff\u00e9rentes techniques de fermentation et fut \u00e9galement la premi\u00e8re \u00e0 avoir recours aux services d&rsquo;un \u00ab\u00a0lecteur\u00a0\u00bb, rendant le travail des torcedor moins monotone et surtout contribuant \u00e0 la culture et l&rsquo;\u00e9ducation de ses employ\u00e9s. Par suite du d\u00e9c\u00e8s de Don Jaime Partagas Ravelo, la manufacture connu plusieurs changements de propri\u00e9taires jusqu&rsquo;\u00e0 \u00eatre la propri\u00e9t\u00e9 de la famille Cifuentes en 1940.<\/p>\n<p>Following the Cuban revolution and the departure of its owners in 1961, Partagas remained one of the most important factories, along with Montecristo and Romeo y Julieta, accounting for almost 25% of Cuban production.<\/p>","protected":false},"excerpt":{"rendered":"<p>Box of 25 cigars.<\/p>","protected":false},"featured_media":56344,"template":"","meta":{"_acf_changed":false},"product_brand":[],"product_cat":[19809,19845,20349,45391],"product_tag":[945,1888],"class_list":{"0":"post-49714","1":"product","2":"type-product","3":"status-publish","4":"has-post-thumbnail","6":"product_cat-cigares","7":"product_cat-cigares-cubains","8":"product_cat-partagas","9":"product_cat-partagas-linea-clasica","10":"product_tag-corse","11":"product_tag-epice","12":"product_shipping_class-cigares","14":"first","15":"outofstock","16":"taxable","17":"shipping-taxable","18":"purchasable","19":"product-type-simple"},"acf":[],"_links":{"self":[{"href":"https:\/\/cigarquality.com\/en\/wp-json\/wp\/v2\/product\/49714","targetHints":{"allow":["GET"]}}],"collection":[{"href":"https:\/\/cigarquality.com\/en\/wp-json\/wp\/v2\/product"}],"about":[{"href":"https:\/\/cigarquality.com\/en\/wp-json\/wp\/v2\/types\/product"}],"wp:featuredmedia":[{"embeddable":true,"href":"https:\/\/cigarquality.com\/en\/wp-json\/wp\/v2\/media\/56344"}],"wp:attachment":[{"href":"https:\/\/cigarquality.com\/en\/wp-json\/wp\/v2\/media?parent=49714"}],"wp:term":[{"taxonomy":"product_brand","embeddable":true,"href":"https:\/\/cigarquality.com\/en\/wp-json\/wp\/v2\/product_brand?post=49714"},{"taxonomy":"product_cat","embeddable":true,"href":"https:\/\/cigarquality.com\/en\/wp-json\/wp\/v2\/product_cat?post=49714"},{"taxonomy":"product_tag","embeddable":true,"href":"https:\/\/cigarquality.com\/en\/wp-json\/wp\/v2\/product_tag?post=49714"}],"curies":[{"name":"wp","href":"https:\/\/api.w.org\/{rel}","templated":true}]}}