{"id":49618,"date":"2018-03-29T10:28:07","date_gmt":"2018-03-29T09:28:07","guid":{"rendered":"https:\/\/mkulcarx.preview.infomaniak.website\/produit\/partagas-8-9-8-25-2\/"},"modified":"2026-01-06T13:40:49","modified_gmt":"2026-01-06T12:40:49","slug":"partagas-8-9-8-25","status":"publish","type":"product","link":"https:\/\/cigarquality.com\/en\/boutique\/cigares-cubains\/montecristo\/montecristo-linea-open\/partagas-8-9-8-25\/","title":{"rendered":"Partagas 8-9-8 (25)"},"content":{"rendered":"<p>Partagas 8-9-8 (25). Le 8-9-8 de Partagas a permis au module Lonsdale de gagner ses lettres de noblesse, il est sans doute la r\u00e9f\u00e9rence dans ce module. Une fois sortie de son fabuleux \u00e9crin verni, la vitole donne bonne impression, elle se pr\u00e9sente dans une cape soyeuse et bien grasse. D\u00e8s les premi\u00e8res bouff\u00e9es, des notes d&rsquo;humus et d&rsquo;\u00e9pices aromatisent une fum\u00e9e dense et bien charpent\u00e9e. Au deuxi\u00e8me tiers, le tempo s&rsquo;acc\u00e9l\u00e8re avec beaucoup de vitalit\u00e9 et une puissance bien ma\u00eetris\u00e9e. Des notes de caf\u00e9 torr\u00e9fi\u00e9 viennent compl\u00e9ter les premiers ar\u00f4mes. Le final confirme l&rsquo;excellent savoir-faire de Partagas pour ce module d&rsquo;une grande classe.<\/p>","protected":false},"excerpt":{"rendered":"<p>Box of 25 cigars.<\/p>","protected":false},"featured_media":49621,"template":"","meta":{"_acf_changed":false},"product_brand":[],"product_cat":[19809,19845,20617,20862,20349,45391],"product_tag":[],"class_list":{"0":"post-49618","1":"product","2":"type-product","3":"status-publish","4":"has-post-thumbnail","6":"product_cat-cigares","7":"product_cat-cigares-cubains","8":"product_cat-montecristo","9":"product_cat-montecristo-linea-open","10":"product_cat-partagas","11":"product_cat-partagas-linea-clasica","12":"product_shipping_class-cigares","14":"first","15":"outofstock","16":"taxable","17":"shipping-taxable","18":"purchasable","19":"product-type-simple"},"acf":[],"_links":{"self":[{"href":"https:\/\/cigarquality.com\/en\/wp-json\/wp\/v2\/product\/49618","targetHints":{"allow":["GET"]}}],"collection":[{"href":"https:\/\/cigarquality.com\/en\/wp-json\/wp\/v2\/product"}],"about":[{"href":"https:\/\/cigarquality.com\/en\/wp-json\/wp\/v2\/types\/product"}],"wp:featuredmedia":[{"embeddable":true,"href":"https:\/\/cigarquality.com\/en\/wp-json\/wp\/v2\/media\/49621"}],"wp:attachment":[{"href":"https:\/\/cigarquality.com\/en\/wp-json\/wp\/v2\/media?parent=49618"}],"wp:term":[{"taxonomy":"product_brand","embeddable":true,"href":"https:\/\/cigarquality.com\/en\/wp-json\/wp\/v2\/product_brand?post=49618"},{"taxonomy":"product_cat","embeddable":true,"href":"https:\/\/cigarquality.com\/en\/wp-json\/wp\/v2\/product_cat?post=49618"},{"taxonomy":"product_tag","embeddable":true,"href":"https:\/\/cigarquality.com\/en\/wp-json\/wp\/v2\/product_tag?post=49618"}],"curies":[{"name":"wp","href":"https:\/\/api.w.org\/{rel}","templated":true}]}}