{"id":49496,"date":"2018-03-29T10:28:38","date_gmt":"2018-03-29T09:28:38","guid":{"rendered":"https:\/\/mkulcarx.preview.infomaniak.website\/produit\/vegueros-tapados-16-2\/"},"modified":"2026-03-28T10:41:31","modified_gmt":"2026-03-28T09:41:31","slug":"vegueros-tapados-16","status":"publish","type":"product","link":"https:\/\/cigarquality.com\/en\/boutique\/cigares-cubains\/vegueros\/vegueros-tapados-16\/","title":{"rendered":"Vegueros Tapados (16)"},"content":{"rendered":"<p>These cigars are 120 mm long. They have a diameter of 18.26 mm. In all, they feature a caliber 46. The vitola de galera is known as a Mareva Gruesa, or small corona module, if we use the international market appellation (vitola de salida). Everything about cigars is synonymous with perfection. Among other things, the draw and combustibility are flawless.<\/p>\n<p>A long filler cigar, Vegueros Tapados is also an artisanal cigar, as it is handmade by the torcedores of the Francisco Donatien factory. The latter is located in the Cuban province of Pinar del R\u00edo, where the tobacco used to make Vegueros Tapados comes from. In fact, the brand includes in this vitola the prestigious tobacco from the plantations of La Vuelta Abajo, a region located in the same province.<\/p>\n<p>Le puro d\u00e9ploie une force moyenne. Dans sa palette aromatique figure une imposante touche v\u00e9g\u00e9tale associ\u00e9e \u00e0 l\u2019odeur typique de l\u2019herbe. Une nuance terreuse se r\u00e9pand \u00e9galement sur le palais du fumeur. Puis, discr\u00e8tement, \u00e0 chaque tirage, des notes cr\u00e9meuses et sucr\u00e9es enveloppent sa langue. Ce\u00a0cigare cubain se d\u00e9guste de pr\u00e9f\u00e9rence en matin\u00e9e durant une d\u00e9licieuse pause de 30 minutes. Et si c\u2019est possible, on accompagne la d\u00e9gustation d\u2019un verre de rhum. Oui, les Vegueros Tapados sont, sans nul doute, des cigares imp\u00e9tueux\u00a0!<\/p>","protected":false},"excerpt":{"rendered":"<p>Box of 16 cigars.<\/p>","protected":false},"featured_media":55031,"template":"","meta":{"_acf_changed":false},"product_brand":[],"product_cat":[19809,19845,25818],"product_tag":[],"class_list":{"0":"post-49496","1":"product","2":"type-product","3":"status-publish","4":"has-post-thumbnail","6":"product_cat-cigares","7":"product_cat-cigares-cubains","8":"product_cat-vegueros","9":"product_shipping_class-cigares","11":"first","12":"outofstock","13":"taxable","14":"shipping-taxable","15":"purchasable","16":"product-type-simple"},"acf":[],"_links":{"self":[{"href":"https:\/\/cigarquality.com\/en\/wp-json\/wp\/v2\/product\/49496","targetHints":{"allow":["GET"]}}],"collection":[{"href":"https:\/\/cigarquality.com\/en\/wp-json\/wp\/v2\/product"}],"about":[{"href":"https:\/\/cigarquality.com\/en\/wp-json\/wp\/v2\/types\/product"}],"wp:featuredmedia":[{"embeddable":true,"href":"https:\/\/cigarquality.com\/en\/wp-json\/wp\/v2\/media\/55031"}],"wp:attachment":[{"href":"https:\/\/cigarquality.com\/en\/wp-json\/wp\/v2\/media?parent=49496"}],"wp:term":[{"taxonomy":"product_brand","embeddable":true,"href":"https:\/\/cigarquality.com\/en\/wp-json\/wp\/v2\/product_brand?post=49496"},{"taxonomy":"product_cat","embeddable":true,"href":"https:\/\/cigarquality.com\/en\/wp-json\/wp\/v2\/product_cat?post=49496"},{"taxonomy":"product_tag","embeddable":true,"href":"https:\/\/cigarquality.com\/en\/wp-json\/wp\/v2\/product_tag?post=49496"}],"curies":[{"name":"wp","href":"https:\/\/api.w.org\/{rel}","templated":true}]}}