{"id":48057,"date":"2018-03-29T10:30:45","date_gmt":"2018-03-29T09:30:45","guid":{"rendered":"https:\/\/mkulcarx.preview.infomaniak.website\/produit\/casa-magna-colorado-belicoso\/"},"modified":"2025-11-21T09:14:35","modified_gmt":"2025-11-21T08:14:35","slug":"cigares-casa-magna-colorado-belicoso-27","status":"publish","type":"product","link":"https:\/\/cigarquality.com\/en\/boutique\/cigares-nicaraguayens\/casa-magna-colorado\/cigares-casa-magna-colorado-belicoso-27\/","title":{"rendered":"Casa Magna Colorado Belicoso (27)"},"content":{"rendered":"<p>Combinant la puissance de Nestor Plasencia, le plus grand producteur de tabac \u00e0 cigares du Nicaragua, avec le l\u00e9gendaire ma\u00eetre du cigare Manuel Quesada, Le Casa Magna Colorado Belicoso est un cigare aux parfums riches, aux notes de caf\u00e9 et \u00e9quilibr\u00e9 par la douceur du c\u00e8dre et une l\u00e9g\u00e8re pointe de caramel. Cr\u00e9\u00e9 dans l&rsquo;usine de cigares Segovia de Plasencia, ce cigare est un puro nicaraguayen audacieux et vibrant, \u00e0 la couleur sombre et l\u00e9g\u00e8rement rouge\u00e2tre. Il est la base d&rsquo;un m\u00e9lange de longues capes Ligero et Viso cultiv\u00e9es dans diff\u00e9rentes r\u00e9gions du Nicaragua.<\/p>\n<p><strong>Casa Magna Colorado received an exceptional score of 93 and a top ranking of No. 1 in the list of Aficionado cigars of the year 2008.<\/strong>We were also ranked No. 10 in 2011 and scored 92 in June 2017.<br \/>\nCasa Magna has been elected <strong>Best Buy 2015<\/strong> for their Pikito version!<\/p>","protected":false},"excerpt":{"rendered":"<p>Box of 27 cigars.<\/p>","protected":false},"featured_media":48061,"template":"","meta":{"_acf_changed":false},"product_brand":[],"product_cat":[31869,19809,24833],"product_tag":[942,2061,941],"class_list":{"0":"post-48057","1":"product","2":"type-product","3":"status-publish","4":"has-post-thumbnail","6":"product_cat-casa-magna-colorado","7":"product_cat-cigares","8":"product_cat-cigares-nicaraguayens","9":"product_tag-cafe","10":"product_tag-caramel","11":"product_tag-cedre","12":"product_shipping_class-cigares","14":"first","15":"outofstock","16":"sale","17":"taxable","18":"shipping-taxable","19":"purchasable","20":"product-type-simple"},"acf":[],"_links":{"self":[{"href":"https:\/\/cigarquality.com\/en\/wp-json\/wp\/v2\/product\/48057","targetHints":{"allow":["GET"]}}],"collection":[{"href":"https:\/\/cigarquality.com\/en\/wp-json\/wp\/v2\/product"}],"about":[{"href":"https:\/\/cigarquality.com\/en\/wp-json\/wp\/v2\/types\/product"}],"wp:featuredmedia":[{"embeddable":true,"href":"https:\/\/cigarquality.com\/en\/wp-json\/wp\/v2\/media\/48061"}],"wp:attachment":[{"href":"https:\/\/cigarquality.com\/en\/wp-json\/wp\/v2\/media?parent=48057"}],"wp:term":[{"taxonomy":"product_brand","embeddable":true,"href":"https:\/\/cigarquality.com\/en\/wp-json\/wp\/v2\/product_brand?post=48057"},{"taxonomy":"product_cat","embeddable":true,"href":"https:\/\/cigarquality.com\/en\/wp-json\/wp\/v2\/product_cat?post=48057"},{"taxonomy":"product_tag","embeddable":true,"href":"https:\/\/cigarquality.com\/en\/wp-json\/wp\/v2\/product_tag?post=48057"}],"curies":[{"name":"wp","href":"https:\/\/api.w.org\/{rel}","templated":true}]}}