{"id":47293,"date":"2018-03-29T11:32:32","date_gmt":"2018-03-29T09:32:32","guid":{"rendered":"https:\/\/mkulcarx.preview.infomaniak.website\/produit\/grand-cru-no-2-cello-25-cigares\/"},"modified":"2026-03-12T18:21:49","modified_gmt":"2026-03-12T17:21:49","slug":"davidoff-grand-cru-no-2-cello-25-cigares","status":"publish","type":"product","link":"https:\/\/cigarquality.com\/en\/boutique\/cigares-dominicains\/davidoff\/grand-cru\/davidoff-grand-cru-no-2-cello-25-cigares\/","title":{"rendered":"Davidoff Grand Cru No. 2 (25)"},"content":{"rendered":"<p>Its length is 142.8 mm. Its diameter measures 17 mm. Its caliber is 43. Its module is called corona larga (a long corona). Tasting time is estimated at around 30 minutes. The <strong>Davidoff Grand Cru No. 2<\/strong> est compos\u00e9e en grande partie de feuilles ligero pr\u00e9lev\u00e9es au sommet des pieds de tabac. Elles proviennent des champs de la R\u00e9publique dominicaine, tout comme les autres feuilles qui forment la tripe et celles qui servent \u00e0 la r\u00e9alisation de la sous-cape. En revanche, la feuille de cape colorado claro est un connecticut shade issu de plantations en \u00c9quateur. Son allumage est simple et sa combustibilit\u00e9 est parfaite. La vitole exhale une saveur forte. C\u2019est un cigare cors\u00e9 avec un parfait \u00e9quilibre des ar\u00f4mes. Le panel aromatique fait la part belle au go\u00fbt de noisette ainsi qu\u2019\u00e0 une note bois\u00e9e. L\u2019odeur de l\u2019herbe est \u00e9galement omnipr\u00e9sente m\u00eame si elle est moins intense que les deux pr\u00e9c\u00e9dents ar\u00f4mes. Enfin, il faut savoir que le cigare <strong>Davidoff Grand Cru No. 2<\/strong> is a mild-medium cigar, suitable for both novice and experienced smokers.<\/p>","protected":false},"excerpt":{"rendered":"<p>Box of 25 cigars.<\/p>","protected":false},"featured_media":6659,"template":"","meta":{"_acf_changed":false},"product_brand":[],"product_cat":[19809,19812,19835,27080],"product_tag":[],"class_list":{"0":"post-47293","1":"product","2":"type-product","3":"status-publish","4":"has-post-thumbnail","6":"product_cat-cigares","7":"product_cat-cigares-dominicains","8":"product_cat-davidoff","9":"product_cat-grand-cru","10":"product_shipping_class-cigares","12":"first","13":"instock","14":"sale","15":"taxable","16":"shipping-taxable","17":"purchasable","18":"product-type-simple"},"acf":[],"_links":{"self":[{"href":"https:\/\/cigarquality.com\/en\/wp-json\/wp\/v2\/product\/47293","targetHints":{"allow":["GET"]}}],"collection":[{"href":"https:\/\/cigarquality.com\/en\/wp-json\/wp\/v2\/product"}],"about":[{"href":"https:\/\/cigarquality.com\/en\/wp-json\/wp\/v2\/types\/product"}],"wp:featuredmedia":[{"embeddable":true,"href":"https:\/\/cigarquality.com\/en\/wp-json\/wp\/v2\/media\/6659"}],"wp:attachment":[{"href":"https:\/\/cigarquality.com\/en\/wp-json\/wp\/v2\/media?parent=47293"}],"wp:term":[{"taxonomy":"product_brand","embeddable":true,"href":"https:\/\/cigarquality.com\/en\/wp-json\/wp\/v2\/product_brand?post=47293"},{"taxonomy":"product_cat","embeddable":true,"href":"https:\/\/cigarquality.com\/en\/wp-json\/wp\/v2\/product_cat?post=47293"},{"taxonomy":"product_tag","embeddable":true,"href":"https:\/\/cigarquality.com\/en\/wp-json\/wp\/v2\/product_tag?post=47293"}],"curies":[{"name":"wp","href":"https:\/\/api.w.org\/{rel}","templated":true}]}}