{"id":47079,"date":"2018-03-29T11:32:54","date_gmt":"2018-03-29T09:32:54","guid":{"rendered":"https:\/\/mkulcarx.preview.infomaniak.website\/produit\/dav-wsc-belicoso-cello-4s\/"},"modified":"2026-02-11T09:24:26","modified_gmt":"2026-02-11T08:24:26","slug":"davidoff-winston-churchill-belicoso-cello-4s","status":"publish","type":"product","link":"https:\/\/cigarquality.com\/en\/boutique\/cigares-dominicains\/davidoff\/winston-churchill\/davidoff-winston-churchill-belicoso-cello-4s\/","title":{"rendered":"Davidoff Winston Churchill Belicoso Cello (4)"},"content":{"rendered":"<p>Davidoff Winston Churchill Belicoso Cello 4&rsquo;S.\u00a0C&rsquo;est l&rsquo;une des derni\u00e8res cr\u00e9ations de la marque Davidoff Winston Churchill. Lorsque Churchill \u00e9tait correspondant de guerre, l&rsquo;un de ses voyages l&rsquo;a conduit \u00e0 Cuba, o\u00f9 se forgea son amour pour le cigare. Provenant de plantations riches en semences cubaines, avec un assemblage de plusieurs terroirs (Nicaragua, R\u00e9publique Dominicaine), le Winston Churchill Belicoso est agr\u00e9ablement exotique. Dans sa boite m\u00e9tallique, il est parfait pour le voyageur : il conservera les cigares durant 3-4 jours. Une belle id\u00e9e de cadeau, au rapport qualit\u00e9-prix int\u00e9ressant.<\/p>","protected":false},"excerpt":{"rendered":"<p>Box of 4 cigars.<\/p>","protected":false},"featured_media":6693,"template":"","meta":{"_acf_changed":false},"product_brand":[],"product_cat":[19809,19812,19835,26715],"product_tag":[],"class_list":{"0":"post-47079","1":"product","2":"type-product","3":"status-publish","4":"has-post-thumbnail","6":"product_cat-cigares","7":"product_cat-cigares-dominicains","8":"product_cat-davidoff","9":"product_cat-winston-churchill","10":"product_shipping_class-cigares","12":"first","13":"outofstock","14":"sale","15":"taxable","16":"shipping-taxable","17":"purchasable","18":"product-type-simple"},"acf":[],"_links":{"self":[{"href":"https:\/\/cigarquality.com\/en\/wp-json\/wp\/v2\/product\/47079","targetHints":{"allow":["GET"]}}],"collection":[{"href":"https:\/\/cigarquality.com\/en\/wp-json\/wp\/v2\/product"}],"about":[{"href":"https:\/\/cigarquality.com\/en\/wp-json\/wp\/v2\/types\/product"}],"wp:featuredmedia":[{"embeddable":true,"href":"https:\/\/cigarquality.com\/en\/wp-json\/wp\/v2\/media\/6693"}],"wp:attachment":[{"href":"https:\/\/cigarquality.com\/en\/wp-json\/wp\/v2\/media?parent=47079"}],"wp:term":[{"taxonomy":"product_brand","embeddable":true,"href":"https:\/\/cigarquality.com\/en\/wp-json\/wp\/v2\/product_brand?post=47079"},{"taxonomy":"product_cat","embeddable":true,"href":"https:\/\/cigarquality.com\/en\/wp-json\/wp\/v2\/product_cat?post=47079"},{"taxonomy":"product_tag","embeddable":true,"href":"https:\/\/cigarquality.com\/en\/wp-json\/wp\/v2\/product_tag?post=47079"}],"curies":[{"name":"wp","href":"https:\/\/api.w.org\/{rel}","templated":true}]}}