{"id":47005,"date":"2018-03-29T10:33:02","date_gmt":"2018-03-29T09:33:02","guid":{"rendered":"https:\/\/mkulcarx.preview.infomaniak.website\/produit\/yamasa-robusto-4-cigares\/"},"modified":"2025-10-07T12:27:19","modified_gmt":"2025-10-07T10:27:19","slug":"davidoff-yamasa-robusto-4-cigares","status":"publish","type":"product","link":"https:\/\/cigarquality.com\/en\/boutique\/cigares-dominicains\/davidoff\/yamasa\/davidoff-yamasa-robusto-4-cigares\/","title":{"rendered":"Davidoff Yamasa Robusto Case (4)"},"content":{"rendered":"<p>The new Davidoff Yamas\u00e1 series combines tobacco varieties from Nicaragua and the Dominican Republic with a wrapper and undercap from the Yamas\u00e1 region. The earthy character of the Yamas\u00e1 region combined with the spicy aromas and sweetness of Nicaraguan tobacco varieties Estel\u00ed and Condega and Dominican tobacco varieties Piloto and Mejorado, will spoil your taste buds like never before. Davidoff Yamasa Robusto inspires with an intense, complex fullness, which slowly reveals itself through a series of wonderful flavors: nuts and spices, coffee, cedar wood and hints of black pepper. Delight in a cigar that burns with the same pioneering spirit as its creator. You'll be amazed at how he did it... The answer is simple: thanks to his unshakeable conviction, he did it.<\/p>","protected":false},"excerpt":{"rendered":"<p>Case of 4 cigars.<\/p>","protected":false},"featured_media":47007,"template":"","meta":{"_acf_changed":false},"product_brand":[],"product_cat":[19809,19812,19835,28484],"product_tag":[],"class_list":{"0":"post-47005","1":"product","2":"type-product","3":"status-publish","4":"has-post-thumbnail","6":"product_cat-cigares","7":"product_cat-cigares-dominicains","8":"product_cat-davidoff","9":"product_cat-yamasa","10":"product_shipping_class-cigares","12":"first","13":"instock","14":"taxable","15":"shipping-taxable","16":"purchasable","17":"product-type-simple"},"acf":[],"_links":{"self":[{"href":"https:\/\/cigarquality.com\/en\/wp-json\/wp\/v2\/product\/47005","targetHints":{"allow":["GET"]}}],"collection":[{"href":"https:\/\/cigarquality.com\/en\/wp-json\/wp\/v2\/product"}],"about":[{"href":"https:\/\/cigarquality.com\/en\/wp-json\/wp\/v2\/types\/product"}],"wp:featuredmedia":[{"embeddable":true,"href":"https:\/\/cigarquality.com\/en\/wp-json\/wp\/v2\/media\/47007"}],"wp:attachment":[{"href":"https:\/\/cigarquality.com\/en\/wp-json\/wp\/v2\/media?parent=47005"}],"wp:term":[{"taxonomy":"product_brand","embeddable":true,"href":"https:\/\/cigarquality.com\/en\/wp-json\/wp\/v2\/product_brand?post=47005"},{"taxonomy":"product_cat","embeddable":true,"href":"https:\/\/cigarquality.com\/en\/wp-json\/wp\/v2\/product_cat?post=47005"},{"taxonomy":"product_tag","embeddable":true,"href":"https:\/\/cigarquality.com\/en\/wp-json\/wp\/v2\/product_tag?post=47005"}],"curies":[{"name":"wp","href":"https:\/\/api.w.org\/{rel}","templated":true}]}}