{"id":45653,"date":"2018-12-11T12:01:05","date_gmt":"2018-12-11T11:01:05","guid":{"rendered":"https:\/\/cigarquality.com\/?post_type=product&#038;p=10232"},"modified":"2025-07-25T13:34:19","modified_gmt":"2025-07-25T11:34:19","slug":"la-estancia-edicion-exclusiva-ee56-10","status":"publish","type":"product","link":"https:\/\/cigarquality.com\/en\/boutique\/cigares-honduriens\/la-estancia\/la-estancia-edicion-exclusiva-ee56-10\/","title":{"rendered":"La Estancia Edicion Exclusiva E.E. 56 (10)"},"content":{"rendered":"<p><strong>La Estancia, a unique cigar brand for Europe, incorporating 50% of Cuban tobacco and 50% from Nicaragua.<\/strong> The Estancia blend was developed by J\u00e9r\u00e9mie and Joshua Meerapfel, the two brothers at the head of the Belgian family firm Meerapfel &amp; S\u00f6hne.<\/p>\n<p>The La Estancia Edici\u00f3n Exclusiva EE56 cigar is an exclusive edition of the brand.<\/p>\n<p>\"This is a perfectly crafted cigar with a smooth start and perfect draw. Smooth and creamy, with delicate aromas of creamy coffee, toasted hazelnut and a woody finish,\" explains Jeremiah Meerapfel.<\/p>\n<p>Box of 10 cigars.<\/p>","protected":false},"excerpt":{"rendered":"<p>Box of 10 cigars.<\/p>","protected":false},"featured_media":45657,"template":"","meta":{"_acf_changed":false},"product_brand":[],"product_cat":[19809,24947,29335],"product_tag":[2940,2718,2941],"class_list":{"0":"post-45653","1":"product","2":"type-product","3":"status-publish","4":"has-post-thumbnail","6":"product_cat-cigares","7":"product_cat-cigares-honduriens","8":"product_cat-la-estancia","9":"product_tag-aromes-delicats","10":"product_tag-cafe-cremeux","11":"product_tag-noisette-grillee","12":"product_shipping_class-cigares","14":"first","15":"outofstock","16":"taxable","17":"shipping-taxable","18":"purchasable","19":"product-type-simple"},"acf":[],"_links":{"self":[{"href":"https:\/\/cigarquality.com\/en\/wp-json\/wp\/v2\/product\/45653","targetHints":{"allow":["GET"]}}],"collection":[{"href":"https:\/\/cigarquality.com\/en\/wp-json\/wp\/v2\/product"}],"about":[{"href":"https:\/\/cigarquality.com\/en\/wp-json\/wp\/v2\/types\/product"}],"wp:featuredmedia":[{"embeddable":true,"href":"https:\/\/cigarquality.com\/en\/wp-json\/wp\/v2\/media\/45657"}],"wp:attachment":[{"href":"https:\/\/cigarquality.com\/en\/wp-json\/wp\/v2\/media?parent=45653"}],"wp:term":[{"taxonomy":"product_brand","embeddable":true,"href":"https:\/\/cigarquality.com\/en\/wp-json\/wp\/v2\/product_brand?post=45653"},{"taxonomy":"product_cat","embeddable":true,"href":"https:\/\/cigarquality.com\/en\/wp-json\/wp\/v2\/product_cat?post=45653"},{"taxonomy":"product_tag","embeddable":true,"href":"https:\/\/cigarquality.com\/en\/wp-json\/wp\/v2\/product_tag?post=45653"}],"curies":[{"name":"wp","href":"https:\/\/api.w.org\/{rel}","templated":true}]}}