{"id":43163,"date":"2019-11-28T11:19:31","date_gmt":"2019-11-28T10:19:31","guid":{"rendered":"https:\/\/cigarquality.com\/?post_type=product&#038;p=25251"},"modified":"2025-07-25T13:29:28","modified_gmt":"2025-07-25T11:29:28","slug":"bentley-churchill-5","status":"publish","type":"product","link":"https:\/\/cigarquality.com\/en\/boutique\/cigares-nicaraguayens\/bentley\/bentley-churchill-5\/","title":{"rendered":"Bentley Churchill (5)"},"content":{"rendered":"<p>Le Bentley Churchill ravira les amateurs en qu\u00eate de gros modules et de puissance moyenne. Parfaitement construit, il s\u00e9duit au premier coup d&rsquo;\u0153il par sa belle cape \u00e9quatorienne Rosado bien grasse. A cru, les senteurs sont domin\u00e9es par des notes de sous-bois et de c\u00e8dre frais. Les premi\u00e8res bouff\u00e9es sont amples et onctueuses, envahissant le palais de saveurs bois\u00e9es et de chocolat noir, entrem\u00eal\u00e9s de notes plus \u00e9pic\u00e9es. Parfaitement \u00e9quilibr\u00e9, les saveurs deviennent encore plus suaves et gourmandes au cours de la d\u00e9gustation, jusqu&rsquo;au bouquet final, riche en saveurs.<\/p>\n<p>An intense, gourmand and perfectly balanced cigar.<\/p>","protected":false},"excerpt":{"rendered":"<p>Box of 5 cigars.<\/p>","protected":false},"featured_media":43165,"template":"","meta":{"_acf_changed":false},"product_brand":[],"product_cat":[24836,19809,24833],"product_tag":[12243,2133,9239],"class_list":{"0":"post-43163","1":"product","2":"type-product","3":"status-publish","4":"has-post-thumbnail","6":"product_cat-bentley","7":"product_cat-cigares","8":"product_cat-cigares-nicaraguayens","9":"product_tag-cedre-frais","10":"product_tag-chocolat-noir","11":"product_tag-sous-bois","12":"product_shipping_class-cigares","14":"first","15":"instock","16":"sale","17":"taxable","18":"shipping-taxable","19":"purchasable","20":"product-type-simple"},"acf":[],"_links":{"self":[{"href":"https:\/\/cigarquality.com\/en\/wp-json\/wp\/v2\/product\/43163","targetHints":{"allow":["GET"]}}],"collection":[{"href":"https:\/\/cigarquality.com\/en\/wp-json\/wp\/v2\/product"}],"about":[{"href":"https:\/\/cigarquality.com\/en\/wp-json\/wp\/v2\/types\/product"}],"wp:featuredmedia":[{"embeddable":true,"href":"https:\/\/cigarquality.com\/en\/wp-json\/wp\/v2\/media\/43165"}],"wp:attachment":[{"href":"https:\/\/cigarquality.com\/en\/wp-json\/wp\/v2\/media?parent=43163"}],"wp:term":[{"taxonomy":"product_brand","embeddable":true,"href":"https:\/\/cigarquality.com\/en\/wp-json\/wp\/v2\/product_brand?post=43163"},{"taxonomy":"product_cat","embeddable":true,"href":"https:\/\/cigarquality.com\/en\/wp-json\/wp\/v2\/product_cat?post=43163"},{"taxonomy":"product_tag","embeddable":true,"href":"https:\/\/cigarquality.com\/en\/wp-json\/wp\/v2\/product_tag?post=43163"}],"curies":[{"name":"wp","href":"https:\/\/api.w.org\/{rel}","templated":true}]}}