{"id":42761,"date":"2020-01-16T12:55:56","date_gmt":"2020-01-16T11:55:56","guid":{"rendered":"https:\/\/cigarquality.com\/?post_type=product&#038;p=30737"},"modified":"2025-12-24T15:30:27","modified_gmt":"2025-12-24T14:30:27","slug":"plantation-barbados-rum-20th-anniversary-extra-old","status":"publish","type":"product","link":"https:\/\/cigarquality.com\/en\/boutique\/alcools\/rum\/plantation\/plantation-barbados-rum-20th-anniversary-extra-old\/","title":{"rendered":"Rhum Plantation Barbados 20th Anniversary Extra Old"},"content":{"rendered":"<p>Ce mill\u00e9sime extraordinaire a \u00e9t\u00e9 pr\u00e9sent\u00e9 \u00e0 l&rsquo;occasion des 20 ans de la Maison Ferrand. Un assemblage de rhums de 12 \u00e0 20 ans, tous originaires de la Barbade. Comme les autres rhums de la gamme Plantation, il vieillit d&rsquo;abord dans son pays d&rsquo;origine, la Barbade, et b\u00e9n\u00e9ficie ensuite d&rsquo;un affinage plus pouss\u00e9 \u00e0 Cognac dans des f\u00fbts utilis\u00e9s \u00e0 l&rsquo;origine pour le cognac Pierre Ferrand. Une expression unique est r\u00e9alis\u00e9e en utilisant des m\u00e9thodes locales traditionnelles.<\/p>\n<h4>TASTING NOTE<\/h4>\n<p><strong>Nose :<\/strong> Opens with fruity notes, followed by an additional fragrance of vanilla chocolate, cocoa and milk.<br \/>\n<strong>Mouth :<\/strong> Sweet cinnamon, the taste of sweet molasses becomes very smooth and mellow.<br \/>\n<strong>Final :<\/strong> Medium-long, delicate and soft.<\/p>","protected":false},"excerpt":{"rendered":"<p>70 cl bottle.<\/p>","protected":false},"featured_media":42765,"template":"","meta":{"_acf_changed":false},"product_brand":[],"product_cat":[21852,23948,21908],"product_tag":[],"class_list":{"0":"post-42761","1":"product","2":"type-product","3":"status-publish","4":"has-post-thumbnail","6":"product_cat-alcools","7":"product_cat-plantation","8":"product_cat-rum","9":"product_shipping_class-alcool","11":"first","12":"outofstock","13":"taxable","14":"shipping-taxable","15":"purchasable","16":"product-type-simple"},"acf":[],"_links":{"self":[{"href":"https:\/\/cigarquality.com\/en\/wp-json\/wp\/v2\/product\/42761","targetHints":{"allow":["GET"]}}],"collection":[{"href":"https:\/\/cigarquality.com\/en\/wp-json\/wp\/v2\/product"}],"about":[{"href":"https:\/\/cigarquality.com\/en\/wp-json\/wp\/v2\/types\/product"}],"wp:featuredmedia":[{"embeddable":true,"href":"https:\/\/cigarquality.com\/en\/wp-json\/wp\/v2\/media\/42765"}],"wp:attachment":[{"href":"https:\/\/cigarquality.com\/en\/wp-json\/wp\/v2\/media?parent=42761"}],"wp:term":[{"taxonomy":"product_brand","embeddable":true,"href":"https:\/\/cigarquality.com\/en\/wp-json\/wp\/v2\/product_brand?post=42761"},{"taxonomy":"product_cat","embeddable":true,"href":"https:\/\/cigarquality.com\/en\/wp-json\/wp\/v2\/product_cat?post=42761"},{"taxonomy":"product_tag","embeddable":true,"href":"https:\/\/cigarquality.com\/en\/wp-json\/wp\/v2\/product_tag?post=42761"}],"curies":[{"name":"wp","href":"https:\/\/api.w.org\/{rel}","templated":true}]}}