{"id":42581,"date":"2020-01-24T12:28:13","date_gmt":"2020-01-24T11:28:13","guid":{"rendered":"https:\/\/cigarquality.com\/?post_type=product&#038;p=31554"},"modified":"2025-07-25T13:56:24","modified_gmt":"2025-07-25T11:56:24","slug":"xikar-allume-single-sandstone-tan-531tn","status":"publish","type":"product","link":"https:\/\/cigarquality.com\/en\/boutique\/accessoires-cigares\/briquets\/xikar\/simple-flamme\/allume\/xikar-allume-single-sandstone-tan-531tn\/","title":{"rendered":"Xikar Single Lighter - Sandstone Tan 531TN"},"content":{"rendered":"<p>Le briquet \u00e0 jet unique Xikar Allume Single &#8211; Sandstone Tan 531TN est en acier inoxydable durable. Un voyant est install\u00e9 dans la partie inf\u00e9rieure du briquet, \u00e0 travers lequel le niveau de remplissage du briquet peut \u00eatre v\u00e9rifi\u00e9. L&rsquo;ouverture de feu en haut du briquet est couverte lorsqu&rsquo;elle n&rsquo;est pas utilis\u00e9e. Lorsque le contacteur d&rsquo;allumage sur le c\u00f4t\u00e9 est activ\u00e9 d&rsquo;un clic, un m\u00e9canisme sophistiqu\u00e9 repousse le couvercle et allume la flamme du jet.<\/p>\n<p><strong>Color :<\/strong> Sandstone<br \/>\n<strong>Flame :<\/strong> Single flame<br \/>\n<strong>Dimensions :<\/strong> 54 x 32 x 8 mm<br \/>\n<strong>Weight :<\/strong> 60 grams.<\/p>","protected":false},"excerpt":{"rendered":"<p>Jet single-flame lighter.<\/p>","protected":false},"featured_media":42585,"template":"","meta":{"_acf_changed":false},"product_brand":[],"product_cat":[21754,23462,21984,23214,23212],"product_tag":[],"class_list":{"0":"post-42581","1":"product","2":"type-product","3":"status-publish","4":"has-post-thumbnail","6":"product_cat-accessoires-cigares","7":"product_cat-allume","8":"product_cat-briquets","9":"product_cat-simple-flamme","10":"product_cat-xikar","11":"product_shipping_class-briquet","13":"first","14":"instock","15":"taxable","16":"shipping-taxable","17":"purchasable","18":"product-type-simple"},"acf":[],"_links":{"self":[{"href":"https:\/\/cigarquality.com\/en\/wp-json\/wp\/v2\/product\/42581","targetHints":{"allow":["GET"]}}],"collection":[{"href":"https:\/\/cigarquality.com\/en\/wp-json\/wp\/v2\/product"}],"about":[{"href":"https:\/\/cigarquality.com\/en\/wp-json\/wp\/v2\/types\/product"}],"wp:featuredmedia":[{"embeddable":true,"href":"https:\/\/cigarquality.com\/en\/wp-json\/wp\/v2\/media\/42585"}],"wp:attachment":[{"href":"https:\/\/cigarquality.com\/en\/wp-json\/wp\/v2\/media?parent=42581"}],"wp:term":[{"taxonomy":"product_brand","embeddable":true,"href":"https:\/\/cigarquality.com\/en\/wp-json\/wp\/v2\/product_brand?post=42581"},{"taxonomy":"product_cat","embeddable":true,"href":"https:\/\/cigarquality.com\/en\/wp-json\/wp\/v2\/product_cat?post=42581"},{"taxonomy":"product_tag","embeddable":true,"href":"https:\/\/cigarquality.com\/en\/wp-json\/wp\/v2\/product_tag?post=42581"}],"curies":[{"name":"wp","href":"https:\/\/api.w.org\/{rel}","templated":true}]}}