{"id":40921,"date":"2019-07-09T11:28:31","date_gmt":"2019-07-09T09:28:31","guid":{"rendered":"https:\/\/mkulcarx.preview.infomaniak.website\/produit\/romeo-no-2-a-t-5\/"},"modified":"2026-02-20T13:51:02","modified_gmt":"2026-02-20T12:51:02","slug":"romeo-y-julieta-no-2-tubos-5","status":"publish","type":"product","link":"https:\/\/cigarquality.com\/en\/boutique\/cigares-cubains\/romeo-y-julieta-cigares-cubains\/romeo-y-julieta-no-2-tubos-5\/","title":{"rendered":"Romeo y Julieta No. 2 Tubos (5)"},"content":{"rendered":"<p>Visit <strong>Romeo y Julieta n\u00b02 Tubos<\/strong> is a Petit Corona, once the king of modules. With a length of 129 mm and a diameter of 16.67 mm, it will take half an hour to be fully appreciated by the aficionado who has brought its tip to incandescence.<\/p>\n<p>Supple, pleasant and easy, it is characterized by its delicate, gourmet aroma.<\/p>\n<p>Slightly woody, roasted notes and a very pleasant consistency of intensity make this cigar an ally in all circumstances.<\/p>\n<p>Romeo y Julieta n\u00b02 Tubos is available in boxes of 10 and 25 cigars, boxes of 3 cigars, and cartridges of 5\u00d73, 5\u00d75 and 10\u00d75 cigars.<\/p>\n<p>The Romeo y Julieta brand was founded in Havana in 1875 by two Spaniards, Inocensio Alvarez Rodriguez and Jos\u00e9 Manin Garcia. Thirty years later, the factory was taken over by Jos\u00e9 Rodriguez, known as \"Don Pepin\", who developed the brand considerably, particularly in export markets, going so far as to buy the Capulet\u00e0 Palace in Verona, where he set up a cigar store.<\/p>\n<p>Until the Second World War, Romeo y Julieta distinguished itself by producing mainly \"figurados\", cigars rolled to a point at both ends, and personalizing the ring, so that anyone could have cigars made in their name. Today, Romeo y Julieta is the second most widely distributed Cuban brand in the world, behind Montecristo,<\/p>","protected":false},"excerpt":{"rendered":"<p>Case of 5 cigars in tube.<\/p>","protected":false},"featured_media":6576,"template":"","meta":{"_acf_changed":false},"product_brand":[],"product_cat":[19809,19845,20927],"product_tag":[626,11772,2717],"class_list":{"0":"post-40921","1":"product","2":"type-product","3":"status-publish","4":"has-post-thumbnail","6":"product_cat-cigares","7":"product_cat-cigares-cubains","8":"product_cat-romeo-y-julieta-cigares-cubains","9":"product_tag-cacao","10":"product_tag-mocca","11":"product_tag-moka","12":"product_shipping_class-cigares","14":"first","15":"outofstock","16":"taxable","17":"shipping-taxable","18":"purchasable","19":"product-type-simple"},"acf":[],"_links":{"self":[{"href":"https:\/\/cigarquality.com\/en\/wp-json\/wp\/v2\/product\/40921","targetHints":{"allow":["GET"]}}],"collection":[{"href":"https:\/\/cigarquality.com\/en\/wp-json\/wp\/v2\/product"}],"about":[{"href":"https:\/\/cigarquality.com\/en\/wp-json\/wp\/v2\/types\/product"}],"wp:featuredmedia":[{"embeddable":true,"href":"https:\/\/cigarquality.com\/en\/wp-json\/wp\/v2\/media\/6576"}],"wp:attachment":[{"href":"https:\/\/cigarquality.com\/en\/wp-json\/wp\/v2\/media?parent=40921"}],"wp:term":[{"taxonomy":"product_brand","embeddable":true,"href":"https:\/\/cigarquality.com\/en\/wp-json\/wp\/v2\/product_brand?post=40921"},{"taxonomy":"product_cat","embeddable":true,"href":"https:\/\/cigarquality.com\/en\/wp-json\/wp\/v2\/product_cat?post=40921"},{"taxonomy":"product_tag","embeddable":true,"href":"https:\/\/cigarquality.com\/en\/wp-json\/wp\/v2\/product_tag?post=40921"}],"curies":[{"name":"wp","href":"https:\/\/api.w.org\/{rel}","templated":true}]}}