{"id":40523,"date":"2019-05-31T10:28:45","date_gmt":"2019-05-31T09:28:45","guid":{"rendered":"https:\/\/mkulcarx.preview.infomaniak.website\/produit\/cohiba-siglo-6-a-t-3\/"},"modified":"2026-01-05T10:44:16","modified_gmt":"2026-01-05T09:44:16","slug":"cohiba-siglo-6-tubos-3","status":"publish","type":"product","link":"https:\/\/cigarquality.com\/en\/boutique\/cigares-cubains\/cohiba\/cohiba-siglo\/cohiba-siglo-6-tubos-3\/","title":{"rendered":"Cohiba Siglo 6 Tubos (3)"},"content":{"rendered":"<p>Le Cohiba Siglo 6 Tubos (VI) a une construction sans d\u00e9faut, son remplissage est dense et r\u00e9gulier avec une cape grasse et lisse de couleur \u00ab\u00a0Maduro Claro\u00a0\u00bb aux reflets rouges. Ce cigare d\u00e9gage des senteurs tr\u00e8s pr\u00e9sentes, qu&rsquo;il s&rsquo;agisse de celle de la cape (cuir gras, bois) et du pied (terre humide, poivre). Le toucher et le poids donnent une vraie prestance \u00e0 ce module nouveau sur le march\u00e9 dont le diam\u00e8tre se rapproche de celui d&rsquo;un Robusto, avec une longueur plus cons\u00e9quente (fa\u00e7on double Robusto).<\/p>\n<p><strong>This Canonazo is greedy, and we have only one desire: to light it up.<\/strong><\/p>","protected":false},"excerpt":{"rendered":"<p>Box of 3 cigars in tube.<\/p>","protected":false},"featured_media":40461,"template":"","meta":{"_acf_changed":false},"product_brand":[],"product_cat":[19809,19845,19885,45381,19788,35059,19793,16866],"product_tag":[],"class_list":{"0":"post-40523","1":"product","2":"type-product","3":"status-publish","4":"has-post-thumbnail","6":"product_cat-cigares","7":"product_cat-cigares-cubains","8":"product_cat-cohiba","9":"product_cat-cohiba-siglo","10":"product_cat-collection-privee","11":"product_cat-etuis-de-3-a-5-cigares","12":"product_cat-hard-to-find","13":"product_cat-les-meilleurs-cigares","14":"product_shipping_class-cigares","16":"first","17":"outofstock","18":"taxable","19":"shipping-taxable","20":"purchasable","21":"product-type-simple"},"acf":[],"_links":{"self":[{"href":"https:\/\/cigarquality.com\/en\/wp-json\/wp\/v2\/product\/40523","targetHints":{"allow":["GET"]}}],"collection":[{"href":"https:\/\/cigarquality.com\/en\/wp-json\/wp\/v2\/product"}],"about":[{"href":"https:\/\/cigarquality.com\/en\/wp-json\/wp\/v2\/types\/product"}],"wp:featuredmedia":[{"embeddable":true,"href":"https:\/\/cigarquality.com\/en\/wp-json\/wp\/v2\/media\/40461"}],"wp:attachment":[{"href":"https:\/\/cigarquality.com\/en\/wp-json\/wp\/v2\/media?parent=40523"}],"wp:term":[{"taxonomy":"product_brand","embeddable":true,"href":"https:\/\/cigarquality.com\/en\/wp-json\/wp\/v2\/product_brand?post=40523"},{"taxonomy":"product_cat","embeddable":true,"href":"https:\/\/cigarquality.com\/en\/wp-json\/wp\/v2\/product_cat?post=40523"},{"taxonomy":"product_tag","embeddable":true,"href":"https:\/\/cigarquality.com\/en\/wp-json\/wp\/v2\/product_tag?post=40523"}],"curies":[{"name":"wp","href":"https:\/\/api.w.org\/{rel}","templated":true}]}}