{"id":40504,"date":"2019-06-19T10:27:21","date_gmt":"2019-06-19T09:27:21","guid":{"rendered":"https:\/\/mkulcarx.preview.infomaniak.website\/produit\/cohiba-robustos-3-2\/"},"modified":"2026-03-30T09:23:21","modified_gmt":"2026-03-30T07:23:21","slug":"cohiba-robustos-5x3","status":"publish","type":"product","link":"https:\/\/cigarquality.com\/en\/boutique\/cigares-cubains\/cohiba\/cohiba-linea-clasica\/cohiba-robustos-5x3\/","title":{"rendered":"Cohiba Robustos (5\u00d73)"},"content":{"rendered":"<p><strong>Cuba's number 1 cigar brand is undoubtedly Cohiba, due to the exceptional quality of the tobacco used in its composition.<\/strong> The Robusto module is by far the favorite of connoisseurs, with its 124mm length and 19.84mm diameter (cepo 50).<\/p>\n<p>This is the part of the cigar that gives the best aromas. Tasting before lighting brings out insistent aromas of earth and vanilla at the foot. When the cigar is drawn cold, a slight salty flavor clings to the lips and slightly pungent notes of buckwheat honey spread across the palate.<\/p>\n<p>Une fois un Cohiba Robusto allum\u00e9, la perfection du tirage se poursuit tout le long du cigare, lib\u00e9rant une fum\u00e9e \u00e9paisse et abondante, \u00e0 la texture cr\u00e9meuse propre aux Cohiba. La saveur cors\u00e9e du miel noir domine le premier tiers. Le fameux go\u00fbt de l\u2019herbe caract\u00e9ristique de tous les Cohiba fait son apparition d\u00e8s le premier tirage bien que le bouquet aromatique ne soit que l\u00e9g\u00e8rement perceptible. Les sensations olfactives se poursuivent sur un go\u00fbt cr\u00e9meux et terreux pour finir sur une nuance poivr\u00e9e. Dans le 2\u00e8me tiers, le cigare devient plus complexe puisqu\u2019il associe bois, caramel, miel et c\u00e8dre. Toutes ces saveurs se marient dans une compl\u00e8te harmonie. Le 3e tiers se caract\u00e9rise par de copieux ar\u00f4mes de cacao et de cuir.<\/p>","protected":false},"excerpt":{"rendered":"<p>5 boxes of 3 cigars.<\/p>","protected":false},"featured_media":54421,"template":"","meta":{"_acf_changed":false},"product_brand":[],"product_cat":[19809,19845,19885,45378,35059,19793,16866],"product_tag":[],"class_list":{"0":"post-40504","1":"product","2":"type-product","3":"status-publish","4":"has-post-thumbnail","6":"product_cat-cigares","7":"product_cat-cigares-cubains","8":"product_cat-cohiba","9":"product_cat-cohiba-linea-clasica","10":"product_cat-etuis-de-3-a-5-cigares","11":"product_cat-hard-to-find","12":"product_cat-les-meilleurs-cigares","13":"product_shipping_class-cigares","15":"first","16":"outofstock","17":"taxable","18":"shipping-taxable","19":"purchasable","20":"product-type-simple"},"acf":[],"_links":{"self":[{"href":"https:\/\/cigarquality.com\/en\/wp-json\/wp\/v2\/product\/40504","targetHints":{"allow":["GET"]}}],"collection":[{"href":"https:\/\/cigarquality.com\/en\/wp-json\/wp\/v2\/product"}],"about":[{"href":"https:\/\/cigarquality.com\/en\/wp-json\/wp\/v2\/types\/product"}],"wp:featuredmedia":[{"embeddable":true,"href":"https:\/\/cigarquality.com\/en\/wp-json\/wp\/v2\/media\/54421"}],"wp:attachment":[{"href":"https:\/\/cigarquality.com\/en\/wp-json\/wp\/v2\/media?parent=40504"}],"wp:term":[{"taxonomy":"product_brand","embeddable":true,"href":"https:\/\/cigarquality.com\/en\/wp-json\/wp\/v2\/product_brand?post=40504"},{"taxonomy":"product_cat","embeddable":true,"href":"https:\/\/cigarquality.com\/en\/wp-json\/wp\/v2\/product_cat?post=40504"},{"taxonomy":"product_tag","embeddable":true,"href":"https:\/\/cigarquality.com\/en\/wp-json\/wp\/v2\/product_tag?post=40504"}],"curies":[{"name":"wp","href":"https:\/\/api.w.org\/{rel}","templated":true}]}}