{"id":299593,"date":"2025-04-03T14:26:49","date_gmt":"2025-04-03T12:26:49","guid":{"rendered":"https:\/\/cigarquality.com\/boutique\/non%20class\u00e9\/whisky-glengoyne-white-oak-highland-single-malt-48-70cl\/"},"modified":"2025-08-04T00:09:01","modified_gmt":"2025-08-03T22:09:01","slug":"whisky-glengoyne-white-oak-highland-single-malt-48-70cl","status":"publish","type":"product","link":"https:\/\/cigarquality.com\/en\/boutique\/alcools\/whisky\/glengoyne\/whisky-glengoyne-white-oak-highland-single-malt-48-70cl\/","title":{"rendered":"Whisky Glengoyne White Oak Highland Single Malt 48% 70cl"},"content":{"rendered":"<p>Visit <strong>Whisky Glengoyne White Oak Highland Single Malt 48% 70cl <\/strong>marks a new stage in the history of the Scottish distillery, with a bold, luminous expression that highlights the finesse of its single malt. A product of Glengoyne's traditional know-how, this cuv\u00e9e boasts a dazzling aromatic profile, combining clean woody notes, lively citrus fruit, green banana and a subtle floral touch of violet. On the palate, the sweetness charms with accents of cr\u00e8me br\u00fbl\u00e9e, fruity confectionery and pineapple, underscoring a playful yet sophisticated approach.<\/p>\n<p>Made in Scotland, the <strong>Whisky Glengoyne White Oak Highland Single Malt 48% 70cl <\/strong>was aged exclusively in first-fill bourbon barrels and North American virgin oak. These casks, briefly charred for less than a minute, allow Glengoyne's distillate to express itself without artifice, revealing all its purity and intensity. Bottled at 48 % alcohol, this edition reflects an uncompromising commitment to preserving the natural character of whisky.<\/p>\n<p>To be enjoyed neat, to fully appreciate its unctuous texture and long, sweet-apple finish. <strong>Whisky Glengoyne White Oak Highland Single Malt 48% 70cl <\/strong>will appeal to lovers of expressive, elegant single malts.<\/p>","protected":false},"excerpt":{"rendered":"<p>70 cl bottle.<\/p>","protected":false},"featured_media":300618,"template":"","meta":{"_acf_changed":false},"product_brand":[],"product_cat":[21852,44994,21855],"product_tag":[],"class_list":{"0":"post-299593","1":"product","2":"type-product","3":"status-publish","4":"has-post-thumbnail","6":"product_cat-alcools","7":"product_cat-glengoyne","8":"product_cat-whisky","9":"product_shipping_class-alcool","11":"first","12":"instock","13":"taxable","14":"shipping-taxable","15":"purchasable","16":"product-type-simple"},"acf":[],"_links":{"self":[{"href":"https:\/\/cigarquality.com\/en\/wp-json\/wp\/v2\/product\/299593","targetHints":{"allow":["GET"]}}],"collection":[{"href":"https:\/\/cigarquality.com\/en\/wp-json\/wp\/v2\/product"}],"about":[{"href":"https:\/\/cigarquality.com\/en\/wp-json\/wp\/v2\/types\/product"}],"wp:featuredmedia":[{"embeddable":true,"href":"https:\/\/cigarquality.com\/en\/wp-json\/wp\/v2\/media\/300618"}],"wp:attachment":[{"href":"https:\/\/cigarquality.com\/en\/wp-json\/wp\/v2\/media?parent=299593"}],"wp:term":[{"taxonomy":"product_brand","embeddable":true,"href":"https:\/\/cigarquality.com\/en\/wp-json\/wp\/v2\/product_brand?post=299593"},{"taxonomy":"product_cat","embeddable":true,"href":"https:\/\/cigarquality.com\/en\/wp-json\/wp\/v2\/product_cat?post=299593"},{"taxonomy":"product_tag","embeddable":true,"href":"https:\/\/cigarquality.com\/en\/wp-json\/wp\/v2\/product_tag?post=299593"}],"curies":[{"name":"wp","href":"https:\/\/api.w.org\/{rel}","templated":true}]}}