{"id":295511,"date":"2024-11-15T09:06:17","date_gmt":"2024-11-15T08:06:17","guid":{"rendered":"https:\/\/cigarquality.com\/?post_type=product&#038;p=295511"},"modified":"2026-01-19T18:56:03","modified_gmt":"2026-01-19T17:56:03","slug":"meerapfel-creation-liberte-2","status":"publish","type":"product","link":"https:\/\/cigarquality.com\/en\/boutique\/cigares-dominicains\/meerapfel\/meerapfel-creation-liberte-2\/","title":{"rendered":"Meerapfel Cr\u00e9ation Libert\u00e9 (2)"},"content":{"rendered":"<p><strong>Meerapfel Cr\u00e9ation Libert\u00e9<\/strong> is a masterpiece from the prestigious house of Meerapfel, celebrating their exceptional craftsmanship with a vintage Cameroon cape called the \"sacred leaf\", the family emblem.<\/p>\n<p>This cigar is distinguished by its rich, refined aromas, promising an unparalleled tasting experience. Although brand new, \"Cr\u00e9ation Libert\u00e9\" is already in the tradition of Meerapfel's exceptional creations.<\/p>\n<p>Made exclusively by hand, <strong>Meerapfel Cr\u00e9ation Libert\u00e9<\/strong> is produced in Belgium, underlining the company's commitment to quality craftsmanship. The composition focuses on excellence, with a rare vintage Cameroon cape, accompanied by a carefully selected tripe and sous-cape to ensure perfect balance and a harmonious aromatic experience.<\/p>\n<p>The cigar <strong>Meerapfel Cr\u00e9ation Libert\u00e9<\/strong> is offered in the Toro module, with a length of 152 mm and a diameter of 19.8 mm (ring 50). With an estimated smoking time of 60-80 minutes, it features a balanced strength, ideal for cigar enthusiasts looking for a memorable experience.<\/p>","protected":false},"excerpt":{"rendered":"<p>Box of 2 cigars.<\/p>","protected":false},"featured_media":295694,"template":"","meta":{"_acf_changed":false},"product_brand":[],"product_cat":[19809,19812,42387],"product_tag":[],"class_list":{"0":"post-295511","1":"product","2":"type-product","3":"status-publish","4":"has-post-thumbnail","6":"product_cat-cigares","7":"product_cat-cigares-dominicains","8":"product_cat-meerapfel","9":"product_shipping_class-cigares","11":"first","12":"instock","13":"taxable","14":"shipping-taxable","15":"purchasable","16":"product-type-simple"},"acf":[],"_links":{"self":[{"href":"https:\/\/cigarquality.com\/en\/wp-json\/wp\/v2\/product\/295511","targetHints":{"allow":["GET"]}}],"collection":[{"href":"https:\/\/cigarquality.com\/en\/wp-json\/wp\/v2\/product"}],"about":[{"href":"https:\/\/cigarquality.com\/en\/wp-json\/wp\/v2\/types\/product"}],"wp:featuredmedia":[{"embeddable":true,"href":"https:\/\/cigarquality.com\/en\/wp-json\/wp\/v2\/media\/295694"}],"wp:attachment":[{"href":"https:\/\/cigarquality.com\/en\/wp-json\/wp\/v2\/media?parent=295511"}],"wp:term":[{"taxonomy":"product_brand","embeddable":true,"href":"https:\/\/cigarquality.com\/en\/wp-json\/wp\/v2\/product_brand?post=295511"},{"taxonomy":"product_cat","embeddable":true,"href":"https:\/\/cigarquality.com\/en\/wp-json\/wp\/v2\/product_cat?post=295511"},{"taxonomy":"product_tag","embeddable":true,"href":"https:\/\/cigarquality.com\/en\/wp-json\/wp\/v2\/product_tag?post=295511"}],"curies":[{"name":"wp","href":"https:\/\/api.w.org\/{rel}","templated":true}]}}