{"id":290588,"date":"2024-05-24T16:15:20","date_gmt":"2024-05-24T14:15:20","guid":{"rendered":"https:\/\/cigarquality.com\/?post_type=product&#038;p=290588"},"modified":"2025-10-02T15:26:35","modified_gmt":"2025-10-02T13:26:35","slug":"bolivar-regentes-edition-limitada-2021-25","status":"publish","type":"product","link":"https:\/\/cigarquality.com\/en\/boutique\/cigares-cubains\/bolivar\/bolivar-regentes-edition-limitada-2021-25\/","title":{"rendered":"Bol\u00edvar Regentes Edici\u00f3n Limitada 2021 (25)"},"content":{"rendered":"<p>Visit&nbsp;<strong>Bol\u00edvar Regentes Edici\u00f3n Limitada 2021<\/strong>&nbsp;is an exceptional cigar that captures the essence of Cuba's rich heritage. Offering an unforgettable taste experience, it is distinguished by the intense aromas and rich nuances that characterize the Bol\u00edvar brand.<\/p>\n<p>Made in Cuba, this cigar uses selected leaves from the famous Vuelta Abajo zone, renowned for producing the world's finest tobaccos. The wrapper, binder and filler of this cigar are composed of these premium leaves, carefully hand-rolled to guarantee a refined experience.<\/p>\n<p>The Bol\u00edvar Regentes is a&nbsp;<strong>Robusto module<\/strong>&nbsp;known as Discretos in the Cuban naming system, measures 130 mm in length and 20.64 mm in diameter, with a ring gauge of 52. The only other cigar made with this module is the Partag\u00e1s Maduro No.1. Tasting time is 45 to 60 minutes. This cigar is characterized by pronounced strength, ideal for lovers of strong sensations and robust flavors.<\/p>","protected":false},"excerpt":{"rendered":"<p>Box of 25 cigars.<\/p>","protected":false},"featured_media":291808,"template":"","meta":{"_acf_changed":false},"product_brand":[],"product_cat":[20965,19809,19845],"product_tag":[],"class_list":{"0":"post-290588","1":"product","2":"type-product","3":"status-publish","4":"has-post-thumbnail","6":"product_cat-bolivar","7":"product_cat-cigares","8":"product_cat-cigares-cubains","9":"product_shipping_class-cigares","11":"first","12":"outofstock","13":"taxable","14":"shipping-taxable","15":"purchasable","16":"product-type-simple"},"acf":[],"_links":{"self":[{"href":"https:\/\/cigarquality.com\/en\/wp-json\/wp\/v2\/product\/290588","targetHints":{"allow":["GET"]}}],"collection":[{"href":"https:\/\/cigarquality.com\/en\/wp-json\/wp\/v2\/product"}],"about":[{"href":"https:\/\/cigarquality.com\/en\/wp-json\/wp\/v2\/types\/product"}],"wp:featuredmedia":[{"embeddable":true,"href":"https:\/\/cigarquality.com\/en\/wp-json\/wp\/v2\/media\/291808"}],"wp:attachment":[{"href":"https:\/\/cigarquality.com\/en\/wp-json\/wp\/v2\/media?parent=290588"}],"wp:term":[{"taxonomy":"product_brand","embeddable":true,"href":"https:\/\/cigarquality.com\/en\/wp-json\/wp\/v2\/product_brand?post=290588"},{"taxonomy":"product_cat","embeddable":true,"href":"https:\/\/cigarquality.com\/en\/wp-json\/wp\/v2\/product_cat?post=290588"},{"taxonomy":"product_tag","embeddable":true,"href":"https:\/\/cigarquality.com\/en\/wp-json\/wp\/v2\/product_tag?post=290588"}],"curies":[{"name":"wp","href":"https:\/\/api.w.org\/{rel}","templated":true}]}}