{"id":86594,"date":"2022-09-14T11:16:49","date_gmt":"2022-09-14T10:16:49","guid":{"rendered":"https:\/\/cigarquality.com\/?post_type=product&#038;p=86594"},"modified":"2025-12-02T09:22:57","modified_gmt":"2025-12-02T08:22:57","slug":"cle-25th-anniversary-robusto-25","status":"publish","type":"product","link":"https:\/\/cigarquality.com\/ar\/boutique\/cigares-honduriens\/cle\/c-l-e-25th-anniversary\/cle-25th-anniversary-robusto-25\/","title":{"rendered":"\u0631\u0648\u0628\u0648\u0633\u062a\u0648 \u0627\u0644\u0630\u0643\u0631\u0649 \u0627\u0644\u0633\u0646\u0648\u064a\u0629 \u0627\u0644 25 \u0644 CLE (25)"},"content":{"rendered":"<p><span data-sheets-value=\"{&quot;1&quot;:2,&quot;2&quot;:&quot;Le cigare CLE 25th Anniversary Robusto est un puro Hondurien envelopp\u00e9 dans une cape de couleur chocolat noir compos\u00e9 de l'Authentic Corojo, un tabac tr\u00e8s recherch\u00e9. nnCe cigare boxpress est un cigare premium avec un go\u00fbt de noix grill\u00e9, de sabl\u00e9 au beurre ainsi qu'un l\u00e9ger go\u00fbt \u00e9pic\u00e9. C'est un cigare comm\u00e9moratif moyennement cors\u00e9 est fabriqu\u00e9 \u00e0 la main dans l'usine CLE Cigar Company de Christian.nnLe cigare CLE 25th Anniversary Robusto est un module Robusto qui mesure 127 mm pour un diam\u00e8tre de 19,8 mm (bague 50). Il vous offrira environ 40 \u00e0 60 minutes de d\u00e9gustation.nnChristian Eiroa travaille dans l'industrie du cigare depuis un quart de si\u00e8cle, et pendant ce laps de temps pas si long, il s'est fait conna\u00eetre en cr\u00e9ant un portefeuille de cigares m\u00e9morables. Pour f\u00eater l'\u00e9v\u00e9nement, il a cr\u00e9\u00e9 le cigare premium CLE 25th Anniversary. &quot;}\" data-sheets-userformat=\"{&quot;2&quot;:15357,&quot;3&quot;:{&quot;1&quot;:0},&quot;5&quot;:{&quot;1&quot;:[{&quot;1&quot;:2,&quot;2&quot;:0,&quot;5&quot;:{&quot;1&quot;:2,&quot;2&quot;:0}},{&quot;1&quot;:0,&quot;2&quot;:0,&quot;3&quot;:3},{&quot;1&quot;:1,&quot;2&quot;:0,&quot;4&quot;:1}]},&quot;6&quot;:{&quot;1&quot;:[{&quot;1&quot;:2,&quot;2&quot;:0,&quot;5&quot;:{&quot;1&quot;:2,&quot;2&quot;:0}},{&quot;1&quot;:0,&quot;2&quot;:0,&quot;3&quot;:3},{&quot;1&quot;:1,&quot;2&quot;:0,&quot;4&quot;:1}]},&quot;7&quot;:{&quot;1&quot;:[{&quot;1&quot;:2,&quot;2&quot;:0,&quot;5&quot;:{&quot;1&quot;:2,&quot;2&quot;:0}},{&quot;1&quot;:0,&quot;2&quot;:0,&quot;3&quot;:3},{&quot;1&quot;:1,&quot;2&quot;:0,&quot;4&quot;:1}]},&quot;8&quot;:{&quot;1&quot;:[{&quot;1&quot;:2,&quot;2&quot;:0,&quot;5&quot;:{&quot;1&quot;:2,&quot;2&quot;:0}},{&quot;1&quot;:0,&quot;2&quot;:0,&quot;3&quot;:3},{&quot;1&quot;:1,&quot;2&quot;:0,&quot;4&quot;:1}]},&quot;9&quot;:0,&quot;10&quot;:1,&quot;11&quot;:4,&quot;12&quot;:0,&quot;14&quot;:{&quot;1&quot;:2,&quot;2&quot;:0},&quot;15&quot;:&quot;Calibri&quot;,&quot;16&quot;:10}\">Le cigare <strong>CLE 25th Anniversary Robusto<\/strong> est un puro Hondurien envelopp\u00e9 dans une cape de couleur chocolat noir compos\u00e9 de l&rsquo;Authentic Corojo, un tabac tr\u00e8s recherch\u00e9. <\/span><\/p>\n<p>Ce cigare boxpress est un cigare premium avec un go\u00fbt de noix grill\u00e9, de sabl\u00e9 au beurre ainsi qu&rsquo;un l\u00e9ger go\u00fbt \u00e9pic\u00e9. C&rsquo;est un cigare comm\u00e9moratif moyennement cors\u00e9 est fabriqu\u00e9 \u00e0 la main dans l&rsquo;usine CLE Cigar Company de Christian.<\/p>\n<p>Le cigare CLE 25th Anniversary Robusto est un module Robusto qui mesure 127 mm pour un diam\u00e8tre de 19,8 mm (bague 50). Il vous offrira environ 40 \u00e0 60 minutes de d\u00e9gustation.<\/p>\n<p>Christian Eiroa travaille dans l&rsquo;industrie du cigare depuis un quart de si\u00e8cle, et pendant ce laps de temps pas si long, il s&rsquo;est fait conna\u00eetre en cr\u00e9ant un portefeuille de cigares m\u00e9morables. Pour f\u00eater l&rsquo;\u00e9v\u00e9nement, il a cr\u00e9\u00e9 le cigare premium CLE 25th Anniversary.<\/p>\n","protected":false},"excerpt":{"rendered":"<p>\u0639\u0644\u0628\u0629 \u0645\u0646 25 \u0633\u064a\u062c\u0627\u0631.<\/p>","protected":false},"featured_media":88130,"template":"","meta":{"_acf_changed":false},"product_brand":[],"product_cat":[40125,40887,19809,24947],"product_tag":[],"class_list":{"0":"post-86594","1":"product","2":"type-product","3":"status-publish","4":"has-post-thumbnail","6":"product_cat-cle","7":"product_cat-c-l-e-25th-anniversary","8":"product_cat-cigares","9":"product_cat-cigares-honduriens","10":"product_shipping_class-cigares","12":"first","13":"instock","14":"sale","15":"taxable","16":"shipping-taxable","17":"purchasable","18":"product-type-simple"},"acf":[],"_links":{"self":[{"href":"https:\/\/cigarquality.com\/ar\/wp-json\/wp\/v2\/product\/86594","targetHints":{"allow":["GET"]}}],"collection":[{"href":"https:\/\/cigarquality.com\/ar\/wp-json\/wp\/v2\/product"}],"about":[{"href":"https:\/\/cigarquality.com\/ar\/wp-json\/wp\/v2\/types\/product"}],"wp:featuredmedia":[{"embeddable":true,"href":"https:\/\/cigarquality.com\/ar\/wp-json\/wp\/v2\/media\/88130"}],"wp:attachment":[{"href":"https:\/\/cigarquality.com\/ar\/wp-json\/wp\/v2\/media?parent=86594"}],"wp:term":[{"taxonomy":"product_brand","embeddable":true,"href":"https:\/\/cigarquality.com\/ar\/wp-json\/wp\/v2\/product_brand?post=86594"},{"taxonomy":"product_cat","embeddable":true,"href":"https:\/\/cigarquality.com\/ar\/wp-json\/wp\/v2\/product_cat?post=86594"},{"taxonomy":"product_tag","embeddable":true,"href":"https:\/\/cigarquality.com\/ar\/wp-json\/wp\/v2\/product_tag?post=86594"}],"curies":[{"name":"\u062f\u0628\u0644\u064a\u0648 \u0628\u064a","href":"https:\/\/api.w.org\/{rel}","templated":true}]}}