{"id":78151,"date":"2022-08-08T09:52:25","date_gmt":"2022-08-08T08:52:25","guid":{"rendered":"https:\/\/cigarquality.com\/boutique\/non%20class\u00e9\/legend-of-eight-karma-25\/"},"modified":"2025-09-26T14:40:45","modified_gmt":"2025-09-26T12:40:45","slug":"legend-of-eight-karma-25","status":"publish","type":"product","link":"https:\/\/cigarquality.com\/ar\/boutique\/cigares-costariciens\/legend-of-eight\/legend-of-eight-karma-25\/","title":{"rendered":"\u0623\u0633\u0637\u0648\u0631\u0629 \u0627\u0644\u0639\u0627\u0642\u0628\u0629 \u0627\u0644\u0623\u062e\u0644\u0627\u0642\u064a\u0629 \u0627\u0644\u062b\u0645\u0627\u0646\u064a\u0629 (25)"},"content":{"rendered":"<p><span data-sheets-value=\"{&quot;1&quot;:2,&quot;2&quot;:&quot;Le Legend of Eight Karma est plus court et trapu, il ouvre l'app\u00e9tit et sa mise en route est imm\u00e9diate. La puissance se d\u00e9voile efficace mais discr\u00e8te et r\u00e9v\u00e8le tout son potentiel apr\u00e8s le premier tiers offrant un grand moment de volupt\u00e9.nnCe cigare mesure 140 mm de longueur par 23,62 mm de diam\u00e8tre (bague 60) et vous prendra environ 30 \u00e0 50 minutes pour le consommer. Module parfait en fin de repas, tant le midi que le soir, il est comparable en dur\u00e9e de fum\u00e9e au Hercules mais se distingue par des notes plus intenses. Il se marie parfaitement avec un whisky bourbon, un cognac ou un caf\u00e9.&quot;}\" data-sheets-userformat=\"{&quot;2&quot;:4477,&quot;3&quot;:{&quot;1&quot;:0},&quot;5&quot;:{&quot;1&quot;:[{&quot;1&quot;:2,&quot;2&quot;:0,&quot;5&quot;:{&quot;1&quot;:2,&quot;2&quot;:0}},{&quot;1&quot;:0,&quot;2&quot;:0,&quot;3&quot;:3},{&quot;1&quot;:1,&quot;2&quot;:0,&quot;4&quot;:1}]},&quot;6&quot;:{&quot;1&quot;:[{&quot;1&quot;:2,&quot;2&quot;:0,&quot;5&quot;:{&quot;1&quot;:2,&quot;2&quot;:0}},{&quot;1&quot;:0,&quot;2&quot;:0,&quot;3&quot;:3},{&quot;1&quot;:1,&quot;2&quot;:0,&quot;4&quot;:1}]},&quot;7&quot;:{&quot;1&quot;:[{&quot;1&quot;:2,&quot;2&quot;:0,&quot;5&quot;:{&quot;1&quot;:2,&quot;2&quot;:0}},{&quot;1&quot;:0,&quot;2&quot;:0,&quot;3&quot;:3},{&quot;1&quot;:1,&quot;2&quot;:0,&quot;4&quot;:1}]},&quot;8&quot;:{&quot;1&quot;:[{&quot;1&quot;:2,&quot;2&quot;:0,&quot;5&quot;:{&quot;1&quot;:2,&quot;2&quot;:0}},{&quot;1&quot;:0,&quot;2&quot;:0,&quot;3&quot;:3},{&quot;1&quot;:1,&quot;2&quot;:0,&quot;4&quot;:1}]},&quot;9&quot;:1,&quot;11&quot;:4,&quot;15&quot;:&quot;Calibri&quot;}\">Le <strong>Legend of Eight Karma<\/strong> est plus court et trapu, il ouvre l&rsquo;app\u00e9tit et sa mise en route est imm\u00e9diate. La puissance se d\u00e9voile efficace mais discr\u00e8te et r\u00e9v\u00e8le tout son potentiel apr\u00e8s le premier tiers offrant un grand moment de volupt\u00e9.<\/span><\/p>\n<p>Ce cigare mesure 140 mm de longueur par 23,62 mm de diam\u00e8tre (bague 60) et vous prendra environ 30 \u00e0 50 minutes pour le consommer. Module parfait en fin de repas, tant le midi que le soir, il est comparable en dur\u00e9e de fum\u00e9e au Hercules mais se distingue par des notes plus intenses. Il se marie parfaitement avec un whisky bourbon, un cognac ou un caf\u00e9.<\/p>\n","protected":false},"excerpt":{"rendered":"<p>\u0639\u0644\u0628\u0629 \u0645\u0646 25 \u0633\u064a\u062c\u0627\u0631.<\/p>","protected":false},"featured_media":78148,"template":"","meta":{"_acf_changed":false},"product_brand":[],"product_cat":[19809,25624,40665],"product_tag":[],"class_list":{"0":"post-78151","1":"product","2":"type-product","3":"status-publish","4":"has-post-thumbnail","6":"product_cat-cigares","7":"product_cat-cigares-costariciens","8":"product_cat-legend-of-eight","9":"product_shipping_class-cigares","11":"first","12":"outofstock","13":"sale","14":"taxable","15":"shipping-taxable","16":"purchasable","17":"product-type-simple"},"acf":[],"_links":{"self":[{"href":"https:\/\/cigarquality.com\/ar\/wp-json\/wp\/v2\/product\/78151","targetHints":{"allow":["GET"]}}],"collection":[{"href":"https:\/\/cigarquality.com\/ar\/wp-json\/wp\/v2\/product"}],"about":[{"href":"https:\/\/cigarquality.com\/ar\/wp-json\/wp\/v2\/types\/product"}],"wp:featuredmedia":[{"embeddable":true,"href":"https:\/\/cigarquality.com\/ar\/wp-json\/wp\/v2\/media\/78148"}],"wp:attachment":[{"href":"https:\/\/cigarquality.com\/ar\/wp-json\/wp\/v2\/media?parent=78151"}],"wp:term":[{"taxonomy":"product_brand","embeddable":true,"href":"https:\/\/cigarquality.com\/ar\/wp-json\/wp\/v2\/product_brand?post=78151"},{"taxonomy":"product_cat","embeddable":true,"href":"https:\/\/cigarquality.com\/ar\/wp-json\/wp\/v2\/product_cat?post=78151"},{"taxonomy":"product_tag","embeddable":true,"href":"https:\/\/cigarquality.com\/ar\/wp-json\/wp\/v2\/product_tag?post=78151"}],"curies":[{"name":"\u062f\u0628\u0644\u064a\u0648 \u0628\u064a","href":"https:\/\/api.w.org\/{rel}","templated":true}]}}