{"id":77621,"date":"2022-08-03T10:24:33","date_gmt":"2022-08-03T09:24:33","guid":{"rendered":"https:\/\/cigarquality.com\/?post_type=product&#038;p=77621"},"modified":"2025-09-11T11:41:02","modified_gmt":"2025-09-11T09:41:02","slug":"don-tomas-bundle-robusto-10","status":"publish","type":"product","link":"https:\/\/cigarquality.com\/ar\/boutique\/cigares-dominicains\/don-tomas-cigares-dominicain\/don-tomas-bundle-robusto-10\/","title":{"rendered":"\u062f\u0648\u0646 \u062a\u0648\u0645\u0627\u0633 \u062d\u0632\u0645\u0629 \u0631\u0648\u0628\u0648\u0633\u062a\u0648 \u062f\u0648\u0646 \u062a\u0648\u0645\u0627\u0633 (10)"},"content":{"rendered":"<p><span data-sheets-value=\"{&quot;1&quot;:2,&quot;2&quot;:&quot;Le Don Tomas Bundle Robusto est un cigare doux-moyen, produit en R\u00e9publique Dominicaine. Ce cigare est roul\u00e9 dans une cape scintillante \u00c9quatorienne, d'une cape Connecticut des \u00c9tats-Unis et d'un m\u00e9lange de tabac de R\u00e9publique Dominicaine et du Mexique en guise de tripe.nnLors de la d\u00e9gustation, vous sentirez des ar\u00f4mes de chocolat, de caf\u00e9 et de noix avec un peu de poivre sur la fin. Il s'agit du cigare id\u00e9al pour les d\u00e9butants ou les amateurs de cigares.nnCe Bundle est fourni en pack de 10 cigares. Module au format Robusto, ce Don Tomas Bundle Robusto mesure 140 mm de longueur pour 19,8 mm de diam\u00e8tre (bague 50). Il n\u00e9cessitera environ 45 \u00e0 60 minutes pour \u00eatre d\u00e9gust\u00e9 convenablement.&quot;}\" data-sheets-userformat=\"{&quot;2&quot;:13181,&quot;3&quot;:{&quot;1&quot;:0},&quot;5&quot;:{&quot;1&quot;:[{&quot;1&quot;:2,&quot;2&quot;:0,&quot;5&quot;:{&quot;1&quot;:2,&quot;2&quot;:0}},{&quot;1&quot;:0,&quot;2&quot;:0,&quot;3&quot;:3},{&quot;1&quot;:1,&quot;2&quot;:0,&quot;4&quot;:1}]},&quot;6&quot;:{&quot;1&quot;:[{&quot;1&quot;:2,&quot;2&quot;:0,&quot;5&quot;:{&quot;1&quot;:2,&quot;2&quot;:0}},{&quot;1&quot;:0,&quot;2&quot;:0,&quot;3&quot;:3},{&quot;1&quot;:1,&quot;2&quot;:0,&quot;4&quot;:1}]},&quot;7&quot;:{&quot;1&quot;:[{&quot;1&quot;:2,&quot;2&quot;:0,&quot;5&quot;:{&quot;1&quot;:2,&quot;2&quot;:0}},{&quot;1&quot;:0,&quot;2&quot;:0,&quot;3&quot;:3},{&quot;1&quot;:1,&quot;2&quot;:0,&quot;4&quot;:1}]},&quot;8&quot;:{&quot;1&quot;:[{&quot;1&quot;:2,&quot;2&quot;:0,&quot;5&quot;:{&quot;1&quot;:2,&quot;2&quot;:0}},{&quot;1&quot;:0,&quot;2&quot;:0,&quot;3&quot;:3},{&quot;1&quot;:1,&quot;2&quot;:0,&quot;4&quot;:1}]},&quot;9&quot;:0,&quot;11&quot;:4,&quot;12&quot;:0,&quot;15&quot;:&quot;Calibri&quot;,&quot;16&quot;:10}\">Le <strong>Don Tomas Bundle Robusto<\/strong> est un cigare doux-moyen, produit en R\u00e9publique Dominicaine. Ce cigare est roul\u00e9 dans une cape scintillante \u00c9quatorienne, une sous-cape Connecticut des \u00c9tats-Unis et utilise un m\u00e9lange de tabac de R\u00e9publique Dominicaine et du Mexique en guise de tripe.<\/span><\/p>\n<p>Lors de la d\u00e9gustation, vous sentirez des ar\u00f4mes de chocolat, de caf\u00e9 et de noix avec un peu de poivre sur la fin. Il s&rsquo;agit du cigare id\u00e9al pour les d\u00e9butants ou les amateurs de cigares.<\/p>\n<p>Ce Bundle est fourni en pack de 10 cigares. Module au format Robusto, ce Don Tomas Robusto mesure 140 mm de longueur pour 19,8 mm de diam\u00e8tre (bague 50). Il n\u00e9cessitera environ 45 \u00e0 60 minutes pour \u00eatre d\u00e9gust\u00e9 convenablement.<\/p>\n","protected":false},"excerpt":{"rendered":"<p>\u0639\u0644\u0628\u0629 \u0645\u0646 10 \u0633\u064a\u062c\u0627\u0631.<\/p>","protected":false},"featured_media":77784,"template":"","meta":{"_acf_changed":false},"product_brand":[],"product_cat":[19809,19812,40615],"product_tag":[],"class_list":{"0":"post-77621","1":"product","2":"type-product","3":"status-publish","4":"has-post-thumbnail","6":"product_cat-cigares","7":"product_cat-cigares-dominicains","8":"product_cat-don-tomas-cigares-dominicain","9":"product_shipping_class-cigares","11":"first","12":"instock","13":"sale","14":"taxable","15":"shipping-taxable","16":"purchasable","17":"product-type-simple"},"acf":[],"_links":{"self":[{"href":"https:\/\/cigarquality.com\/ar\/wp-json\/wp\/v2\/product\/77621","targetHints":{"allow":["GET"]}}],"collection":[{"href":"https:\/\/cigarquality.com\/ar\/wp-json\/wp\/v2\/product"}],"about":[{"href":"https:\/\/cigarquality.com\/ar\/wp-json\/wp\/v2\/types\/product"}],"wp:featuredmedia":[{"embeddable":true,"href":"https:\/\/cigarquality.com\/ar\/wp-json\/wp\/v2\/media\/77784"}],"wp:attachment":[{"href":"https:\/\/cigarquality.com\/ar\/wp-json\/wp\/v2\/media?parent=77621"}],"wp:term":[{"taxonomy":"product_brand","embeddable":true,"href":"https:\/\/cigarquality.com\/ar\/wp-json\/wp\/v2\/product_brand?post=77621"},{"taxonomy":"product_cat","embeddable":true,"href":"https:\/\/cigarquality.com\/ar\/wp-json\/wp\/v2\/product_cat?post=77621"},{"taxonomy":"product_tag","embeddable":true,"href":"https:\/\/cigarquality.com\/ar\/wp-json\/wp\/v2\/product_tag?post=77621"}],"curies":[{"name":"\u062f\u0628\u0644\u064a\u0648 \u0628\u064a","href":"https:\/\/api.w.org\/{rel}","templated":true}]}}