{"id":77244,"date":"2022-07-29T16:15:05","date_gmt":"2022-07-29T15:15:05","guid":{"rendered":"https:\/\/cigarquality.com\/?post_type=product&#038;p=77244"},"modified":"2025-12-02T08:43:03","modified_gmt":"2025-12-02T07:43:03","slug":"perla-del-mar-corojo-double-toro-25","status":"publish","type":"product","link":"https:\/\/cigarquality.com\/ar\/boutique\/cigares-nicaraguayens\/perla-del-mar\/perla-del-mar-corojo\/perla-del-mar-corojo-double-toro-25\/","title":{"rendered":"\u0628\u064a\u0631\u0644\u0627 \u062f\u064a\u0644 \u0645\u0627\u0631 \u0643\u0648\u0631\u0648\u062e\u0648 \u062a\u0648\u0631\u0648 \u0645\u0632\u062f\u0648\u062c (25)"},"content":{"rendered":"<p><span data-sheets-value=\"{&quot;1&quot;:2,&quot;2&quot;:&quot;Le Perla del Mar Corojo Double Toro est un cigare \u00e9quatorien moyennement cors\u00e9 envelopp\u00e9 d'une cape Corojo \u00e9quatorienne et compos\u00e9 d'une sous-cape et d'un m\u00e9lange enti\u00e8rement nicaraguayen. nLes cigares sont press\u00e9s en bo\u00eete selon la m\u00e9thode du style Tampa, qui donne au cigare une forme plus rectangulaire. Cette forme unique permet aux tabacs du cigare de se marier et de d\u00e9velopper leur saveur distinctive et d'offrir une exp\u00e9rience de fumeur satisfaisante. nnUne fois allum\u00e9, ce m\u00e9lange g\u00e9nial offre une complexit\u00e9 de saveurs comprenant du caf\u00e9, de la douceur, de la terre et du cacao, le tout accentu\u00e9 par des notes d'\u00e9pices pas si subtiles.nnCe Double Toro mesure 152,4 mm de longueur pour 23,9 mm de diam\u00e8tre (bague 60). Il vous faudra environ 75 \u00e0 120 minutes pour d\u00e9guster ce cigare.nnPerla del Mar, qui se traduit par &quot;Perle de la mer&quot;, est une marque de cigares cubains longtemps abandonn\u00e9e (fabriqu\u00e9e ensuite \u00e0 Tampa) que J.C. Newman a ressuscit\u00e9e en 2012. Les cigares sont roul\u00e9s \u00e0 l'usine PENSA de J.C. Newman, au Nicaragua, o\u00f9 tous les Perla del Mar sont aujourd'hui produits. La marque Perla del Mar a fait peau neuve, avec un nouvel emballage, et est d\u00e9sormais disponible en 3 lignes, Perla del Mar Corojo, Perla del Mar Maduro et Perla del Mar Corojo.nn&quot;}\" data-sheets-userformat=\"{&quot;2&quot;:15357,&quot;3&quot;:{&quot;1&quot;:0},&quot;5&quot;:{&quot;1&quot;:[{&quot;1&quot;:2,&quot;2&quot;:0,&quot;5&quot;:{&quot;1&quot;:2,&quot;2&quot;:0}},{&quot;1&quot;:0,&quot;2&quot;:0,&quot;3&quot;:3},{&quot;1&quot;:1,&quot;2&quot;:0,&quot;4&quot;:1}]},&quot;6&quot;:{&quot;1&quot;:[{&quot;1&quot;:2,&quot;2&quot;:0,&quot;5&quot;:{&quot;1&quot;:2,&quot;2&quot;:0}},{&quot;1&quot;:0,&quot;2&quot;:0,&quot;3&quot;:3},{&quot;1&quot;:1,&quot;2&quot;:0,&quot;4&quot;:1}]},&quot;7&quot;:{&quot;1&quot;:[{&quot;1&quot;:2,&quot;2&quot;:0,&quot;5&quot;:{&quot;1&quot;:2,&quot;2&quot;:0}},{&quot;1&quot;:0,&quot;2&quot;:0,&quot;3&quot;:3},{&quot;1&quot;:1,&quot;2&quot;:0,&quot;4&quot;:1}]},&quot;8&quot;:{&quot;1&quot;:[{&quot;1&quot;:2,&quot;2&quot;:0,&quot;5&quot;:{&quot;1&quot;:2,&quot;2&quot;:0}},{&quot;1&quot;:0,&quot;2&quot;:0,&quot;3&quot;:3},{&quot;1&quot;:1,&quot;2&quot;:0,&quot;4&quot;:1}]},&quot;9&quot;:0,&quot;10&quot;:1,&quot;11&quot;:4,&quot;12&quot;:0,&quot;14&quot;:{&quot;1&quot;:2,&quot;2&quot;:0},&quot;15&quot;:&quot;Calibri&quot;,&quot;16&quot;:10}\">Le <strong>Perla del Mar Corojo Double Toro <\/strong>est un cigare \u00e9quatorien moyennement cors\u00e9 envelopp\u00e9 d&rsquo;une cape Corojo \u00e9quatorienne et compos\u00e9 d&rsquo;une sous-cape et d&rsquo;un m\u00e9lange enti\u00e8rement nicaraguayen.<br \/>\nLes cigares sont press\u00e9s en bo\u00eete selon la m\u00e9thode du style Tampa, qui donne au cigare une forme plus rectangulaire. Cette forme unique permet aux tabacs du cigare de se marier et de d\u00e9velopper leur saveur distinctive et d&rsquo;offrir une exp\u00e9rience de fumeur satisfaisante. <\/span><\/p>\n<p>Une fois allum\u00e9, ce m\u00e9lange g\u00e9nial offre une complexit\u00e9 de saveurs comprenant du caf\u00e9, de la douceur, de la terre et du cacao, le tout accentu\u00e9 par des notes d&rsquo;\u00e9pices pas si subtiles.<\/p>\n<p>Ce Double Toro mesure 152,4 mm de longueur pour 23,9 mm de diam\u00e8tre (bague 60). Il vous faudra environ 75 \u00e0 120 minutes pour d\u00e9guster ce cigare.<\/p>\n<p>Perla del Mar, qui se traduit par \u00ab\u00a0Perle de la mer\u00a0\u00bb, est une marque de cigares cubains longtemps abandonn\u00e9e (fabriqu\u00e9e ensuite \u00e0 Tampa) que J.C. Newman a ressuscit\u00e9e en 2012. Les cigares sont roul\u00e9s \u00e0 l&rsquo;usine PENSA de J.C. Newman, au Nicaragua, o\u00f9 tous les Perla del Mar sont aujourd&rsquo;hui produits. La marque Perla del Mar a fait peau neuve, avec un nouvel emballage, et est d\u00e9sormais disponible en 3 lignes, Perla del Mar Corojo, Perla del Mar Maduro et Perla del Mar Corojo.<\/p>\n<p>&nbsp;<\/p>\n","protected":false},"excerpt":{"rendered":"<p>\u0639\u0644\u0628\u0629 \u0645\u0646 25 \u0633\u064a\u062c\u0627\u0631.<\/p>","protected":false},"featured_media":77241,"template":"","meta":{"_acf_changed":false},"product_brand":[],"product_cat":[19809,24833,40284,40282],"product_tag":[],"class_list":{"0":"post-77244","1":"product","2":"type-product","3":"status-publish","4":"has-post-thumbnail","6":"product_cat-cigares","7":"product_cat-cigares-nicaraguayens","8":"product_cat-perla-del-mar-corojo","9":"product_cat-perla-del-mar","10":"product_shipping_class-cigares","12":"first","13":"outofstock","14":"sale","15":"taxable","16":"shipping-taxable","17":"purchasable","18":"product-type-simple"},"acf":[],"_links":{"self":[{"href":"https:\/\/cigarquality.com\/ar\/wp-json\/wp\/v2\/product\/77244","targetHints":{"allow":["GET"]}}],"collection":[{"href":"https:\/\/cigarquality.com\/ar\/wp-json\/wp\/v2\/product"}],"about":[{"href":"https:\/\/cigarquality.com\/ar\/wp-json\/wp\/v2\/types\/product"}],"wp:featuredmedia":[{"embeddable":true,"href":"https:\/\/cigarquality.com\/ar\/wp-json\/wp\/v2\/media\/77241"}],"wp:attachment":[{"href":"https:\/\/cigarquality.com\/ar\/wp-json\/wp\/v2\/media?parent=77244"}],"wp:term":[{"taxonomy":"product_brand","embeddable":true,"href":"https:\/\/cigarquality.com\/ar\/wp-json\/wp\/v2\/product_brand?post=77244"},{"taxonomy":"product_cat","embeddable":true,"href":"https:\/\/cigarquality.com\/ar\/wp-json\/wp\/v2\/product_cat?post=77244"},{"taxonomy":"product_tag","embeddable":true,"href":"https:\/\/cigarquality.com\/ar\/wp-json\/wp\/v2\/product_tag?post=77244"}],"curies":[{"name":"\u062f\u0628\u0644\u064a\u0648 \u0628\u064a","href":"https:\/\/api.w.org\/{rel}","templated":true}]}}