{"id":76360,"date":"2022-07-26T17:03:48","date_gmt":"2022-07-26T16:03:48","guid":{"rendered":"https:\/\/cigarquality.com\/?post_type=product&#038;p=76360"},"modified":"2025-07-25T13:58:11","modified_gmt":"2025-07-25T11:58:11","slug":"bundle-selection-by-cusano-figurado-16","status":"publish","type":"product","link":"https:\/\/cigarquality.com\/ar\/boutique\/cigares-dominicains\/cusano\/cusano-bundle-selection\/bundle-selection-by-cusano-figurado-16\/","title":{"rendered":"\u0628\u0627\u0642\u0629 \u0645\u062e\u062a\u0627\u0631\u0629 \u0645\u0646 \u0643\u0648\u0633\u0627\u0646\u0648 \u0641\u064a\u062c\u0631\u0627\u062f\u0648 (16)"},"content":{"rendered":"<p><span data-sheets-value=\"{&quot;1&quot;:2,&quot;2&quot;:&quot;Le cigare Cusano Figurado est produit en R\u00e9publique Dominicaine dans une manufacture filiale du groupe Davidoff. Le cigare Cusano Figurado , comme son nom l\u2019indique est un module Figurado qui mesure 120 mm de longueur pour un diam\u00e8tre de 19,1 mm. nnLe temps de fum\u00e9e de ce cigare est d\u2019environ 50 minutes. Le cigare Cusano Figurado est compos\u00e9 de tabacs provenant d\u2019Equateur pour la cape, d\u2019 une sous-cape de R\u00e9publique Dominicaine et d\u2019une tripe compos\u00e9e de tabacs de R\u00e9publique Dominicaine et du Honduras. A la d\u00e9gustation ce cigare offre des saveurs bois\u00e9es avec des notes de caf\u00e9, de noix et de poivre. Il a une intensit\u00e9 de 2\/5. nnLe cigare Cusano Figurado est propos\u00e9 en bundle de 16 cigares . Depuis la cr\u00e9ation de Cusano en 1995, ce nom est synonyme de qualit\u00e9 sophistiqu\u00e9e \u00e0 un prix tr\u00e8s int\u00e9ressant. Les cigares Bundle s\u00e9lection by Cusano sont produits sous les contr\u00f4les de qualit\u00e9 les plus stricts offrant au connaisseur une qualit\u00e9 sup\u00e9rieure avec un large \u00e9ventail d\u2019 exp\u00e9riences gustatives. nnDepuis la cr\u00e9ation de Cusano en 1995, ce nom est synonyme de qualit\u00e9 sophistiqu\u00e9e \u00e0 un prix tr\u00e8s int\u00e9ressant. Les cigares Bundle s\u00e9lection by Cusano sont produits sous les contr\u00f4les de qualit\u00e9 les plus stricts offrant au connaisseur une qualit\u00e9 sup\u00e9rieure avec un large \u00e9ventail d\u2019 exp\u00e9riences gustatives.&quot;}\" data-sheets-userformat=\"{&quot;2&quot;:13121,&quot;3&quot;:{&quot;1&quot;:0},&quot;9&quot;:0,&quot;11&quot;:4,&quot;12&quot;:0,&quot;15&quot;:&quot;Calibri&quot;,&quot;16&quot;:10}\">\u064a\u062a\u0645 \u0625\u0646\u062a\u0627\u062c \u0633\u064a\u062c\u0627\u0631 \u0643\u0648\u0633\u0627\u0646\u0648 \u0641\u064a\u063a\u0648\u0631\u0627\u062f\u0648 \u0641\u064a \u062c\u0645\u0647\u0648\u0631\u064a\u0629 \u0627\u0644\u062f\u0648\u0645\u064a\u0646\u064a\u0643\u0627\u0646 \u0628\u0648\u0627\u0633\u0637\u0629 \u0634\u0631\u0643\u0629 \u062a\u0627\u0628\u0639\u0629 \u0644\u0645\u062c\u0645\u0648\u0639\u0629 \u062f\u0627\u0641\u064a\u062f\u0648\u0641. \u0633\u064a\u062c\u0627\u0631 \u0643\u0648\u0633\u0627\u0646\u0648 \u0641\u064a\u063a\u0648\u0631\u0627\u062f\u0648\u060c \u0643\u0645\u0627 \u064a\u0648\u062d\u064a \u0627\u0633\u0645\u0647\u060c \u0647\u0648 \u0633\u064a\u062c\u0627\u0631 \u0641\u064a\u063a\u0648\u0631\u0627\u062f\u0648 \u0628\u0642\u064a\u0627\u0633 120 \u0645\u0644\u0645 \u0637\u0648\u0644\u0627\u064b \u064819.1 \u0645\u0644\u0645 \u0642\u0637\u0631\u0627\u064b. <\/span><\/p>\n<p>\u064a\u0633\u062a\u063a\u0631\u0642 \u062a\u062f\u062e\u064a\u0646 \u0647\u0630\u0627 \u0627\u0644\u0633\u064a\u062c\u0627\u0631 \u062d\u0648\u0627\u0644\u064a 50 \u062f\u0642\u064a\u0642\u0629. \u064a\u062a\u0643\u0648\u0646 \u0633\u064a\u062c\u0627\u0631 \u0643\u0648\u0633\u0627\u0646\u0648 \u0641\u064a\u063a\u0648\u0631\u0627\u062f\u0648 \u0645\u0646 \u062a\u0628\u063a \u0645\u0646 \u0627\u0644\u0625\u0643\u0648\u0627\u062f\u0648\u0631 \u0644\u0644\u063a\u0644\u0627\u0641\u060c \u0648\u063a\u0644\u0627\u0641 \u0645\u0646 \u062c\u0645\u0647\u0648\u0631\u064a\u0629 \u0627\u0644\u062f\u0648\u0645\u064a\u0646\u064a\u0643\u0627\u0646 \u0648\u062d\u0634\u0648\u0629 \u0645\u0643\u0648\u0646\u0629 \u0645\u0646 \u062a\u0628\u063a \u0645\u0646 \u062c\u0645\u0647\u0648\u0631\u064a\u0629 \u0627\u0644\u062f\u0648\u0645\u064a\u0646\u064a\u0643\u0627\u0646 \u0648\u0647\u0646\u062f\u0648\u0631\u0627\u0633. \u0639\u0646\u062f \u0627\u0644\u062a\u0630\u0648\u0642\u060c \u064a\u0642\u062f\u0645 \u0647\u0630\u0627 \u0627\u0644\u0633\u064a\u062c\u0627\u0631 \u0646\u0643\u0647\u0627\u062a \u062e\u0634\u0628\u064a\u0629 \u0645\u0639 \u0631\u0648\u0627\u0626\u062d \u0627\u0644\u0642\u0647\u0648\u0629 \u0648\u0627\u0644\u0645\u0643\u0633\u0631\u0627\u062a \u0648\u0627\u0644\u0641\u0644\u0641\u0644. \u062a\u0628\u0644\u063a \u0643\u062b\u0627\u0641\u062a\u0647 2\/5.<\/p>\n<p>\u064a\u0623\u062a\u064a \u0633\u064a\u062c\u0627\u0631 \u0643\u0648\u0633\u0627\u0646\u0648 \u0641\u064a\u063a\u0648\u0631\u0627\u062f\u0648 \u0641\u064a \u062d\u0632\u0645\u0629 \u0645\u0646 16 \u0633\u064a\u062c\u0627\u0631. \u0645\u0646\u0630 \u0625\u0646\u0634\u0627\u0621 \u0643\u0648\u0633\u0627\u0646\u0648 \u0641\u064a \u0639\u0627\u0645 1995\u060c \u0623\u0635\u0628\u062d \u0647\u0630\u0627 \u0627\u0644\u0627\u0633\u0645 \u0645\u0631\u0627\u062f\u0641\u064b\u0627 \u0644\u0644\u062c\u0648\u062f\u0629 \u0627\u0644\u0645\u062a\u0637\u0648\u0631\u0629 \u0628\u0633\u0639\u0631 \u062c\u0630\u0627\u0628 \u0644\u0644\u063a\u0627\u064a\u0629. \u064a\u062a\u0645 \u0625\u0646\u062a\u0627\u062c \u062d\u0632\u0645 \u0633\u064a\u062c\u0627\u0631 \u0643\u0648\u0633\u0627\u0646\u0648 \u0627\u0644\u0645\u062e\u062a\u0627\u0631\u0629 \u0645\u0646 \u0643\u0648\u0633\u0627\u0646\u0648 \u062a\u062d\u062a \u0623\u0643\u062b\u0631 \u0636\u0648\u0627\u0628\u0637 \u0627\u0644\u062c\u0648\u062f\u0629 \u0635\u0631\u0627\u0645\u0629\u060c \u0645\u0645\u0627 \u064a\u0648\u0641\u0631 \u0644\u0644\u0645\u062a\u0630\u0648\u0642 \u062c\u0648\u062f\u0629 \u0641\u0627\u0626\u0642\u0629 \u0645\u0639 \u0645\u062c\u0645\u0648\u0639\u0629 \u0648\u0627\u0633\u0639\u0629 \u0645\u0646 \u062a\u062c\u0627\u0631\u0628 \u0627\u0644\u062a\u0630\u0648\u0642.<\/p>\n<p>\u0645\u0646\u0630 \u0625\u0646\u0634\u0627\u0621 \u0634\u0631\u0643\u0629 \u0643\u0648\u0633\u0627\u0646\u0648 \u0641\u064a \u0639\u0627\u0645 1995\u060c \u0623\u0635\u0628\u062d \u0647\u0630\u0627 \u0627\u0644\u0627\u0633\u0645 \u0645\u0631\u0627\u062f\u0641\u0627\u064b \u0644\u0644\u062c\u0648\u062f\u0629 \u0627\u0644\u0645\u062a\u0637\u0648\u0631\u0629 \u0628\u0633\u0639\u0631 \u062c\u0630\u0627\u0628 \u0644\u0644\u063a\u0627\u064a\u0629. \u064a\u062a\u0645 \u0625\u0646\u062a\u0627\u062c \u0628\u0627\u0642\u0629 \u0645\u062e\u062a\u0627\u0631\u0629 \u0645\u0646 \u0633\u064a\u062c\u0627\u0631 \u0643\u0648\u0633\u0627\u0646\u0648 \u062a\u062d\u062a \u0623\u0643\u062b\u0631 \u0636\u0648\u0627\u0628\u0637 \u0627\u0644\u062c\u0648\u062f\u0629 \u0635\u0631\u0627\u0645\u0629\u060c \u0645\u0645\u0627 \u064a\u0648\u0641\u0631 \u0644\u0644\u0645\u062a\u0630\u0648\u0642 \u062c\u0648\u062f\u0629 \u0641\u0627\u0626\u0642\u0629 \u0645\u0639 \u0645\u062c\u0645\u0648\u0639\u0629 \u0648\u0627\u0633\u0639\u0629 \u0645\u0646 \u062a\u062c\u0627\u0631\u0628 \u0627\u0644\u062a\u0630\u0648\u0642.<\/p>","protected":false},"excerpt":{"rendered":"<p>\u0639\u0644\u0628\u0629 \u062a\u062d\u062a\u0648\u064a \u0639\u0644\u0649 16 \u0633\u064a\u062c\u0627\u0631.<\/p>","protected":false},"featured_media":77095,"template":"","meta":{"_acf_changed":false},"product_brand":[],"product_cat":[40290,19809,19812,40287],"product_tag":[],"class_list":{"0":"post-76360","1":"product","2":"type-product","3":"status-publish","4":"has-post-thumbnail","6":"product_cat-cusano-bundle-selection","7":"product_cat-cigares","8":"product_cat-cigares-dominicains","9":"product_cat-cusano","10":"product_shipping_class-cigares","12":"first","13":"outofstock","14":"sale","15":"taxable","16":"shipping-taxable","17":"purchasable","18":"product-type-simple"},"acf":[],"_links":{"self":[{"href":"https:\/\/cigarquality.com\/ar\/wp-json\/wp\/v2\/product\/76360","targetHints":{"allow":["GET"]}}],"collection":[{"href":"https:\/\/cigarquality.com\/ar\/wp-json\/wp\/v2\/product"}],"about":[{"href":"https:\/\/cigarquality.com\/ar\/wp-json\/wp\/v2\/types\/product"}],"wp:featuredmedia":[{"embeddable":true,"href":"https:\/\/cigarquality.com\/ar\/wp-json\/wp\/v2\/media\/77095"}],"wp:attachment":[{"href":"https:\/\/cigarquality.com\/ar\/wp-json\/wp\/v2\/media?parent=76360"}],"wp:term":[{"taxonomy":"product_brand","embeddable":true,"href":"https:\/\/cigarquality.com\/ar\/wp-json\/wp\/v2\/product_brand?post=76360"},{"taxonomy":"product_cat","embeddable":true,"href":"https:\/\/cigarquality.com\/ar\/wp-json\/wp\/v2\/product_cat?post=76360"},{"taxonomy":"product_tag","embeddable":true,"href":"https:\/\/cigarquality.com\/ar\/wp-json\/wp\/v2\/product_tag?post=76360"}],"curies":[{"name":"\u062f\u0628\u0644\u064a\u0648 \u0628\u064a","href":"https:\/\/api.w.org\/{rel}","templated":true}]}}