{"id":76345,"date":"2022-07-26T16:14:12","date_gmt":"2022-07-26T15:14:12","guid":{"rendered":"https:\/\/cigarquality.com\/?post_type=product&#038;p=76345"},"modified":"2026-03-02T16:29:16","modified_gmt":"2026-03-02T15:29:16","slug":"arturo-fuente-hemingway-short-story-maduro-25","status":"publish","type":"product","link":"https:\/\/cigarquality.com\/ar\/boutique\/cigares-dominicains\/arturo-fuente\/arturo-fuente-hemingway\/arturo-fuente-hemingway-short-story-maduro-25\/","title":{"rendered":"\u0623\u0631\u062a\u0648\u0631\u0648 \u0641\u0648\u064a\u0646\u062a\u064a \u0647\u0645\u0646\u063a\u0648\u0627\u064a \u0634\u0648\u0631\u062a \u0633\u062a\u0648\u0631\u064a \u0645\u0627\u062f\u0648\u0631\u0648 (25)"},"content":{"rendered":"<p><span data-sheets-value=\"{&quot;1&quot;:2,&quot;2&quot;:&quot;Le Arturo Fuente Hemingway Short Story Maduro (25) est un cigare moyennement fort avec de l\u00e9gers ar\u00f4mes de caf\u00e9 et de chocolat. Tous les Fuentes sont, selon les normes dominicaines, des cigares plut\u00f4t cors\u00e9s avec un caract\u00e8re fort, ce qui est en partie d\u00fb au fait qu'au moins quatre types diff\u00e9rents de tabac sont utilis\u00e9s pour le m\u00e9lange de remplissage. nnUn m\u00e9lange de tabacs dominicains tr\u00e8s aromatiques est utilis\u00e9 pour la tripe. La cape est recouverte d'une sous-cape dominicaine et d'une cape camerounaise.nnCe Small Perfecto mesure 100.6 mm de longueur pour 20 mm de diam\u00e8tre (bague 48). Il vous faudra environ 50 \u00e0 60 minutes pour d\u00e9guster ce cigare.n&quot;}\" data-sheets-userformat=\"{&quot;2&quot;:15357,&quot;3&quot;:{&quot;1&quot;:0},&quot;5&quot;:{&quot;1&quot;:[{&quot;1&quot;:2,&quot;2&quot;:0,&quot;5&quot;:{&quot;1&quot;:2,&quot;2&quot;:0}},{&quot;1&quot;:0,&quot;2&quot;:0,&quot;3&quot;:3},{&quot;1&quot;:1,&quot;2&quot;:0,&quot;4&quot;:1}]},&quot;6&quot;:{&quot;1&quot;:[{&quot;1&quot;:2,&quot;2&quot;:0,&quot;5&quot;:{&quot;1&quot;:2,&quot;2&quot;:0}},{&quot;1&quot;:0,&quot;2&quot;:0,&quot;3&quot;:3},{&quot;1&quot;:1,&quot;2&quot;:0,&quot;4&quot;:1}]},&quot;7&quot;:{&quot;1&quot;:[{&quot;1&quot;:2,&quot;2&quot;:0,&quot;5&quot;:{&quot;1&quot;:2,&quot;2&quot;:0}},{&quot;1&quot;:0,&quot;2&quot;:0,&quot;3&quot;:3},{&quot;1&quot;:1,&quot;2&quot;:0,&quot;4&quot;:1}]},&quot;8&quot;:{&quot;1&quot;:[{&quot;1&quot;:2,&quot;2&quot;:0,&quot;5&quot;:{&quot;1&quot;:2,&quot;2&quot;:0}},{&quot;1&quot;:0,&quot;2&quot;:0,&quot;3&quot;:3},{&quot;1&quot;:1,&quot;2&quot;:0,&quot;4&quot;:1}]},&quot;9&quot;:0,&quot;10&quot;:1,&quot;11&quot;:4,&quot;12&quot;:0,&quot;14&quot;:{&quot;1&quot;:2,&quot;2&quot;:0},&quot;15&quot;:&quot;Calibri&quot;,&quot;16&quot;:10}\">Le Arturo Fuente Hemingway Short Story Maduro (25) est un cigare moyennement fort avec de l\u00e9gers ar\u00f4mes de caf\u00e9 et de chocolat. Tous les Fuentes sont, selon les normes dominicaines, des cigares plut\u00f4t cors\u00e9s avec un caract\u00e8re fort, ce qui est en partie d\u00fb au fait qu&rsquo;au moins quatre types diff\u00e9rents de tabac sont utilis\u00e9s pour le m\u00e9lange de remplissage. <\/span><\/p>\n<p>Un m\u00e9lange de tabacs dominicains tr\u00e8s aromatiques est utilis\u00e9 pour la tripe. La cape est recouverte d&rsquo;une sous-cape dominicaine et d&rsquo;une cape camerounaise.<\/p>\n<p>Ce Small Perfecto mesure 100.6 mm de longueur pour 20 mm de diam\u00e8tre (bague 48). Il vous faudra environ 50 \u00e0 60 minutes pour d\u00e9guster ce cigare.<\/p>\n","protected":false},"excerpt":{"rendered":"<p>\u0639\u0644\u0628\u0629 \u0645\u0646 25 \u0633\u064a\u062c\u0627\u0631.<\/p>","protected":false},"featured_media":76342,"template":"","meta":{"_acf_changed":false},"product_brand":[],"product_cat":[16857,26952,19809,19812],"product_tag":[],"class_list":{"0":"post-76345","1":"product","2":"type-product","3":"status-publish","4":"has-post-thumbnail","6":"product_cat-arturo-fuente","7":"product_cat-arturo-fuente-hemingway","8":"product_cat-cigares","9":"product_cat-cigares-dominicains","10":"product_shipping_class-cigares","12":"first","13":"instock","14":"taxable","15":"shipping-taxable","16":"purchasable","17":"product-type-simple"},"acf":[],"_links":{"self":[{"href":"https:\/\/cigarquality.com\/ar\/wp-json\/wp\/v2\/product\/76345","targetHints":{"allow":["GET"]}}],"collection":[{"href":"https:\/\/cigarquality.com\/ar\/wp-json\/wp\/v2\/product"}],"about":[{"href":"https:\/\/cigarquality.com\/ar\/wp-json\/wp\/v2\/types\/product"}],"wp:featuredmedia":[{"embeddable":true,"href":"https:\/\/cigarquality.com\/ar\/wp-json\/wp\/v2\/media\/76342"}],"wp:attachment":[{"href":"https:\/\/cigarquality.com\/ar\/wp-json\/wp\/v2\/media?parent=76345"}],"wp:term":[{"taxonomy":"product_brand","embeddable":true,"href":"https:\/\/cigarquality.com\/ar\/wp-json\/wp\/v2\/product_brand?post=76345"},{"taxonomy":"product_cat","embeddable":true,"href":"https:\/\/cigarquality.com\/ar\/wp-json\/wp\/v2\/product_cat?post=76345"},{"taxonomy":"product_tag","embeddable":true,"href":"https:\/\/cigarquality.com\/ar\/wp-json\/wp\/v2\/product_tag?post=76345"}],"curies":[{"name":"\u062f\u0628\u0644\u064a\u0648 \u0628\u064a","href":"https:\/\/api.w.org\/{rel}","templated":true}]}}