{"id":62652,"date":"2022-05-03T12:13:04","date_gmt":"2022-05-03T11:13:04","guid":{"rendered":"https:\/\/cigarquality.com\/?post_type=product&#038;p=62652"},"modified":"2025-07-25T13:39:06","modified_gmt":"2025-07-25T11:39:06","slug":"rhum-cuvee-homere-clement-44-70cl","status":"publish","type":"product","link":"https:\/\/cigarquality.com\/ar\/boutique\/alcools\/rum\/clement\/rhum-cuvee-homere-clement-44-70cl\/","title":{"rendered":"\u0643\u0648\u0641\u064a\u0647 \u0647\u0648\u0645\u064a\u0631 \u0643\u0644\u064a\u0645\u0627\u0646 \u0631\u0648\u0645 44% 70 \u0633\u0646\u062a\u064a\u0644\u062a\u0631"},"content":{"rendered":"<p>\u064a\u064f\u0639\u062a\u0628\u0631 \u0646\u0628\u064a\u0630 \u0643\u0644\u064a\u0645\u0627\u0646 44% Cuv\u00e9e Hom\u00e8re Cuv\u00e9e Hom\u00e8re \u0645\u0639\u064a\u0627\u0631\u064b\u0627 \u062d\u0642\u064a\u0642\u064a\u064b\u0627 \u0628\u064a\u0646 \u0623\u0646\u0648\u0627\u0639 \u0627\u0644\u0631\u0648\u0645 \u0627\u0644\u0632\u0631\u0627\u0639\u064a\u0629. \u062a\u0633\u062a\u062e\u062f\u0645 \u0643\u0644\u064a\u0645\u0627\u0646 \u0623\u062c\u0648\u062f \u0627\u0644\u0628\u0631\u0627\u0645\u064a\u0644 \u0648\u0623\u0642\u062f\u0645\u0647\u0627 \u0641\u064a \u0646\u0628\u064a\u0630 \u0643\u0648\u0641\u064a\u0647 \u0647\u0648\u0645\u064a\u0631. \u0644\u0627 \u064a\u0645\u0643\u0646 \u0644\u0642\u0648\u0629 \u0648\u062a\u0639\u0642\u064a\u062f \"\u0639\u0635\u064a\u0631 \u0627\u0644\u0642\u0635\u0628 \u0627\u0644\u0646\u0642\u064a\" \u0623\u0646 \u062a\u062c\u062f \u0633\u0641\u064a\u0631\u064b\u0627 \u0623\u0641\u0636\u0644 \u0645\u0646 \u0647\u0630\u0647 \u0627\u0644\u0632\u062c\u0627\u062c\u0629 \u0627\u0644\u062a\u064a \u062a\u064f\u0639\u062f \u062a\u0643\u0631\u064a\u0645\u064b\u0627 \u0644\u0623\u062d\u062f \u0623\u0643\u062b\u0631 \u0627\u0644\u0634\u062e\u0635\u064a\u0627\u062a \u0627\u0644\u0631\u0645\u0632\u064a\u0629 \u0641\u064a \u0627\u0644\u0645\u0627\u0631\u062a\u064a\u0646\u064a\u0643. \u0633\u0648\u0641 \u064a\u0642\u062f\u0651\u0631 \u0639\u0634\u0627\u0642 \u0627\u0644\u0632\u062c\u0627\u062c\u0627\u062a \u0630\u0627\u062a \u0627\u0644\u0637\u0627\u0628\u0639 \u0627\u0644\u0642\u0648\u064a \u0647\u0630\u0627 \u0627\u0644\u0625\u0642\u0631\u0627\u0646 \u0627\u0644\u062d\u0627\u0633\u0645 \u0644\u0644\u063a\u0627\u064a\u0629.<\/p>","protected":false},"excerpt":{"rendered":"<p>\u0632\u062c\u0627\u062c\u0629 \u0633\u0639\u0629 70 \u0633\u0646\u062a\u064a\u0644\u062a\u0631<\/p>","protected":false},"featured_media":62650,"template":"","meta":{"_acf_changed":false},"product_brand":[],"product_cat":[21852,23726,21908],"product_tag":[],"class_list":{"0":"post-62652","1":"product","2":"type-product","3":"status-publish","4":"has-post-thumbnail","6":"product_cat-alcools","7":"product_cat-clement","8":"product_cat-rum","9":"product_shipping_class-alcool","11":"first","12":"outofstock","13":"taxable","14":"shipping-taxable","15":"purchasable","16":"product-type-simple"},"acf":[],"_links":{"self":[{"href":"https:\/\/cigarquality.com\/ar\/wp-json\/wp\/v2\/product\/62652","targetHints":{"allow":["GET"]}}],"collection":[{"href":"https:\/\/cigarquality.com\/ar\/wp-json\/wp\/v2\/product"}],"about":[{"href":"https:\/\/cigarquality.com\/ar\/wp-json\/wp\/v2\/types\/product"}],"wp:featuredmedia":[{"embeddable":true,"href":"https:\/\/cigarquality.com\/ar\/wp-json\/wp\/v2\/media\/62650"}],"wp:attachment":[{"href":"https:\/\/cigarquality.com\/ar\/wp-json\/wp\/v2\/media?parent=62652"}],"wp:term":[{"taxonomy":"product_brand","embeddable":true,"href":"https:\/\/cigarquality.com\/ar\/wp-json\/wp\/v2\/product_brand?post=62652"},{"taxonomy":"product_cat","embeddable":true,"href":"https:\/\/cigarquality.com\/ar\/wp-json\/wp\/v2\/product_cat?post=62652"},{"taxonomy":"product_tag","embeddable":true,"href":"https:\/\/cigarquality.com\/ar\/wp-json\/wp\/v2\/product_tag?post=62652"}],"curies":[{"name":"\u062f\u0628\u0644\u064a\u0648 \u0628\u064a","href":"https:\/\/api.w.org\/{rel}","templated":true}]}}