{"id":62614,"date":"2022-05-03T13:11:40","date_gmt":"2022-05-03T11:11:40","guid":{"rendered":"https:\/\/cigarquality.com\/?post_type=product&#038;p=62614"},"modified":"2026-03-11T14:20:30","modified_gmt":"2026-03-11T13:20:30","slug":"ramon-allones-perfectos-edicion-regional-suiza-2014-humidor-50","status":"publish","type":"product","link":"https:\/\/cigarquality.com\/ar\/boutique\/collection-privee\/ramon-allones-perfectos-edicion-regional-suiza-2014-humidor-50\/","title":{"rendered":"Humidor Ram\u00f3n Allones Ram\u00f3n Allones Perfectos Edici\u00f3n Regional Suiza 2014 (50)"},"content":{"rendered":"<p>\u064a\u062d\u062a\u0648\u064a \u0647\u0648\u0645\u064a\u062f\u0648\u0631 Ram\u00f3n Allones Perfectos Edici\u00f3n Regional Suiza 2014 \u0639\u0644\u0649 <strong>50 \u0633\u064a\u062c\u0627\u0631 \u0631\u0627\u0645\u0648\u0646 \u0623\u0644\u0648\u0646\u064a\u0633 \u0631\u0627\u0645\u0648\u0646 \u0623\u0644\u0648\u0646\u064a\u0633 - \u0628\u064a\u0631\u0641\u0643\u062a\u0648\u0633 - \u0625\u062f\u064a\u0633\u064a\u0648\u0646 \u0631\u064a\u062c\u064a\u0646\u0627\u0644 \u0633\u0648\u064a\u0632\u0627 2014. <\/strong>\u0627\u0644\u0635\u0646\u0639\u0629 \u0645\u0646 \u0623\u0639\u0644\u0649 \u0645\u0633\u062a\u0648\u064a\u0627\u062a \u0627\u0644\u062c\u0648\u062f\u0629 - \u062d\u0631\u0641\u064a\u0629 \u0643\u0648\u0628\u064a\u0629 \u0645\u062b\u0627\u0644\u064a\u0629 \u062a\u0645\u0627\u0645\u0627\u064b. \u062a\u0645 \u0625\u0646\u062a\u0627\u062c\u0647 \u0641\u064a \u0643\u0648\u0628\u0627 \u0645\u0646 \u0634\u0631\u0643\u0629 Humidores Habana\u060c \u0628\u0627\u0633\u062a\u062e\u062f\u0627\u0645 \u062e\u0634\u0628 \u0639\u0645\u0631\u0647 70 \u0639\u0627\u0645\u0627\u064b. \u062a\u0635\u0645\u064a\u0645 \u062c\u0647\u0627\u0632 \u0627\u0644\u062a\u0631\u0637\u064a\u0628 \u064a\u0634\u0628\u0647 \u0631\u0628\u0627\u0637 \u0631\u0627\u0645\u0648\u0646 \u0623\u0644\u0648\u0646\u064a\u0633 \u0645\u0646 \u0627\u0644\u0637\u0631\u0627\u0632 \u0627\u0644\u0642\u062f\u064a\u0645. \u0648\u0644\u0644\u062d\u0635\u0648\u0644 \u0639\u0644\u0649 \u062a\u0631\u0637\u064a\u0628 \u0645\u062b\u0627\u0644\u064a\u060c \u062a\u0645 \u062a\u0632\u0648\u064a\u062f \u0627\u0644\u0645\u0631\u0637\u0628 \u0628\u062c\u0647\u0627\u0632 \u062a\u0631\u0637\u064a\u0628 \u0623\u062f\u0648\u0631\u064a\u0646\u064a \u0633\u064a\u062c\u0627\u0631 \u0647\u064a\u0641\u0646 2. <strong>\u0625\u0635\u062f\u0627\u0631 \u0645\u062d\u062f\u0648\u062f \u0645\u0646 100\u060c \u0647\u0646\u0627 90\/100.<\/strong> <a class=\"button secondary is-secondary is-medium\" href=\"mailto:customerservices@cigarpassion.com\" target=\"_blank\" rel=\"noopener\"><br \/><\/a><\/p>","protected":false},"excerpt":{"rendered":"<p>\u0645\u0631\u0637\u0628 \u064a\u062d\u062a\u0648\u064a \u0639\u0644\u0649 50 \u0633\u064a\u062c\u0627\u0631\u0627\u064b.<\/p>","protected":false},"featured_media":62609,"template":"","meta":{"_acf_changed":false},"product_brand":[],"product_cat":[19788,19877,19873,19793,21524],"product_tag":[],"class_list":{"0":"post-62614","1":"product","2":"type-product","3":"status-publish","4":"has-post-thumbnail","6":"product_cat-collection-privee","7":"product_cat-edicion-limitada","8":"product_cat-edicion-regional","9":"product_cat-hard-to-find","10":"product_cat-humidors","11":"product_shipping_class-humidor-avec-cigares","13":"first","14":"outofstock","15":"sold-individually","16":"taxable","17":"shipping-taxable","18":"purchasable","19":"product-type-simple"},"acf":[],"_links":{"self":[{"href":"https:\/\/cigarquality.com\/ar\/wp-json\/wp\/v2\/product\/62614","targetHints":{"allow":["GET"]}}],"collection":[{"href":"https:\/\/cigarquality.com\/ar\/wp-json\/wp\/v2\/product"}],"about":[{"href":"https:\/\/cigarquality.com\/ar\/wp-json\/wp\/v2\/types\/product"}],"wp:featuredmedia":[{"embeddable":true,"href":"https:\/\/cigarquality.com\/ar\/wp-json\/wp\/v2\/media\/62609"}],"wp:attachment":[{"href":"https:\/\/cigarquality.com\/ar\/wp-json\/wp\/v2\/media?parent=62614"}],"wp:term":[{"taxonomy":"product_brand","embeddable":true,"href":"https:\/\/cigarquality.com\/ar\/wp-json\/wp\/v2\/product_brand?post=62614"},{"taxonomy":"product_cat","embeddable":true,"href":"https:\/\/cigarquality.com\/ar\/wp-json\/wp\/v2\/product_cat?post=62614"},{"taxonomy":"product_tag","embeddable":true,"href":"https:\/\/cigarquality.com\/ar\/wp-json\/wp\/v2\/product_tag?post=62614"}],"curies":[{"name":"\u062f\u0628\u0644\u064a\u0648 \u0628\u064a","href":"https:\/\/api.w.org\/{rel}","templated":true}]}}